{"id":533,"date":"2024-07-18T11:49:37","date_gmt":"2024-07-18T03:49:37","guid":{"rendered":"https:\/\/ruiqigo.com\/?post_type=product&#038;p=533"},"modified":"2024-11-15T17:02:20","modified_gmt":"2024-11-15T09:02:20","slug":"micellar-water-makeup-remover","status":"publish","type":"product","link":"https:\/\/www.ruiqigo.com\/sv\/product\/micellar-water-makeup-remover","title":{"rendered":"Micell\u00e4r vatten makeup remover"},"content":{"rendered":"<h2 class=\"wp-block-heading\">Micell\u00e4r vatten makeup remover som tillverkar vanliga formler<\/h2>\n\n\n\n<p>K\u00e4rningredienserna i Micellar Water Makeup Remover inkluderar PEG-40 hydrerad ricinolja, 1,1-hexandiol, fenoxietanol, Aloe Barbadensis l\u00f6vvatten och dinatrium EDTA, PEG-40 hydrerad ricinolja \u00e4r ett utm\u00e4rkt ytaktivt \u00e4mne som l\u00f6ser upp f\u00f6roreningar, medan 1,1-hexandienoxidantanol och phexcidenoxidantanol \u00e4r utm\u00e4rkta medel. som uppr\u00e4tth\u00e5ller produkthygien och s\u00e4kerhet. Som en p\u00e5litlig Micellar vatten makeup remover tillverkare \u00e4r aloe barbadensis bladvatten rikt p\u00e5 vitaminer, mineraler och polysackarider som ger n\u00e4ring till huden och f\u00f6rb\u00e4ttrar hudbarri\u00e4ren, medan dinatrium EDTA \u00e4r ett komplexbildande medel som f\u00f6rb\u00e4ttrar produktens stabilitet. Dessa ingredienser samverkar f\u00f6r att ge djupreng\u00f6ring och v\u00e5rda din hud.<\/p>\n\n\n\n<h2 class=\"wp-block-heading\">Micell\u00e4r vatten makeup remover till\u00e4mpliga scenarier<\/h2>\n\n\n\n<p>Denna Micellar Water Makeup Remover \u00e4r perfekt f\u00f6r daglig hudv\u00e5rd. Oavsett om det handlar om att ta bort din dagliga makeup eller att reng\u00f6ra din feta hud fr\u00e5n ansamlade orenheter, \u00e4r den l\u00e4tt att anv\u00e4nda. Den tar ocks\u00e5 effektivt bort vattenfast makeup och l\u00e4mnar din hud helt klar. Efter anv\u00e4ndning \u00e4r din hud inte bara ren och ljus, utan ocks\u00e5 lugnad och n\u00e4ring, vilket l\u00e4gger en bra grund f\u00f6r din hudv\u00e5rdsverksamhet.<\/p>\n\n\n\n<h2 class=\"wp-block-heading\">Vem \u00e4r Micellar water makeup remover l\u00e4mplig f\u00f6r<\/h2>\n\n\n\n<p>Denna Micellar Water Makeup Remover \u00e4r l\u00e4mplig f\u00f6r alla hudtyper. B\u00e5de fet och torr hud kan dra nytta av det. Den reng\u00f6r skonsamt utan att orsaka irritation eller allergiska reaktioner. Speciellt f\u00f6r sk\u00f6nhets\u00e4lskare tar den bort alla typer av smink med l\u00e4tthet och l\u00e5ter din hud se fr\u00e4sch och ny ut. Samtidigt \u00e4r den berikad med en m\u00e4ngd naturliga v\u00e4xter som ger n\u00e4ring och skyddar huden, s\u00e5 att du kan njuta av v\u00e5rden samtidigt som du tar bort smink.<\/p>\n\n\n\n<h2 class=\"wp-block-heading\">Produktionsprocess f\u00f6r micell\u00e4r vatten makeup remover<\/h2>\n\n\n\n<p>Vi anv\u00e4nder en unik micelleteknologi f\u00f6r att skapa denna sminkborttagare. F\u00f6rst kombinerar vi ytaktiva \u00e4mnen som PEG-40 Hydrogenated Castor Oil med vatten f\u00f6r att bilda en stabil micell\u00e4r struktur. Som en p\u00e5litlig tillverkare av Micellar vatten makeup remover, kapslar dessa miceller effektivt in smuts och sminkrester, l\u00f6ser upp och tar bort dem p\u00e5 ett skonsamt s\u00e4tt. Hudv\u00e5rdsingredienser som Aloe Barbadensis Leaf Water och Dinatrium EDTA tills\u00e4tts sedan f\u00f6r att ge produkten \u00e4nnu st\u00f6rre n\u00e4ring och skydd.<\/p>","protected":false},"excerpt":{"rendered":"Micellar water makeup remover manufacturing common formulas The core ingredients of Micellar Water Makeup Remover include PEG-40 Hydrogenated Castor Oil, 1,1-Hexanediol, Phenoxyethanol, Aloe Barbadensis Leaf Water and Disodium EDTA, PEG-40 Hydrogenated Castor Oil is an excellent surfactant that dissolves contaminants, while 1,1-Hexanediol and Phenoxyethanol are excellent bactericidal and antiseptic agents that maintain product hygiene and [&hellip;]","protected":false},"featured_media":542,"menu_order":0,"template":"","meta":[],"product-tag":[],"products":[66],"class_list":["post-533","product","type-product","status-publish","has-post-thumbnail","hentry","products-makeup-remover"],"acf":[],"_links":{"self":[{"href":"https:\/\/www.ruiqigo.com\/sv\/wp-json\/wp\/v2\/product\/533","targetHints":{"allow":["GET"]}}],"collection":[{"href":"https:\/\/www.ruiqigo.com\/sv\/wp-json\/wp\/v2\/product"}],"about":[{"href":"https:\/\/www.ruiqigo.com\/sv\/wp-json\/wp\/v2\/types\/product"}],"version-history":[{"count":0,"href":"https:\/\/www.ruiqigo.com\/sv\/wp-json\/wp\/v2\/product\/533\/revisions"}],"wp:featuredmedia":[{"embeddable":true,"href":"https:\/\/www.ruiqigo.com\/sv\/wp-json\/wp\/v2\/media\/542"}],"wp:attachment":[{"href":"https:\/\/www.ruiqigo.com\/sv\/wp-json\/wp\/v2\/media?parent=533"}],"wp:term":[{"taxonomy":"product-tag","embeddable":true,"href":"https:\/\/www.ruiqigo.com\/sv\/wp-json\/wp\/v2\/product-tag?post=533"},{"taxonomy":"products","embeddable":true,"href":"https:\/\/www.ruiqigo.com\/sv\/wp-json\/wp\/v2\/products?post=533"}],"curies":[{"name":"wp","href":"https:\/\/api.w.org\/{rel}","templated":true}]}}