{"id":546,"date":"2024-07-18T12:00:46","date_gmt":"2024-07-18T04:00:46","guid":{"rendered":"https:\/\/ruiqigo.com\/?post_type=product&#038;p=546"},"modified":"2024-11-15T17:01:26","modified_gmt":"2024-11-15T09:01:26","slug":"oil-free-makeup-remover","status":"publish","type":"product","link":"https:\/\/www.ruiqigo.com\/sv\/product\/oil-free-makeup-remover","title":{"rendered":"Oljefri sminkborttagare"},"content":{"rendered":"<h2 class=\"wp-block-heading\">Oljefri sminkborttagare som tillverkar vanliga formler<\/h2>\n\n\n\n<p>K\u00e4rningredienserna i denna produkt inkluderar Poroxam 184 och Camellia sinensis-extrakt. Peloxam 184 \u00e4r ett nonjoniskt ytaktivt \u00e4mne med utm\u00e4rkt reng\u00f6rings- och solubiliserande f\u00f6rm\u00e5ga, som effektivt kan l\u00f6sa upp alla typer av kosmetika. Som en p\u00e5litlig oljefri sminkborttagningstillverkare \u00e4r Camellia Extract, \u00e5 andra sidan, rikt p\u00e5 antioxidanter och n\u00e4rings\u00e4mnen som ger n\u00e4ring till huden och lindrar torrhet och stramhet som orsakas av sminkborttagningsprocessen.<\/p>\n\n\n\n<h2 class=\"wp-block-heading\">Oljefri sminkborttagare till\u00e4mpliga scenarier<\/h2>\n\n\n\n<p>Denna oljefria sminkborttagare kan anv\u00e4ndas i en m\u00e4ngd olika scenarier. Oavsett om det handlar om att ta bort daglig makeup, djupreng\u00f6ra ansamlade orenheter efter en god natts s\u00f6mn eller att reng\u00f6ra huden fr\u00e5n solskyddsmedel efter en aktiv dag utomhus, g\u00f6r den ett bra jobb med att ta bort smink. Den l\u00e4mpar sig \u00e4ven f\u00f6r personer med speciella hudbehov, s\u00e5som k\u00e4nslig hud, torr hud etc., och ger skonsam v\u00e5rd f\u00f6r huden.<\/p>\n\n\n\n<h2 class=\"wp-block-heading\">Vem \u00e4r oljefri sminkborttagare l\u00e4mplig f\u00f6r<\/h2>\n\n\n\n<p>Denna produkt riktar sig till tj\u00e4nstem\u00e4n i urbana st\u00e4der som letar efter frisk hud. B\u00e5de kontorsanst\u00e4llda och studenter kan v\u00e4lja att anv\u00e4nda den efter sina egna hudf\u00f6rh\u00e5llanden. F\u00f6r fet hud och kombinerad hud kan den effektivt reng\u00f6ra porer och kontrollera olja; f\u00f6r torr hud eller k\u00e4nslig hud kan den \u00e4ven ge skonsam n\u00e4ring f\u00f6r att bibeh\u00e5lla hudbarri\u00e4ren.<\/p>\n\n\n\n<h2 class=\"wp-block-heading\">Produktionsprocess f\u00f6r oljefri makeup remover<\/h2>\n\n\n\n<p>V\u00e5r avancerade micell\u00e4ra teknologi utnyttjar ytaktiva \u00e4mnens unika egenskaper f\u00f6r att helt emulgera vatten- och oljefaserna f\u00f6r att bilda sm\u00e5 micell\u00e4ra partiklar under tillverkningsprocessen. Denna teknik minskar inte bara vatten- och energif\u00f6rbrukningen avsev\u00e4rt, utan resulterar ocks\u00e5 i en produkt som \u00e4r fr\u00e4sch och mjuk, utan att belasta huden. Som en p\u00e5litlig tillverkare av oljefria sminkborttagare har vi ocks\u00e5 valt biologiskt nedbrytbart dinatrium EDTA som komplexbildare och ers\u00e4tter de sv\u00e5rbrytbara ingredienserna i traditionella sminkborttagare f\u00f6r att minimera p\u00e5verkan p\u00e5 milj\u00f6n.<\/p>","protected":false},"excerpt":{"rendered":"Oil free makeup remover manufacturing common formulas The core ingredients of this product include Poroxam 184 and Camellia sinensis extract. Peloxam 184 is a non-ionic surfactant with excellent cleansing and solubilizing ability, which can effectively dissolve all kinds of cosmetics. As a reliable Oil free makeup remover manufacturer, camellia Extract, on the other hand, is [&hellip;]","protected":false},"featured_media":547,"menu_order":0,"template":"","meta":[],"product-tag":[],"products":[66],"class_list":["post-546","product","type-product","status-publish","has-post-thumbnail","hentry","products-makeup-remover"],"acf":[],"_links":{"self":[{"href":"https:\/\/www.ruiqigo.com\/sv\/wp-json\/wp\/v2\/product\/546","targetHints":{"allow":["GET"]}}],"collection":[{"href":"https:\/\/www.ruiqigo.com\/sv\/wp-json\/wp\/v2\/product"}],"about":[{"href":"https:\/\/www.ruiqigo.com\/sv\/wp-json\/wp\/v2\/types\/product"}],"version-history":[{"count":0,"href":"https:\/\/www.ruiqigo.com\/sv\/wp-json\/wp\/v2\/product\/546\/revisions"}],"wp:featuredmedia":[{"embeddable":true,"href":"https:\/\/www.ruiqigo.com\/sv\/wp-json\/wp\/v2\/media\/547"}],"wp:attachment":[{"href":"https:\/\/www.ruiqigo.com\/sv\/wp-json\/wp\/v2\/media?parent=546"}],"wp:term":[{"taxonomy":"product-tag","embeddable":true,"href":"https:\/\/www.ruiqigo.com\/sv\/wp-json\/wp\/v2\/product-tag?post=546"},{"taxonomy":"products","embeddable":true,"href":"https:\/\/www.ruiqigo.com\/sv\/wp-json\/wp\/v2\/products?post=546"}],"curies":[{"name":"wp","href":"https:\/\/api.w.org\/{rel}","templated":true}]}}