{"id":551,"date":"2024-07-18T14:36:33","date_gmt":"2024-07-18T06:36:33","guid":{"rendered":"https:\/\/ruiqigo.com\/?post_type=product&#038;p=551"},"modified":"2024-11-15T17:00:56","modified_gmt":"2024-11-15T09:00:56","slug":"coconut-oil-makeup-remover","status":"publish","type":"product","link":"https:\/\/www.ruiqigo.com\/sv\/product\/coconut-oil-makeup-remover","title":{"rendered":"Sminkborttagare f\u00f6r kokosn\u00f6tsolja"},"content":{"rendered":"<h2 class=\"wp-block-heading\">Vanliga formler f\u00f6r tillverkning av sminkborttagare f\u00f6r kokosolja<\/h2>\n\n\n\n<p>K\u00e4rningredienserna i denna produkt inkluderar kokosolja, tokoferoler och solrosolja. Kokosolja \u00e4r rik p\u00e5 fettsyror som laurinsyra och stearinsyra, vilka har utm\u00e4rkta l\u00f6sliga och reng\u00f6rande f\u00f6rm\u00e5gor f\u00f6r att ta bort alla typer av smink. Tokoferol \u00e4r en kraftfull naturlig antioxidant som reparerar och skyddar huden fr\u00e5n milj\u00f6skador. Som en p\u00e5litlig tillverkare av sminkborttagningsmedel med kokosolja vet vi att solrosolja, rik p\u00e5 E-vitamin och linolensyra, ger huden djupg\u00e5ende n\u00e4ring och lindrar torrhet och stramhet.<\/p>\n\n\n\n<h2 class=\"wp-block-heading\">Till\u00e4mpliga scenarier f\u00f6r sminkborttagning av kokosolja<\/h2>\n\n\n\n<p>Kokosolja-sminkborttagaren passar f\u00f6r en m\u00e4ngd olika anv\u00e4ndningsomr\u00e5den. Denna kokosolja-sminkborttagare kan anv\u00e4ndas i en m\u00e4ngd olika situationer. Oavsett om det g\u00e4ller att ta bort daglig makeup, djupreng\u00f6ra ackumulerade orenheter eller reng\u00f6ra huden f\u00f6re s\u00e4ngg\u00e5endet, \u00e4r det ett utm\u00e4rkt s\u00e4tt att reng\u00f6ra och ge n\u00e4ring. Den \u00e4r ocks\u00e5 idealisk f\u00f6r dig som \u00e4lskar naturlig hudv\u00e5rd, eftersom den skonsamt v\u00e5rdar huden.<\/p>\n\n\n\n<h2 class=\"wp-block-heading\">F\u00f6r vem \u00e4r kokosolja-makeupborttagare l\u00e4mplig<\/h2>\n\n\n\n<p>Denna produkt riktar sig till kvinnor i stadsmilj\u00f6 som s\u00f6ker en h\u00e4lsosam och naturlig hud. Oavsett om du \u00e4r kontorsarbetare, student eller en naturlig v\u00e5rdgivare kan du v\u00e4lja att anv\u00e4nda produkten utifr\u00e5n ditt hudtillst\u00e5nd. F\u00f6r torr och k\u00e4nslig hud kan den ge riklig \u00e5terfuktning och n\u00e4ring, lindra torrhet och stramhet; f\u00f6r kombinerad eller fet hud kan den \u00e4ven reng\u00f6ra porerna och reglera oljan.<\/p>\n\n\n\n<h2 class=\"wp-block-heading\">Produktionsprocess f\u00f6r sminkborttagning av kokosolja<\/h2>\n\n\n\n<p>Vi anv\u00e4nder en avancerad kallpressningsprocess f\u00f6r att exakt blanda naturliga v\u00e4xtoljor som kokosolja, tokoferol och solrosfr\u00f6olja f\u00f6r att s\u00e4kerst\u00e4lla att alla n\u00e4rings\u00e4mnen bevaras under produktionsprocessen. Som en p\u00e5litlig tillverkare av sminkborttagningsmedel f\u00f6r kokosolja anv\u00e4nder vi ocks\u00e5 en l\u00e5gtemperaturfyllningsprocess f\u00f6r att undvika att n\u00e4rings\u00e4mnen f\u00f6rst\u00f6rs av h\u00f6ga temperaturer. J\u00e4mf\u00f6rt med traditionella sminkborttagningsmedel \u00e4r hela processen gr\u00f6n och milj\u00f6v\u00e4nlig.<\/p>","protected":false},"excerpt":{"rendered":"Coconut oil makeup remover manufacturing common formulas The core ingredients of this product include coconut oil, tocopherols and sunflower seed oil. Coconut oil is rich in fatty acids such as lauric acid and stearic acid, which have excellent solubilizing and cleansing abilities to remove all types of makeup. Tocopherol is a powerful natural antioxidant that [&hellip;]","protected":false},"featured_media":552,"menu_order":0,"template":"","meta":[],"product-tag":[],"products":[66],"class_list":["post-551","product","type-product","status-publish","has-post-thumbnail","hentry","products-makeup-remover"],"acf":[],"_links":{"self":[{"href":"https:\/\/www.ruiqigo.com\/sv\/wp-json\/wp\/v2\/product\/551","targetHints":{"allow":["GET"]}}],"collection":[{"href":"https:\/\/www.ruiqigo.com\/sv\/wp-json\/wp\/v2\/product"}],"about":[{"href":"https:\/\/www.ruiqigo.com\/sv\/wp-json\/wp\/v2\/types\/product"}],"version-history":[{"count":0,"href":"https:\/\/www.ruiqigo.com\/sv\/wp-json\/wp\/v2\/product\/551\/revisions"}],"wp:featuredmedia":[{"embeddable":true,"href":"https:\/\/www.ruiqigo.com\/sv\/wp-json\/wp\/v2\/media\/552"}],"wp:attachment":[{"href":"https:\/\/www.ruiqigo.com\/sv\/wp-json\/wp\/v2\/media?parent=551"}],"wp:term":[{"taxonomy":"product-tag","embeddable":true,"href":"https:\/\/www.ruiqigo.com\/sv\/wp-json\/wp\/v2\/product-tag?post=551"},{"taxonomy":"products","embeddable":true,"href":"https:\/\/www.ruiqigo.com\/sv\/wp-json\/wp\/v2\/products?post=551"}],"curies":[{"name":"wp","href":"https:\/\/api.w.org\/{rel}","templated":true}]}}