{"id":561,"date":"2024-07-18T15:02:16","date_gmt":"2024-07-18T07:02:16","guid":{"rendered":"https:\/\/ruiqigo.com\/?post_type=product&#038;p=561"},"modified":"2024-11-06T14:35:11","modified_gmt":"2024-11-06T06:35:11","slug":"moisturizing-facial-lotion","status":"publish","type":"product","link":"https:\/\/www.ruiqigo.com\/sv\/product\/moisturizing-facial-lotion","title":{"rendered":"Fuktgivande ansiktslotion"},"content":{"rendered":"<h3 class=\"wp-block-heading\">Fuktgivande ansiktslotion som tillverkar vanliga formler<\/h3>\n\n\n\n<p>Etylhexylglycerin: en mild fuktighetskr\u00e4m som st\u00e4rker hudens naturliga barri\u00e4r och minskar fuktf\u00f6rlusten. Centella Asiatica bladextrakt: K\u00e4nt f\u00f6r sina kraftfulla \u00e5terst\u00e4llande och lugnande egenskaper, hj\u00e4lper det till att minimera rodnad och irritation. Som en p\u00e5litlig Moisturizing Facial Lotion-tillverkare vet vi att North American Witch Hazel Water: Inneh\u00e5ller naturliga v\u00e4xter som hj\u00e4lper till att reglera hudens olja och stramar upp porerna f\u00f6r att h\u00e5lla huden fr\u00e4sch. Camellia Sinensis Flower Extract: Rik p\u00e5 antioxidanter, hj\u00e4lper det att skydda huden fr\u00e5n milj\u00f6p\u00e5frestningar samtidigt som det ger n\u00e4ring och \u00e5terfuktning.<\/p>\n\n\n\n<h3 class=\"wp-block-heading\">Fuktgivande ansiktslotion Till\u00e4mpliga scenarier<\/h3>\n\n\n\n<p>Moisturizing Facial Lotion \u00e4r l\u00e4mplig f\u00f6r flera delar av din hudv\u00e5rdsrutin. Oavsett om det \u00e4r p\u00e5 morgonen efter reng\u00f6ring eller p\u00e5 kv\u00e4llen efter att du tagit bort smink, ger den l\u00e5ngvarig \u00e5terfuktning till huden. Den \u00e4r ocks\u00e5 l\u00e4mplig f\u00f6r anv\u00e4ndning under torra \u00e5rstider eller l\u00e5nga tidsperioder i luftkonditionerade milj\u00f6er f\u00f6r att skydda huden fr\u00e5n de negativa effekterna av den yttre milj\u00f6n.<\/p>\n\n\n\n<h3 class=\"wp-block-heading\">Vem \u00e4r Moisturizing Facial Lotion-kostym f\u00f6r<\/h3>\n\n\n\n<p>Denna lotion \u00e4r l\u00e4mplig f\u00f6r alla hudtyper, speciellt torr, uttorkad eller k\u00e4nslig hud. Den \u00e4r idealisk f\u00f6r konsumenter som letar efter naturlig hudv\u00e5rd och effektiva fuktgivande effekter. Samtidigt, f\u00f6r hud som beh\u00f6ver extra lugnande och reparerande, ger Centella Asiatica Leaf Extract och Camellia Sinensis Flower Extract ytterligare v\u00e5rd.<\/p>\n\n\n\n<h3 class=\"wp-block-heading\">Produktionsprocess f\u00f6r fuktgivande ansiktslotion<\/h3>\n\n\n\n<p>Under produktionen av v\u00e5r Moisturizing Facial Lotion anv\u00e4nder vi avancerad emulgeringsteknik f\u00f6r att s\u00e4kerst\u00e4lla stabiliteten och hudv\u00e4nligheten hos lotionen. Som en v\u00e4rdig Moisturizing Facial Lotion-tillverkare optimerar vi emulsionens konsistens och fuktgivande effekt genom att exakt kontrollera ingrediensf\u00f6rh\u00e5llanden och produktionsf\u00f6rh\u00e5llanden. Dessutom anv\u00e4nder vi aseptisk fyllningsteknik f\u00f6r att s\u00e4kerst\u00e4lla renheten och s\u00e4kerheten hos v\u00e5ra produkter.<\/p>","protected":false},"excerpt":{"rendered":"Moisturizing Facial lotion manufacturing Common Formulas Ethylhexylglycerin: a gentle moisturizer that strengthens the skin&#8217;s natural barrier and reduces moisture loss. Centella Asiatica Leaf Extract: Known for its powerful restorative and soothing properties, it helps minimize redness and irritation. As a reliable Moisturizing Facial lotion manufacturer, we know that North American Witch Hazel Water: Contains natural [&hellip;]","protected":false},"featured_media":562,"menu_order":0,"template":"","meta":[],"product-tag":[],"products":[70],"class_list":["post-561","product","type-product","status-publish","has-post-thumbnail","hentry","products-moisturizing-lotion"],"acf":[],"_links":{"self":[{"href":"https:\/\/www.ruiqigo.com\/sv\/wp-json\/wp\/v2\/product\/561","targetHints":{"allow":["GET"]}}],"collection":[{"href":"https:\/\/www.ruiqigo.com\/sv\/wp-json\/wp\/v2\/product"}],"about":[{"href":"https:\/\/www.ruiqigo.com\/sv\/wp-json\/wp\/v2\/types\/product"}],"version-history":[{"count":0,"href":"https:\/\/www.ruiqigo.com\/sv\/wp-json\/wp\/v2\/product\/561\/revisions"}],"wp:featuredmedia":[{"embeddable":true,"href":"https:\/\/www.ruiqigo.com\/sv\/wp-json\/wp\/v2\/media\/562"}],"wp:attachment":[{"href":"https:\/\/www.ruiqigo.com\/sv\/wp-json\/wp\/v2\/media?parent=561"}],"wp:term":[{"taxonomy":"product-tag","embeddable":true,"href":"https:\/\/www.ruiqigo.com\/sv\/wp-json\/wp\/v2\/product-tag?post=561"},{"taxonomy":"products","embeddable":true,"href":"https:\/\/www.ruiqigo.com\/sv\/wp-json\/wp\/v2\/products?post=561"}],"curies":[{"name":"wp","href":"https:\/\/api.w.org\/{rel}","templated":true}]}}