{"id":566,"date":"2024-07-18T15:16:04","date_gmt":"2024-07-18T07:16:04","guid":{"rendered":"https:\/\/ruiqigo.com\/?post_type=product&#038;p=566"},"modified":"2024-11-06T14:05:41","modified_gmt":"2024-11-06T06:05:41","slug":"olive-oil-moisturizing-lotion","status":"publish","type":"product","link":"https:\/\/www.ruiqigo.com\/sv\/product\/olive-oil-moisturizing-lotion","title":{"rendered":"Olivolja fuktgivande lotion"},"content":{"rendered":"<h3 class=\"wp-block-heading\">Tillverkning av \u00e5terfuktande lotion av olivolja Vanliga formler<\/h3>\n\n\n\n<p>De aktiva ingredienserna i Olive Oil Moisturizing Lotion inneh\u00e5ller huvudsakligen olivoljeextrakt, hyaluronsyra och \u00e5terfuktande faktor. Olivoljeextrakt \u00e4r rikt p\u00e5 om\u00e4ttade fettsyror som oljesyra, vilket hj\u00e4lper till att s\u00e4nka kolesterolet, skyddar hj\u00e4rth\u00e4lsan och har antioxidativa egenskaper. Som en ledande tillverkare av \u00e5terfuktande lotioner med olivoljeextrakt vet vi att hyaluronsyra \u00e4r en \u00f6verl\u00e4gsen \u00e5terfuktande ingrediens som b\u00e4r mer \u00e4n 500 g\u00e5nger sin egen vikt i vatten f\u00f6r att \u00e5terfukta huden p\u00e5 djupet. Dessutom hj\u00e4lper \u00e5terfuktande faktorn huden att binda fukt och bibeh\u00e5lla hudens \u00e5terfuktning.<\/p>\n\n\n\n<h3 class=\"wp-block-heading\">\u00c5terfuktande lotion med olivolja Till\u00e4mpliga scenarier<\/h3>\n\n\n\n<p>Olive Oil Moisturizing Lotion passar f\u00f6r en m\u00e4ngd olika situationer, inklusive daglig hudv\u00e5rd, torra milj\u00f6er, luftkonditionerade rum och efter utomhusaktiviteter. Den \u00e4r s\u00e4rskilt l\u00e4mplig f\u00f6r personer som ofta befinner sig i torra milj\u00f6er. Anv\u00e4nds tv\u00e5 g\u00e5nger i veckan hj\u00e4lper den huden att b\u00e4ttre bek\u00e4mpa torra milj\u00f6er, f\u00f6rb\u00e4ttrar torrhet och f\u00f6rstorade porer orsakade av solexponering och h\u00e5ller huden fr\u00e4sch och \u00e5terfuktad.<\/p>\n\n\n\n<h3 class=\"wp-block-heading\">F\u00f6r vem passar \u00e5terfuktande lotion med olivolja?<\/h3>\n\n\n\n<p>\u00c5terfuktande lotion med olivolja passar alla typer av m\u00e4nniskor, s\u00e4rskilt de som beh\u00f6ver extra \u00e5terfuktande och n\u00e4rande hud. Den \u00e4r l\u00e4mplig f\u00f6r sp\u00e4dbarn, gravida kvinnor och ammande m\u00f6drar eftersom n\u00e4rings\u00e4mnena i olivolja liknar br\u00f6stmj\u00f6lks, vilka l\u00e4tt absorberas och fr\u00e4mjar tillv\u00e4xt och utveckling av sp\u00e4dbarns nerver och ben. Den \u00e4r ocks\u00e5 l\u00e4mplig f\u00f6r kvinnor som \u00e4lskar sk\u00f6nhet eftersom den inneh\u00e5ller antioxidanta \u00e4mnen som kan eliminera ansiktsrynkor och f\u00f6rhindra hudens \u00e5ldrande. Dessutom kan \u00e5terfuktande lotion med olivolja ge l\u00e4mpliga hudv\u00e5rds- och h\u00e4lsoeffekter f\u00f6r patienter med hj\u00e4rt-k\u00e4rlsjukdomar och cerebrovaskul\u00e4ra sjukdomar, diabetes, gastrit och mags\u00e5r, s\u00e5v\u00e4l som personer med d\u00e5lig h\u00e4lsa.<\/p>\n\n\n\n<h3 class=\"wp-block-heading\">Produktionsprocess f\u00f6r \u00e5terfuktande lotion av olivolja<\/h3>\n\n\n\n<p>\u00c5terfuktande lotion f\u00f6r olivolja anv\u00e4nder unik h\u00f6gteknologisk extraktionsteknik och importerad professionell emulgeringsutrustning. Under produktionsprocessen \u00e4gnas s\u00e4rskild uppm\u00e4rksamhet \u00e5t att bevara olivoljans naturliga n\u00e4rings\u00e4mnen utan uppv\u00e4rmning och kemisk behandling f\u00f6r att s\u00e4kerst\u00e4lla att olivoljeextraktet i produkten bibeh\u00e5ller sin naturliga aktivitet. Dessutom, som en ledande tillverkare av \u00e5terfuktande lotioner f\u00f6r olivolja, har produkterna godk\u00e4nts av dermatologer och marknadstester under forsknings- och utvecklingsprocessen f\u00f6r att s\u00e4kerst\u00e4lla deras s\u00e4kerhet och effektivitet.<\/p>","protected":false},"excerpt":{"rendered":"Olive oil moisturizing lotion manufacturing Common Formulas The active ingredients of Olive Oil Moisturizing Lotion mainly include Olive Oil Extract, Hyaluronic Acid and Moisturizing Factor. Olive Oil Extract is rich in unsaturated fatty acids such as Oleic Acid, which helps lower cholesterol, protects heart health and has antioxidant properties. As a leading Olive oil moisturizing [&hellip;]","protected":false},"featured_media":567,"menu_order":0,"template":"","meta":[],"product-tag":[],"products":[70],"class_list":["post-566","product","type-product","status-publish","has-post-thumbnail","hentry","products-moisturizing-lotion"],"acf":[],"_links":{"self":[{"href":"https:\/\/www.ruiqigo.com\/sv\/wp-json\/wp\/v2\/product\/566","targetHints":{"allow":["GET"]}}],"collection":[{"href":"https:\/\/www.ruiqigo.com\/sv\/wp-json\/wp\/v2\/product"}],"about":[{"href":"https:\/\/www.ruiqigo.com\/sv\/wp-json\/wp\/v2\/types\/product"}],"version-history":[{"count":0,"href":"https:\/\/www.ruiqigo.com\/sv\/wp-json\/wp\/v2\/product\/566\/revisions"}],"wp:featuredmedia":[{"embeddable":true,"href":"https:\/\/www.ruiqigo.com\/sv\/wp-json\/wp\/v2\/media\/567"}],"wp:attachment":[{"href":"https:\/\/www.ruiqigo.com\/sv\/wp-json\/wp\/v2\/media?parent=566"}],"wp:term":[{"taxonomy":"product-tag","embeddable":true,"href":"https:\/\/www.ruiqigo.com\/sv\/wp-json\/wp\/v2\/product-tag?post=566"},{"taxonomy":"products","embeddable":true,"href":"https:\/\/www.ruiqigo.com\/sv\/wp-json\/wp\/v2\/products?post=566"}],"curies":[{"name":"wp","href":"https:\/\/api.w.org\/{rel}","templated":true}]}}