{"id":571,"date":"2024-07-18T15:56:32","date_gmt":"2024-07-18T07:56:32","guid":{"rendered":"https:\/\/ruiqigo.com\/?post_type=product&#038;p=571"},"modified":"2024-11-15T17:00:29","modified_gmt":"2024-11-15T09:00:29","slug":"marula-facial-oil","status":"publish","type":"product","link":"https:\/\/www.ruiqigo.com\/sv\/product\/marula-facial-oil","title":{"rendered":"Marula ansiktsolja"},"content":{"rendered":"<h2 class=\"wp-block-heading\">Marula ansiktsolja som tillverkar vanliga formler<\/h2>\n\n\n\n<p>Burr&#039;s Hard Walnut Seed Oil \u00e4r rik p\u00e5 antioxidanter och essentiella fettsyror, denna olja ger huden n\u00e4ring p\u00e5 djupet och f\u00f6rb\u00e4ttrar dess elasticitet och \u00e5terfuktande f\u00f6rm\u00e5ga. Jojoba Seed Oil: En utm\u00e4rkt fuktkr\u00e4m, Jojoba Seed Oil penetrerar snabbt huden f\u00f6r att minska torrhet och str\u00e4vhet samtidigt som den reglerar hudens oljebalans. Som en ledande tillverkare av Marula-ansiktsolja vet vi att entaerytritol Ester fungerar som ett milt emulgeringsmedel f\u00f6r att bibeh\u00e5lla fukt och f\u00f6rb\u00e4ttra hudens barri\u00e4rfunktion.<\/p>\n\n\n\n<h2 class=\"wp-block-heading\">Till\u00e4mpliga scenarier f\u00f6r Marula ansiktsolja<\/h2>\n\n\n\n<p>Marula Facial Oil \u00e4r l\u00e4mplig f\u00f6r flera aspekter av din hudv\u00e5rdsrutin. Oavsett om det \u00e4r p\u00e5 morgonen efter reng\u00f6ring eller p\u00e5 kv\u00e4llen efter att du tagit bort smink, ger den l\u00e5ngvarig \u00e5terfuktning till huden. Den \u00e4r ocks\u00e5 l\u00e4mplig f\u00f6r anv\u00e4ndning under torra \u00e5rstider eller l\u00e5nga tidsperioder i luftkonditionerade milj\u00f6er f\u00f6r att skydda huden fr\u00e5n de negativa effekterna av den yttre milj\u00f6n.<\/p>\n\n\n\n<h2 class=\"wp-block-heading\">Vem \u00e4r Marula ansiktsolja l\u00e4mplig f\u00f6r<\/h2>\n\n\n\n<p>Denna ansiktsolja \u00e4r l\u00e4mplig f\u00f6r alla hudtyper, speciellt torr, uttorkad eller k\u00e4nslig hud. Marula Facial Oil \u00e4r idealisk f\u00f6r konsumenter som letar efter naturliga ingredienser och effektiva fuktgivande effekter. Den \u00e4r s\u00e4rskilt l\u00e4mplig f\u00f6r dem som beh\u00f6ver f\u00f6rb\u00e4ttra torr, grov eller mogen hud.<\/p>\n\n\n\n<h2 class=\"wp-block-heading\">Marula ansiktsoljeproduktionsprocess<\/h2>\n\n\n\n<p>I produktionen av Marula Facial Oil anv\u00e4nder vi avancerad kallpressningsteknik f\u00f6r att extrahera Burr Hard Walnut Seed Oil och Jojoba Seed Oil f\u00f6r att bevara deras naturliga n\u00e4rings\u00e4mnen. Genom att exakt kontrollera emulgeringsprocessen och produktionsf\u00f6rh\u00e5llandena s\u00e4kerst\u00e4ller vi att ansiktsoljorna \u00e4r stabila och hudv\u00e4nliga. Dessutom anv\u00e4nder vi aseptisk fyllningsteknik f\u00f6r att s\u00e4kerst\u00e4lla renheten och s\u00e4kerheten hos v\u00e5ra produkter. Som en professionell Marula-ansiktsoljetillverkare f\u00f6ljer hela produktionsprocessen strikta kvalitetskontrollstandarder f\u00f6r att s\u00e4kerst\u00e4lla att varje flaska ansiktsolja ger b\u00e5de effektiv \u00e5terfuktning och skonsam v\u00e5rd.<\/p>","protected":false},"excerpt":{"rendered":"Marula facial oil manufacturing common formulas Burr&#8217;s Hard Walnut Seed Oil is rich in antioxidants and essential fatty acids, this oil deeply nourishes the skin and improves its elasticity and moisturizing ability. Jojoba Seed Oil: An excellent moisturizer, Jojoba Seed Oil quickly penetrates the skin to reduce dryness and roughness while regulating the skin&#8217;s oil [&hellip;]","protected":false},"featured_media":572,"menu_order":0,"template":"","meta":[],"product-tag":[],"products":[62],"class_list":["post-571","product","type-product","status-publish","has-post-thumbnail","hentry","products-facial-oil"],"acf":[],"_links":{"self":[{"href":"https:\/\/www.ruiqigo.com\/sv\/wp-json\/wp\/v2\/product\/571","targetHints":{"allow":["GET"]}}],"collection":[{"href":"https:\/\/www.ruiqigo.com\/sv\/wp-json\/wp\/v2\/product"}],"about":[{"href":"https:\/\/www.ruiqigo.com\/sv\/wp-json\/wp\/v2\/types\/product"}],"version-history":[{"count":0,"href":"https:\/\/www.ruiqigo.com\/sv\/wp-json\/wp\/v2\/product\/571\/revisions"}],"wp:featuredmedia":[{"embeddable":true,"href":"https:\/\/www.ruiqigo.com\/sv\/wp-json\/wp\/v2\/media\/572"}],"wp:attachment":[{"href":"https:\/\/www.ruiqigo.com\/sv\/wp-json\/wp\/v2\/media?parent=571"}],"wp:term":[{"taxonomy":"product-tag","embeddable":true,"href":"https:\/\/www.ruiqigo.com\/sv\/wp-json\/wp\/v2\/product-tag?post=571"},{"taxonomy":"products","embeddable":true,"href":"https:\/\/www.ruiqigo.com\/sv\/wp-json\/wp\/v2\/products?post=571"}],"curies":[{"name":"wp","href":"https:\/\/api.w.org\/{rel}","templated":true}]}}