{"id":576,"date":"2024-07-18T16:27:29","date_gmt":"2024-07-18T08:27:29","guid":{"rendered":"https:\/\/ruiqigo.com\/?post_type=product&#038;p=576"},"modified":"2024-11-15T16:59:41","modified_gmt":"2024-11-15T08:59:41","slug":"coconut-facial-oil","status":"publish","type":"product","link":"https:\/\/www.ruiqigo.com\/sv\/product\/coconut-facial-oil","title":{"rendered":"Kokos ansiktsolja"},"content":{"rendered":"<h2 class=\"wp-block-heading\">Kokosn\u00f6tsansiktsolja som tillverkar vanliga formler<\/h2>\n\n\n\n<p>Kokosolja, som h\u00e4rr\u00f6r fr\u00e5n den tropiska kokosn\u00f6tsfrukten, \u00e4r rik p\u00e5 en m\u00e4ngd olika vitaminer och mineraler, har en bra fuktgivande och \u00e5terst\u00e4llande effekt, kan ge huden n\u00e4ring p\u00e5 djupet, f\u00f6rb\u00e4ttra hudbarri\u00e4rfunktionen. Jojobafr\u00f6olja, extraherad fr\u00e5n jojobav\u00e4xten, dess molekyl\u00e4ra struktur liknar m\u00e4nsklig talg, l\u00e4tt att absorberas av huden, reglerar effektivt hudens vatten-oljebalans, f\u00f6r att lindra torrhet och str\u00e4vhet. Som en ledande tillverkare av kokosn\u00f6tsolja har pentaerytritoltetramer, en h\u00f6gkvalitativ naturlig olja, goda fuktgivande egenskaper, kan l\u00e5sa hudens fukt, f\u00f6rhindra vattenf\u00f6rlust.<\/p>\n\n\n\n<h2 class=\"wp-block-heading\">Till\u00e4mpliga scenarier f\u00f6r ansiktsolja med kokosn\u00f6t<\/h2>\n\n\n\n<p>Coconut Facial Oil \u00e4r l\u00e4mplig f\u00f6r en m\u00e4ngd olika scenarier, s\u00e5som daglig hudv\u00e5rd och specialv\u00e5rd. Applicera Coconut Facial Oil p\u00e5 morgonen efter att ha vaknat f\u00f6r att ge huden energi och b\u00f6rja dagen; anv\u00e4nd den p\u00e5 natten innan du g\u00e5r och l\u00e4gger dig f\u00f6r att hj\u00e4lpa huden att reparera skadade celler och f\u00f6rb\u00e4ttra hudens sj\u00e4lvl\u00e4kande f\u00f6rm\u00e5ga. Dessutom, under den torra, kalla \u00e5rstiden, ger kokosn\u00f6ts ansiktsolja extra n\u00e4ring till huden, vilket f\u00f6rhindrar torrhet och narr.<\/p>\n\n\n\n<h2 class=\"wp-block-heading\">Vem \u00e4r Coconut Ansiktsolja l\u00e4mplig f\u00f6r<\/h2>\n\n\n\n<p>Kokos ansiktsolja \u00e4r l\u00e4mplig f\u00f6r alla hudtyper, speciellt torr, uttorkad och k\u00e4nslig hud. Coconut Facial Oil \u00e4r ett idealiskt hudv\u00e5rdsval f\u00f6r konsumenter som letar efter naturlig hudv\u00e5rd och hudv\u00e5rd. Det \u00e4r s\u00e4kert att anv\u00e4nda av gravida och ammande kvinnor och barn.<\/p>\n\n\n\n<h2 class=\"wp-block-heading\">Framst\u00e4llningsprocess f\u00f6r kokosn\u00f6tsolja<\/h2>\n\n\n\n<p>F\u00f6r att s\u00e4kerst\u00e4lla kvaliteten p\u00e5 kokosn\u00f6tsansiktsolja anv\u00e4nder vi en unik kallpressningsprocess som maximerar bibeh\u00e5llandet av de aktiva ingredienserna i kokosn\u00f6tolja, jojobafr\u00f6olja och tetrapentaerytritol. Under produktionsprocessen f\u00f6ljer vi strikt standarderna f\u00f6r aseptisk och icke-f\u00f6rorenande drift f\u00f6r att s\u00e4kerst\u00e4lla s\u00e4kerheten och effektiviteten hos v\u00e5ra produkter. Dessutom, som en professionell tillverkare av kokosn\u00f6tsolja, anv\u00e4nder vi avancerad molekyl\u00e4r destillationsteknik f\u00f6r att ta bort orenheter, vilket g\u00f6r produkten renare och l\u00e4ttare f\u00f6r huden att absorbera. Genom en serie k\u00e4nsliga produktionsprocesser ger vi dig denna naturliga, milda och effektiva ansiktsolja fr\u00e5n kokosn\u00f6t.<\/p>","protected":false},"excerpt":{"rendered":"Coconut facial oil manufacturing common formulas Coconut oil, derived from the tropical coconut fruit, is rich in a variety of vitamins and minerals, has a good moisturizing and restorative effect, can deeply nourish the skin, enhance the skin barrier function. Jojoba seed oil, extracted from the jojoba plant, its molecular structure is similar to human [&hellip;]","protected":false},"featured_media":577,"menu_order":0,"template":"","meta":[],"product-tag":[],"products":[62],"class_list":["post-576","product","type-product","status-publish","has-post-thumbnail","hentry","products-facial-oil"],"acf":[],"_links":{"self":[{"href":"https:\/\/www.ruiqigo.com\/sv\/wp-json\/wp\/v2\/product\/576","targetHints":{"allow":["GET"]}}],"collection":[{"href":"https:\/\/www.ruiqigo.com\/sv\/wp-json\/wp\/v2\/product"}],"about":[{"href":"https:\/\/www.ruiqigo.com\/sv\/wp-json\/wp\/v2\/types\/product"}],"version-history":[{"count":0,"href":"https:\/\/www.ruiqigo.com\/sv\/wp-json\/wp\/v2\/product\/576\/revisions"}],"wp:featuredmedia":[{"embeddable":true,"href":"https:\/\/www.ruiqigo.com\/sv\/wp-json\/wp\/v2\/media\/577"}],"wp:attachment":[{"href":"https:\/\/www.ruiqigo.com\/sv\/wp-json\/wp\/v2\/media?parent=576"}],"wp:term":[{"taxonomy":"product-tag","embeddable":true,"href":"https:\/\/www.ruiqigo.com\/sv\/wp-json\/wp\/v2\/product-tag?post=576"},{"taxonomy":"products","embeddable":true,"href":"https:\/\/www.ruiqigo.com\/sv\/wp-json\/wp\/v2\/products?post=576"}],"curies":[{"name":"wp","href":"https:\/\/api.w.org\/{rel}","templated":true}]}}