{"id":581,"date":"2024-07-19T09:37:08","date_gmt":"2024-07-19T01:37:08","guid":{"rendered":"https:\/\/ruiqigo.com\/?post_type=product&#038;p=581"},"modified":"2024-11-15T16:59:03","modified_gmt":"2024-11-15T08:59:03","slug":"vitamin-e-facial-oil","status":"publish","type":"product","link":"https:\/\/www.ruiqigo.com\/sv\/product\/vitamin-e-facial-oil","title":{"rendered":"Vitamin E ansiktsolja"},"content":{"rendered":"<h2 class=\"wp-block-heading\">Vitamin E ansiktsolja tillverkar vanliga formler<\/h2>\n\n\n\n<p>Vitamin E, k\u00e4nt som &quot;anti-aging vitamin&quot;, \u00e4r en kraftfull antioxidant som neutraliserar fria radikaler, skyddar huden fr\u00e5n milj\u00f6p\u00e5verkan och saktar ner \u00e5ldrandeprocessen. Vitamin E fr\u00e4mjar ocks\u00e5 blodcirkulationen och f\u00f6rb\u00e4ttrar hudens f\u00f6rm\u00e5ga att reparera sig sj\u00e4lv. Som en ledande tillverkare av vitamin E ansiktsolja vet vi att Jojoba Seed Oil, en naturlig v\u00e4xtolja fr\u00e5n jojobav\u00e4xten, har en molekylstruktur som liknar m\u00e4nsklig talg, som l\u00e4tt absorberas av huden och kan ge djup n\u00e4ring till huden, bibeh\u00e5lla hudens vatten-oljebalans och minska torrhet och fina linjer.<\/p>\n\n\n\n<h2 class=\"wp-block-heading\">Vitamin E ansiktsolja till\u00e4mpliga scenarier<\/h2>\n\n\n\n<p>Vitamin E ansiktsolja \u00e4r l\u00e4mplig f\u00f6r ett brett utbud av hudv\u00e5rdsscenarier, oavsett om det \u00e4r f\u00f6r dagligt underh\u00e5ll eller speciella behandlingar. Anv\u00e4nd den p\u00e5 morgonen f\u00f6r att ge din hud den n\u00e4ring och det skydd den beh\u00f6ver under hela dagen; anv\u00e4nd den p\u00e5 natten f\u00f6r att hj\u00e4lpa din hud att reparera sig sj\u00e4lv p\u00e5 natten och f\u00f6rb\u00e4ttra dess regenerativa f\u00f6rm\u00e5ga. Under torrperioden eller i luftkonditionerade rum lindrar Vitamin E ansiktsolja effektivt torr hud och h\u00e5ller den \u00e5terfuktad.<\/p>\n\n\n\n<h2 class=\"wp-block-heading\">Vem \u00e4r vitamin E ansiktsolja l\u00e4mplig f\u00f6r<\/h2>\n\n\n\n<p>Vitamin E Facial Oil \u00e4r l\u00e4mplig f\u00f6r alla typer av hud, speciellt f\u00f6r mogen hud, torr hud och konsumenter som beh\u00f6ver anti-aging v\u00e5rd. F\u00f6r personer som ofta stannar uppe sent, lever ett stressigt liv och har d\u00e5liga hudf\u00f6rh\u00e5llanden, kan Vitamin E ansiktsolja ge den n\u00f6dv\u00e4ndiga n\u00e4ringen och reparationen f\u00f6r att f\u00f6rb\u00e4ttra hudf\u00f6rh\u00e5llandena.<\/p>\n\n\n\n<h2 class=\"wp-block-heading\">Ansiktsoljeproduktionsprocess f\u00f6r vitamin E<\/h2>\n\n\n\n<p>Som en ledande tillverkare av vitamin E ansiktsolja, f\u00f6r att s\u00e4kerst\u00e4lla produktkvaliteten p\u00e5 vitamin E ansiktsolja, anv\u00e4nder vi en unik l\u00e5gtemperatur, kallpressextraktionsteknik f\u00f6r att maximera bibeh\u00e5llandet av de aktiva ingredienserna i vitamin E och jojobafr\u00f6olja. Under produktionsprocessen kontrollerar vi strikt temperatur och tryck f\u00f6r att undvika att h\u00f6g temperatur f\u00f6rst\u00f6r de aktiva ingredienserna. Samtidigt f\u00f6ljer vi aseptiska produktionsstandarder f\u00f6r att s\u00e4kerst\u00e4lla renheten och s\u00e4kerheten hos v\u00e5ra produkter.<\/p>\n\n\n\n<p><\/p>","protected":false},"excerpt":{"rendered":"Vitamin E facial oil manufacturing common formulas Vitamin E, known as the \u201canti-aging vitamin\u201d, is a powerful antioxidant that neutralizes free radicals, protects the skin from environmental aggressions and slows down the aging process. Vitamin E also promotes blood circulation and enhances the skin&#8217;s ability to repair itself. As a leading Vitamin E facial oil [&hellip;]","protected":false},"featured_media":583,"menu_order":0,"template":"","meta":[],"product-tag":[],"products":[62],"class_list":["post-581","product","type-product","status-publish","has-post-thumbnail","hentry","products-facial-oil"],"acf":[],"_links":{"self":[{"href":"https:\/\/www.ruiqigo.com\/sv\/wp-json\/wp\/v2\/product\/581","targetHints":{"allow":["GET"]}}],"collection":[{"href":"https:\/\/www.ruiqigo.com\/sv\/wp-json\/wp\/v2\/product"}],"about":[{"href":"https:\/\/www.ruiqigo.com\/sv\/wp-json\/wp\/v2\/types\/product"}],"version-history":[{"count":0,"href":"https:\/\/www.ruiqigo.com\/sv\/wp-json\/wp\/v2\/product\/581\/revisions"}],"wp:featuredmedia":[{"embeddable":true,"href":"https:\/\/www.ruiqigo.com\/sv\/wp-json\/wp\/v2\/media\/583"}],"wp:attachment":[{"href":"https:\/\/www.ruiqigo.com\/sv\/wp-json\/wp\/v2\/media?parent=581"}],"wp:term":[{"taxonomy":"product-tag","embeddable":true,"href":"https:\/\/www.ruiqigo.com\/sv\/wp-json\/wp\/v2\/product-tag?post=581"},{"taxonomy":"products","embeddable":true,"href":"https:\/\/www.ruiqigo.com\/sv\/wp-json\/wp\/v2\/products?post=581"}],"curies":[{"name":"wp","href":"https:\/\/api.w.org\/{rel}","templated":true}]}}