{"id":582,"date":"2024-07-19T09:46:05","date_gmt":"2024-07-19T01:46:05","guid":{"rendered":"https:\/\/ruiqigo.com\/?post_type=product&#038;p=582"},"modified":"2024-11-15T16:58:31","modified_gmt":"2024-11-15T08:58:31","slug":"squalane-facial-oil","status":"publish","type":"product","link":"https:\/\/www.ruiqigo.com\/sv\/product\/squalane-facial-oil","title":{"rendered":"Squalane ansiktsolja"},"content":{"rendered":"<h2 class=\"wp-block-heading\">Squalane ansiktsolja tillverkar vanliga formler<\/h2>\n\n\n\n<p>Squalane, en naturlig ingrediens som utvinns fr\u00e5n levern hos djuphavshajar, har en molekylstruktur som liknar den hos m\u00e4nsklig talg, som snabbt absorberas av huden f\u00f6r att bilda en skyddande film som effektivt l\u00e5ser in fukt och f\u00f6rhindrar vattenf\u00f6rlust, samtidigt som den reparerar skadade hudbarri\u00e4rer och f\u00f6rb\u00e4ttrar hudens sj\u00e4lvskyddsf\u00f6rm\u00e5ga. Som en ledande tillverkare av Squalane ansiktsolja vet vi att Jojoba Seed Oil, en naturlig v\u00e4xtolja som h\u00e4rr\u00f6r fr\u00e5n jojobav\u00e4xten, \u00e4r rik p\u00e5 vitaminer och mineraler, som kan ge djup n\u00e4ring till huden, bibeh\u00e5lla hudens vatten-oljebalans och minska torrhet och fina linjer.<\/p>\n\n\n\n<h2 class=\"wp-block-heading\">Till\u00e4mpliga scenarier f\u00f6r Squalane ansiktsolja<\/h2>\n\n\n\n<p>Squalane Facial Oil \u00e4r l\u00e4mplig f\u00f6r ett brett utbud av hudv\u00e5rdsscenarier, b\u00e5de f\u00f6r dagligt underh\u00e5ll och specialbehandlingar. Under den torra h\u00f6st- och vinters\u00e4songen kan Squalane Facial Oil ge extra n\u00e4ring till huden f\u00f6r att f\u00f6rhindra torrhet och peeling; under de varma och fuktiga sommarm\u00e5naderna kan den hj\u00e4lpa till att l\u00e5sa in fukt i huden och h\u00e5lla den fr\u00e4sch. Dessutom \u00e4r det ocks\u00e5 en idealisk primerolja innan du applicerar makeup f\u00f6r en mer smickrande, naturlig look.<\/p>\n\n\n\n<h2 class=\"wp-block-heading\">Vem \u00e4r Squalane ansiktsolja l\u00e4mplig f\u00f6r<\/h2>\n\n\n\n<p>Squalane Facial Oil \u00e4r l\u00e4mplig f\u00f6r alla typer av hud, speciellt torr, k\u00e4nslig och mogen hud. F\u00f6r personer som ofta m\u00f6ter datorer, lever ett stressigt liv och har d\u00e5liga hudf\u00f6rh\u00e5llanden, kan Squalane Facial Oil ge djup n\u00e4ring och reparation f\u00f6r att f\u00f6rb\u00e4ttra hudf\u00f6rh\u00e5llandena och \u00e5terst\u00e4lla hudens h\u00e4lsa.<\/p>\n\n\n\n<h2 class=\"wp-block-heading\">Framst\u00e4llningsprocess f\u00f6r Squalane ansiktsolje<\/h2>\n\n\n\n<p>F\u00f6r att s\u00e4kerst\u00e4lla produktkvaliteten f\u00f6r Squalane Facial Oil antar vi avancerad extraktionsteknik och unik produktionsprocess. F\u00f6r det f\u00f6rsta extraherar vi squalan genom molekyl\u00e4r destillationsteknik f\u00f6r att s\u00e4kerst\u00e4lla dess renhet och aktivitet; f\u00f6r det andra blandar vi squalane och jojobafr\u00f6olja under l\u00e5g temperatur f\u00f6r att undvika att h\u00f6g temperatur f\u00f6rst\u00f6r de aktiva ingredienserna; f\u00f6r det tredje, som en ledande tillverkare av Squalane ansiktsolja, f\u00f6ljer vi den aseptiska produktionsstandarden f\u00f6r att s\u00e4kerst\u00e4lla produktens s\u00e4kerhet utan kontaminering; och slutligen anv\u00e4nder vi en finfiltreringsprocess f\u00f6r att ta bort orenheter, s\u00e5 att produkten \u00e4r mer k\u00e4nslig och l\u00e4tt att absorberas av huden.<\/p>","protected":false},"excerpt":{"rendered":"Squalane facial oil manufacturing common formulas Squalane, a natural ingredient extracted from the liver of deep-sea sharks, has a molecular structure similar to that of human sebum, which is quickly absorbed by the skin to form a protective film that effectively locks in moisture and prevents water loss, while repairing damaged skin barriers and enhancing [&hellip;]","protected":false},"featured_media":587,"menu_order":0,"template":"","meta":[],"product-tag":[],"products":[62],"class_list":["post-582","product","type-product","status-publish","has-post-thumbnail","hentry","products-facial-oil"],"acf":[],"_links":{"self":[{"href":"https:\/\/www.ruiqigo.com\/sv\/wp-json\/wp\/v2\/product\/582","targetHints":{"allow":["GET"]}}],"collection":[{"href":"https:\/\/www.ruiqigo.com\/sv\/wp-json\/wp\/v2\/product"}],"about":[{"href":"https:\/\/www.ruiqigo.com\/sv\/wp-json\/wp\/v2\/types\/product"}],"version-history":[{"count":0,"href":"https:\/\/www.ruiqigo.com\/sv\/wp-json\/wp\/v2\/product\/582\/revisions"}],"wp:featuredmedia":[{"embeddable":true,"href":"https:\/\/www.ruiqigo.com\/sv\/wp-json\/wp\/v2\/media\/587"}],"wp:attachment":[{"href":"https:\/\/www.ruiqigo.com\/sv\/wp-json\/wp\/v2\/media?parent=582"}],"wp:term":[{"taxonomy":"product-tag","embeddable":true,"href":"https:\/\/www.ruiqigo.com\/sv\/wp-json\/wp\/v2\/product-tag?post=582"},{"taxonomy":"products","embeddable":true,"href":"https:\/\/www.ruiqigo.com\/sv\/wp-json\/wp\/v2\/products?post=582"}],"curies":[{"name":"wp","href":"https:\/\/api.w.org\/{rel}","templated":true}]}}