{"id":593,"date":"2024-07-25T20:39:10","date_gmt":"2024-07-25T12:39:10","guid":{"rendered":"https:\/\/ruiqigo.com\/?post_type=product&#038;p=593"},"modified":"2024-11-01T14:19:50","modified_gmt":"2024-11-01T06:19:50","slug":"peppermint-breath-spray","status":"publish","type":"product","link":"https:\/\/www.ruiqigo.com\/sv\/product\/peppermint-breath-spray","title":{"rendered":"Pepparmint andedr\u00e4ktspray"},"content":{"rendered":"<h2 class=\"wp-block-heading\">Vanliga formler f\u00f6r tillverkning av pepparmyntsandningsspray<\/h2>\n\n\n\n<p>Pepparmintsandsprays k\u00e4rningredienser, PEG-40 hydrogenerad ricinolja och pepparmyntaolja, har en unik och uppfriskande arom. Dessa ingredienser kan effektivt h\u00e4mma bakterietillv\u00e4xt i munnen och f\u00f6rebygga sjukdomar i munnen. PEG-40 hydrogenerad ricinolja har en mild sm\u00f6rjande effekt, vilket kan bidra till att minska matrester i munnen, och pepparmyntaolja har en stark antibakteriell effekt, vilket bidrar till att f\u00f6rb\u00e4ttra munmilj\u00f6n.<\/p>\n\n\n\n<h2 class=\"wp-block-heading\">Till\u00e4mpliga scenarier f\u00f6r andningsspray med pepparmyntseffekt<\/h2>\n\n\n\n<p>Pepparmintsandspray passar f\u00f6r en m\u00e4ngd olika scenarier, s\u00e4rskilt f\u00f6r f\u00f6ljande tillf\u00e4llen: <\/p>\n\n\n\n<p>1. Anv\u00e4nd efter m\u00e5ltider, reng\u00f6r effektivt matrester f\u00f6r att bibeh\u00e5lla frisk andedr\u00e4kt; <\/p>\n\n\n\n<p>2. efter att ha varit uppe hela natten, r\u00f6kning, f\u00f6r att minska lukten i munnen, f\u00f6r att ta hand om t\u00e4ndernas h\u00e4lsa; <\/p>\n\n\n\n<p>3. speciella tillf\u00e4llen, s\u00e5som br\u00f6llop, intervjuer, etc., f\u00f6r att h\u00e5lla andan frisk; <\/p>\n\n\n\n<p>4. efter behandling av munsjukdomar, f\u00f6r att hj\u00e4lpa till med reng\u00f6ring av munh\u00e5lan.<\/p>\n\n\n\n<h2 class=\"wp-block-heading\">Vem \u00e4r Pepparmint andningsspray l\u00e4mplig f\u00f6r<\/h2>\n\n\n\n<p>Pepparmintsandningsspray passar en m\u00e4ngd olika m\u00e4nniskor och rekommenderas s\u00e4rskilt f\u00f6r f\u00f6ljande konsumenter: <\/p>\n\n\n\n<p>1. personer som besv\u00e4ras av oral lukt, s\u00e5som r\u00f6kare, personer som ofta stannar uppe sent p\u00e5 natten; <\/p>\n\n\n\n<p>2. personer som har k\u00e4nsliga t\u00e4nder och beh\u00f6ver en skonsam reng\u00f6ring; <\/p>\n\n\n\n<p>3. Diabetespatienter som l\u00f6per h\u00f6g risk f\u00f6r tandlossning och beh\u00f6ver \u00e4gna s\u00e4rskild uppm\u00e4rksamhet \u00e5t munv\u00e5rd; <\/p>\n\n\n\n<p>4. konsumenter som gillar att prova nya munv\u00e5rdsprodukter f\u00f6r att njuta av f\u00f6rdelarna med Peppermint Breath Spray. Peppermint Breath Spray ger munh\u00e4lsa.<\/p>\n\n\n\n<h2 class=\"wp-block-heading\">Produktionsprocess f\u00f6r pepparmyntsandningsspray<\/h2>\n\n\n\n<p>Som professionell tillverkare av pepparmyntsandningsspray anv\u00e4nder vi f\u00f6ljande speciella produktionsprocess: <\/p>\n\n\n\n<p>1. R\u00e5materialen f\u00f6r PEG-40-hydrogenerad ricinolja och pepparmyntsolja kontrolleras noggrant f\u00f6r att s\u00e4kerst\u00e4lla deras renhet och kvalitet; <\/p>\n\n\n\n<p>2. Kontrollera noggrant m\u00e4ngden tillsatta r\u00e5varor f\u00f6r att s\u00e4kerst\u00e4lla att produkten \u00e4r s\u00e4ker och effektiv; <\/p>\n\n\n\n<p>3. Anv\u00e4nd l\u00e5gtemperaturblandningstekniken f\u00f6r att helt frig\u00f6ra r\u00e5varornas aktivitet; <\/p>\n\n\n\n<p>4. Aseptisk fyllning f\u00f6r att s\u00e4kerst\u00e4lla att produkten \u00e4r s\u00e4ker och hygienisk; <\/p>\n\n\n\n<p>5. Fullst\u00e4ndig kvalitetskontroll f\u00f6r att s\u00e4kerst\u00e4lla att varje flaska Pepparmint Andningsspray uppfyller de nationella standarderna. <\/p>\n\n\n\n<p>Genom ovanst\u00e5ende process, som en ledande tillverkare av pepparmyntsandningsspray, kan vi erbjuda dig en h\u00f6gkvalitativ och p\u00e5litlig munv\u00e5rdsprodukt.<\/p>\n\n\n\n<p><\/p>","protected":false},"excerpt":{"rendered":"Peppermint breath spray manufacturing common formulas Peppermint Breath Spray&#8217;s core ingredients, PEG-40 Hydrogenated Castor Oil and Peppermint Oil, have a unique and refreshing aroma. These ingredients can effectively inhibit the growth of bacteria in the mouth and prevent oral diseases. PEG-40 Hydrogenated Castor Oil has a mild lubricating effect, which can help to reduce food [&hellip;]","protected":false},"featured_media":709,"menu_order":0,"template":"","meta":[],"product-tag":[],"products":[73],"class_list":["post-593","product","type-product","status-publish","has-post-thumbnail","hentry","products-breath-spray"],"acf":[],"_links":{"self":[{"href":"https:\/\/www.ruiqigo.com\/sv\/wp-json\/wp\/v2\/product\/593","targetHints":{"allow":["GET"]}}],"collection":[{"href":"https:\/\/www.ruiqigo.com\/sv\/wp-json\/wp\/v2\/product"}],"about":[{"href":"https:\/\/www.ruiqigo.com\/sv\/wp-json\/wp\/v2\/types\/product"}],"version-history":[{"count":0,"href":"https:\/\/www.ruiqigo.com\/sv\/wp-json\/wp\/v2\/product\/593\/revisions"}],"wp:featuredmedia":[{"embeddable":true,"href":"https:\/\/www.ruiqigo.com\/sv\/wp-json\/wp\/v2\/media\/709"}],"wp:attachment":[{"href":"https:\/\/www.ruiqigo.com\/sv\/wp-json\/wp\/v2\/media?parent=593"}],"wp:term":[{"taxonomy":"product-tag","embeddable":true,"href":"https:\/\/www.ruiqigo.com\/sv\/wp-json\/wp\/v2\/product-tag?post=593"},{"taxonomy":"products","embeddable":true,"href":"https:\/\/www.ruiqigo.com\/sv\/wp-json\/wp\/v2\/products?post=593"}],"curies":[{"name":"wp","href":"https:\/\/api.w.org\/{rel}","templated":true}]}}