{"id":595,"date":"2024-07-24T16:23:41","date_gmt":"2024-07-24T08:23:41","guid":{"rendered":"https:\/\/ruiqigo.com\/?post_type=product&#038;p=595"},"modified":"2024-11-01T10:38:32","modified_gmt":"2024-11-01T02:38:32","slug":"fluoride-free-toothpaste","status":"publish","type":"product","link":"https:\/\/www.ruiqigo.com\/sv\/product\/fluoride-free-toothpaste","title":{"rendered":"Fluorfri tandkr\u00e4m"},"content":{"rendered":"<h2 class=\"wp-block-heading\">Fluorfri tandkr\u00e4m som tillverkar vanliga formler<\/h2>\n\n\n\n<p>Kalciumfosfat, k\u00e4rningrediensen i fluorfri tandkr\u00e4m, har en bra reng\u00f6ringseffekt, kan effektivt ta bort plack och f\u00f6rhindra tandsten. Glycerin har en \u00e5terfuktande funktion, som kan bilda en skyddande hinna vid borstning och minska t\u00e4ndernas k\u00e4nslighet. Produkten inneh\u00e5ller inte fluor, vilket undviker allergier och dental fluoros som kan orsakas av fluor, vilket g\u00f6r att konsumenterna kan njuta av reng\u00f6ring utan att oroa sig f\u00f6r \u00f6verdrivet fluorintag.<\/p>\n\n\n\n<h2 class=\"wp-block-heading\">Till\u00e4mpliga scenarier med fluorfri tandkr\u00e4m<\/h2>\n\n\n\n<p>Fluorfri tandkr\u00e4m \u00e4r l\u00e4mplig f\u00f6r daglig munv\u00e5rd och kan anv\u00e4ndas p\u00e5 morgonen efter uppvaknande, efter m\u00e5ltid, f\u00f6re s\u00e4ngg\u00e5endet och andra tider. Produkten \u00e4r mild och icke-irriterande, l\u00e4mplig f\u00f6r hem, kontor, skola och andra scenarier. Oavsett om du \u00e4r upptagen p\u00e5 jobbet eller njuter av fritiden kan fluorfri tandkr\u00e4m ge dig frisk andedr\u00e4kt och skydda din munh\u00e4lsa.<\/p>\n\n\n\n<h2 class=\"wp-block-heading\">Vem \u00e4r fluorfri tandkr\u00e4m l\u00e4mplig f\u00f6r<\/h2>\n\n\n\n<p>Fluorfri tandkr\u00e4m \u00e4r l\u00e4mplig f\u00f6r ett brett spektrum av m\u00e4nniskor, s\u00e4rskilt f\u00f6ljande kategorier av konsumenter: <\/p>\n\n\n\n<p>1. personer som \u00e4r allergiska mot fluor; <\/p>\n\n\n\n<p>2. barn och ungdomar, f\u00f6r att undvika \u00f6verdrivet fluorintag som p\u00e5verkar tillv\u00e4xt och utveckling; <\/p>\n\n\n\n<p>3. gravida kvinnor, att uppm\u00e4rksamma munh\u00e4lsa under graviditeten; <\/p>\n\n\n\n<p>4. milj\u00f6partister, i jakten p\u00e5 fluorfria och ofarliga munv\u00e5rdsprodukter. Fluorfri tandkr\u00e4m, s\u00e5 att varje konsument kan njuta av en h\u00e4lsosam tandv\u00e5rdsupplevelse.<\/p>\n\n\n\n<h2 class=\"wp-block-heading\">Framst\u00e4llningsprocess f\u00f6r tandkr\u00e4m utan fluor<\/h2>\n\n\n\n<p>Som en professionell fluoridfri tandkr\u00e4mstillverkare anv\u00e4nder vi f\u00f6ljande speciella produktionsprocess: <\/p>\n\n\n\n<p>1. Strikt screening av r\u00e5varor f\u00f6r att s\u00e4kerst\u00e4lla renheten och kvaliteten p\u00e5 kalciumfosfat och andra ingredienser; <\/p>\n\n\n\n<p>2. exakt proportionering, s\u00e5 att de aktiva ingredienserna spelar full roll f\u00f6r att uppn\u00e5 b\u00e4sta reng\u00f6ringseffekt; <\/p>\n\n\n\n<p>3. h\u00f6ghastighetsblandning, s\u00e5 att r\u00e5varorna blandas helt, f\u00f6r att f\u00f6rb\u00e4ttra tandkr\u00e4mens stabilitet; <\/p>\n\n\n\n<p>4. Aseptisk fyllning f\u00f6r att s\u00e4kerst\u00e4lla att produkten \u00e4r s\u00e4ker och hygienisk. <\/p>\n\n\n\n<p>5. Hela processen med kvalitetskontroll f\u00f6r att s\u00e4kerst\u00e4lla att varje tandkr\u00e4m uppfyller de nationella standarderna. Som en professionell fluoridfri tandkr\u00e4mstillverkare uppfyller varje tandkr\u00e4m den nationella standarden.<\/p>","protected":false},"excerpt":{"rendered":"Fluoride free Toothpaste manufacturing common formulas Calcium phosphate, the core ingredient of fluoride-free toothpaste, has a good cleaning effect, can effectively remove plaque and prevent tartar. Glycerin has a moisturizing function, which can form a protective film during brushing and reduce tooth sensitivity. The product does not contain fluorine, which avoids allergies and dental fluorosis [&hellip;]","protected":false},"featured_media":601,"menu_order":0,"template":"","meta":[],"product-tag":[],"products":[71],"class_list":["post-595","product","type-product","status-publish","has-post-thumbnail","hentry","products-toothpaste"],"acf":[],"_links":{"self":[{"href":"https:\/\/www.ruiqigo.com\/sv\/wp-json\/wp\/v2\/product\/595","targetHints":{"allow":["GET"]}}],"collection":[{"href":"https:\/\/www.ruiqigo.com\/sv\/wp-json\/wp\/v2\/product"}],"about":[{"href":"https:\/\/www.ruiqigo.com\/sv\/wp-json\/wp\/v2\/types\/product"}],"version-history":[{"count":0,"href":"https:\/\/www.ruiqigo.com\/sv\/wp-json\/wp\/v2\/product\/595\/revisions"}],"wp:featuredmedia":[{"embeddable":true,"href":"https:\/\/www.ruiqigo.com\/sv\/wp-json\/wp\/v2\/media\/601"}],"wp:attachment":[{"href":"https:\/\/www.ruiqigo.com\/sv\/wp-json\/wp\/v2\/media?parent=595"}],"wp:term":[{"taxonomy":"product-tag","embeddable":true,"href":"https:\/\/www.ruiqigo.com\/sv\/wp-json\/wp\/v2\/product-tag?post=595"},{"taxonomy":"products","embeddable":true,"href":"https:\/\/www.ruiqigo.com\/sv\/wp-json\/wp\/v2\/products?post=595"}],"curies":[{"name":"wp","href":"https:\/\/api.w.org\/{rel}","templated":true}]}}