{"id":605,"date":"2024-07-24T16:33:31","date_gmt":"2024-07-24T08:33:31","guid":{"rendered":"https:\/\/ruiqigo.com\/?post_type=product&#038;p=605"},"modified":"2024-11-01T14:02:40","modified_gmt":"2024-11-01T06:02:40","slug":"fluoride-toothpaste","status":"publish","type":"product","link":"https:\/\/www.ruiqigo.com\/sv\/product\/fluoride-toothpaste","title":{"rendered":"Fluor tandkr\u00e4m"},"content":{"rendered":"<h2 class=\"wp-block-heading\">Fluor tandkr\u00e4m som tillverkar vanliga formler<\/h2>\n\n\n\n<p>Natriummonofluorfosfat, k\u00e4rningrediensen i fluortandkr\u00e4m, \u00e4r en sorts fluorid som ofta anv\u00e4nds i munv\u00e5rdsprodukter, som effektivt kan f\u00f6rb\u00e4ttra syrabest\u00e4ndigheten hos tandemaljen och minska f\u00f6rekomsten av h\u00e5l i t\u00e4nderna. Dessutom kan natriummonofluorfosfat ocks\u00e5 fr\u00e4mja tandremineralisering och reparera tidig karies.<\/p>\n\n\n\n<h2 class=\"wp-block-heading\">Till\u00e4mpliga scenarier f\u00f6r fluortandkr\u00e4m<\/h2>\n\n\n\n<p>Fluortandkr\u00e4m \u00e4r l\u00e4mplig f\u00f6r daglig munv\u00e5rd, s\u00e4rskilt i f\u00f6ljande scenarier: efter att ha vaknat p\u00e5 morgonen hj\u00e4lper den till att ta bort oral lukt och \u00e5terst\u00e4lla frisk andedr\u00e4kt; efter m\u00e5ltider reng\u00f6r det effektivt matrester och skyddar t\u00e4nderna; och innan du g\u00e5r och l\u00e4gger dig ger den en hel natts skydd f\u00f6r t\u00e4nderna och f\u00f6rhindrar h\u00e5l i natten.<\/p>\n\n\n\n<h2 class=\"wp-block-heading\">Vem \u00e4r fluortandkr\u00e4men l\u00e4mplig f\u00f6r<\/h2>\n\n\n\n<p>Fluortandkr\u00e4m \u00e4r l\u00e4mplig f\u00f6r ett brett spektrum av m\u00e4nniskor, speciellt rekommenderat f\u00f6r f\u00f6ljande konsumenter: <\/p>\n\n\n\n<p>1. barn, ungdomar och vuxna f\u00f6r att f\u00f6rhindra karies och bibeh\u00e5lla munh\u00e4lsa; <\/p>\n\n\n\n<p>2. personer med k\u00e4nsliga t\u00e4nder som beh\u00f6ver f\u00f6rb\u00e4ttra emaljens h\u00e5rdhet; <\/p>\n\n\n\n<p>3. Diabetespatienter, p\u00e5 grund av den h\u00f6ga risken f\u00f6r tandlossning, m\u00e5ste \u00e4gna s\u00e4rskild uppm\u00e4rksamhet \u00e5t munh\u00e4lsov\u00e5rd; <\/p>\n\n\n\n<p>4. familjehistoria av karies i folkmassan, f\u00f6r att st\u00e4rka tandskyddet.<\/p>\n\n\n\n<h2 class=\"wp-block-heading\">Framst\u00e4llningsprocess f\u00f6r fluortandkr\u00e4m<\/h2>\n\n\n\n<p>Som en p\u00e5litlig tillverkare av fluortandkr\u00e4m anv\u00e4nder vi f\u00f6ljande speciella produktionsprocess: <\/p>\n\n\n\n<p>1. Strikt screening av r\u00e5varor av natriummonofluorfosfat f\u00f6r att s\u00e4kerst\u00e4lla dess renhet och kvalitet. <\/p>\n\n\n\n<p>2. noggrann kontroll av m\u00e4ngden tillsatt fluor f\u00f6r att s\u00e4kerst\u00e4lla att produkten \u00e4r s\u00e4ker och effektiv. <\/p>\n\n\n\n<p>3. Anv\u00e4ndning av l\u00e5gtemperaturmalningsteknik f\u00f6r att helt frig\u00f6ra fluoridaktiviteten. <\/p>\n\n\n\n<p>4. Aseptisk fyllning f\u00f6r att s\u00e4kerst\u00e4lla att produkten \u00e4r s\u00e4ker och hygienisk. <\/p>\n\n\n\n<p>5. Som en professionell tillverkare av fluortandkr\u00e4m s\u00e4kerst\u00e4ller hela processen med kvalitetskontroll att varje tandkr\u00e4m uppfyller den nationella standarden.<\/p>","protected":false},"excerpt":{"rendered":"Fluoride toothpaste manufacturing common formulas Sodium Monofluorophosphate, the core ingredient of fluoride toothpaste, is a kind of fluoride widely used in oral care products, which can effectively enhance the acid resistance of tooth enamel and reduce the incidence of cavities.0.10% fluorine content is in line with national and international standards, which can play a role [&hellip;]","protected":false},"featured_media":611,"menu_order":0,"template":"","meta":[],"product-tag":[],"products":[71],"class_list":["post-605","product","type-product","status-publish","has-post-thumbnail","hentry","products-toothpaste"],"acf":[],"_links":{"self":[{"href":"https:\/\/www.ruiqigo.com\/sv\/wp-json\/wp\/v2\/product\/605","targetHints":{"allow":["GET"]}}],"collection":[{"href":"https:\/\/www.ruiqigo.com\/sv\/wp-json\/wp\/v2\/product"}],"about":[{"href":"https:\/\/www.ruiqigo.com\/sv\/wp-json\/wp\/v2\/types\/product"}],"version-history":[{"count":0,"href":"https:\/\/www.ruiqigo.com\/sv\/wp-json\/wp\/v2\/product\/605\/revisions"}],"wp:featuredmedia":[{"embeddable":true,"href":"https:\/\/www.ruiqigo.com\/sv\/wp-json\/wp\/v2\/media\/611"}],"wp:attachment":[{"href":"https:\/\/www.ruiqigo.com\/sv\/wp-json\/wp\/v2\/media?parent=605"}],"wp:term":[{"taxonomy":"product-tag","embeddable":true,"href":"https:\/\/www.ruiqigo.com\/sv\/wp-json\/wp\/v2\/product-tag?post=605"},{"taxonomy":"products","embeddable":true,"href":"https:\/\/www.ruiqigo.com\/sv\/wp-json\/wp\/v2\/products?post=605"}],"curies":[{"name":"wp","href":"https:\/\/api.w.org\/{rel}","templated":true}]}}