{"id":606,"date":"2024-07-24T16:29:40","date_gmt":"2024-07-24T08:29:40","guid":{"rendered":"https:\/\/ruiqigo.com\/?post_type=product&#038;p=606"},"modified":"2024-11-01T10:36:30","modified_gmt":"2024-11-01T02:36:30","slug":"charcoal-toothpaste","status":"publish","type":"product","link":"https:\/\/www.ruiqigo.com\/sv\/product\/charcoal-toothpaste","title":{"rendered":"Tandkr\u00e4m med kol"},"content":{"rendered":"<h2 class=\"wp-block-heading\">Vanliga formler f\u00f6r tillverkning av tandkr\u00e4m med kol<\/h2>\n\n\n\n<p>K\u00e4rningrediensen i tandkr\u00e4m med tr\u00e4kol \u00e4r naturligt tr\u00e4kol, vars por\u00f6sa struktur ger produkten utm\u00e4rkt adsorptionsf\u00f6rm\u00e5ga, vilket effektivt kan adsorbera pigment, orenheter och lukter i munnen. Polyetylenglykol-400 har en god sm\u00f6rjande effekt, vilket g\u00f6r tandkr\u00e4men l\u00e4ttare att sprida vid borstning och f\u00f6rb\u00e4ttrar reng\u00f6ringseffekten. Glycerin har en \u00e5terfuktande funktion och kan bilda en skyddande film under borstning f\u00f6r att f\u00f6rhindra tandk\u00e4nslighet och torrhet i munnen.<\/p>\n\n\n\n<h2 class=\"wp-block-heading\">Till\u00e4mpliga scenarier f\u00f6r tandkr\u00e4m med tr\u00e4kol<\/h2>\n\n\n\n<p>Tandkr\u00e4m med tr\u00e4kol \u00e4r l\u00e4mplig f\u00f6r daglig munv\u00e5rd, s\u00e4rskilt i f\u00f6ljande situationer: efter att ha vaknat p\u00e5 morgonen hj\u00e4lper den till att ta bort lukt i munnen och \u00e5terst\u00e4lla frisk andedr\u00e4kt; efter m\u00e5ltider reng\u00f6r den effektivt matrester och skyddar t\u00e4nderna; efter att ha varit uppe sent, r\u00f6kt och druckit f\u00f6rb\u00e4ttrar den snabbt munmilj\u00f6n och minskar obehag i munnen.<\/p>\n\n\n\n<h2 class=\"wp-block-heading\">Vem \u00e4r tr\u00e4kols-tandkr\u00e4m l\u00e4mplig f\u00f6r<\/h2>\n\n\n\n<p>Tandkr\u00e4m med tr\u00e4kol passar f\u00f6r en m\u00e4ngd olika m\u00e4nniskor och rekommenderas s\u00e4rskilt f\u00f6r f\u00f6ljande konsumenter: <\/p>\n\n\n\n<p>1. personer som besv\u00e4ras av d\u00e5lig andedr\u00e4kt, s\u00e5som r\u00f6kare, personer som ofta \u00e4r uppe sent; <\/p>\n\n\n\n<p>2. personer med tandpigmentering, som beh\u00f6ver djupreng\u00f6ring; <\/p>\n\n\n\n<p>3. barn och ton\u00e5ringar, att odla goda munhygienvanor; <\/p>\n\n\n\n<p>4. milj\u00f6aktivister, str\u00e4van efter naturliga, ofarliga munv\u00e5rdsprodukter.<\/p>\n\n\n\n<h2 class=\"wp-block-heading\">Produktionsprocess f\u00f6r tandkr\u00e4m av tr\u00e4kol<\/h2>\n\n\n\n<p>Som en v\u00e4rdig tillverkare av tandkr\u00e4m av tr\u00e4kol anv\u00e4nder vi f\u00f6ljande speciella produktionsprocess: <\/p>\n\n\n\n<p>1. strikt screening av naturligt tr\u00e4kol f\u00f6r att s\u00e4kerst\u00e4lla dess renhet och adsorptionsegenskaper; <\/p>\n\n\n\n<p>2. exakt proportionering, s\u00e5 att de aktiva ingredienserna spelar full roll f\u00f6r att uppn\u00e5 b\u00e4sta reng\u00f6ringseffekt; <\/p>\n\n\n\n<p>3. l\u00e5gtemperaturmalningsteknik f\u00f6r att helt frig\u00f6ra tr\u00e4kolets adsorptionskapacitet; <\/p>\n\n\n\n<p>4. Aseptisk fyllning f\u00f6r att s\u00e4kerst\u00e4lla att produkten \u00e4r s\u00e4ker och hygienisk. <\/p>\n\n\n\n<p>5. Som en ledande tillverkare av tandkr\u00e4m av tr\u00e4kol, genomg\u00e5r vi hela kvalitetsprocessen f\u00f6r att s\u00e4kerst\u00e4lla att varje tandkr\u00e4m uppfyller nationella standarder. F\u00f6ljer den nationella standarden.<\/p>","protected":false},"excerpt":{"rendered":"Charcoal toothpaste manufacturing common formulas The core ingredient of charcoal toothpaste is natural charcoal, whose porous structure gives the product excellent adsorption ability, which can effectively adsorb pigments, impurities and odors in the mouth. Polyethylene Glycol-400 has a good lubricating effect, which makes the toothpaste easier to spread when brushing and enhances the cleaning effect. [&hellip;]","protected":false},"featured_media":607,"menu_order":0,"template":"","meta":[],"product-tag":[],"products":[71],"class_list":["post-606","product","type-product","status-publish","has-post-thumbnail","hentry","products-toothpaste"],"acf":[],"_links":{"self":[{"href":"https:\/\/www.ruiqigo.com\/sv\/wp-json\/wp\/v2\/product\/606","targetHints":{"allow":["GET"]}}],"collection":[{"href":"https:\/\/www.ruiqigo.com\/sv\/wp-json\/wp\/v2\/product"}],"about":[{"href":"https:\/\/www.ruiqigo.com\/sv\/wp-json\/wp\/v2\/types\/product"}],"version-history":[{"count":0,"href":"https:\/\/www.ruiqigo.com\/sv\/wp-json\/wp\/v2\/product\/606\/revisions"}],"wp:featuredmedia":[{"embeddable":true,"href":"https:\/\/www.ruiqigo.com\/sv\/wp-json\/wp\/v2\/media\/607"}],"wp:attachment":[{"href":"https:\/\/www.ruiqigo.com\/sv\/wp-json\/wp\/v2\/media?parent=606"}],"wp:term":[{"taxonomy":"product-tag","embeddable":true,"href":"https:\/\/www.ruiqigo.com\/sv\/wp-json\/wp\/v2\/product-tag?post=606"},{"taxonomy":"products","embeddable":true,"href":"https:\/\/www.ruiqigo.com\/sv\/wp-json\/wp\/v2\/products?post=606"}],"curies":[{"name":"wp","href":"https:\/\/api.w.org\/{rel}","templated":true}]}}