{"id":615,"date":"2024-07-24T16:52:04","date_gmt":"2024-07-24T08:52:04","guid":{"rendered":"https:\/\/ruiqigo.com\/?post_type=product&#038;p=615"},"modified":"2024-11-01T10:33:36","modified_gmt":"2024-11-01T02:33:36","slug":"baking-soda-toothpaste","status":"publish","type":"product","link":"https:\/\/www.ruiqigo.com\/sv\/product\/baking-soda-toothpaste","title":{"rendered":"Bakpulver tandkr\u00e4m"},"content":{"rendered":"<h2 class=\"wp-block-heading\">Vanliga formler f\u00f6r tillverkning av tandkr\u00e4m f\u00f6r bakpulver<\/h2>\n\n\n\n<p>K\u00e4rningrediensen i bikarbonat-tandkr\u00e4m, natriumbikarbonat, allm\u00e4nt k\u00e4nt som bikarbonat, har en l\u00e4tt slipande effekt som effektivt tar bort fl\u00e4ckar och plack fr\u00e5n t\u00e4ndernas yta. Natriumbikarbonat kan ocks\u00e5 neutralisera orala syror och f\u00f6rb\u00e4ttra munmilj\u00f6n, vilket hj\u00e4lper till att f\u00f6rhindra karies och parodontit. Dessutom \u00e4r natriumbikarbonat ofarligt f\u00f6r m\u00e4nniskokroppen och l\u00e4mpligt f\u00f6r l\u00e5ngvarig anv\u00e4ndning.<\/p>\n\n\n\n<h2 class=\"wp-block-heading\">Till\u00e4mpliga scenarier f\u00f6r tandkr\u00e4m med bikarbonat<\/h2>\n\n\n\n<p>Tandkr\u00e4m med bikarbonat \u00e4r l\u00e4mplig f\u00f6r en m\u00e4ngd olika situationer, s\u00e4rskilt vid f\u00f6ljande tillf\u00e4llen: efter att ha vaknat p\u00e5 morgonen hj\u00e4lper den till att ta bort lukt i munnen och \u00e5terst\u00e4lla frisk andedr\u00e4kt; efter m\u00e5ltider reng\u00f6r den effektivt matrester och skyddar t\u00e4nderna; efter att ha varit uppe hela natten och r\u00f6kt minskar den lukt i munnen och tar hand om tandh\u00e4lsan.<\/p>\n\n\n\n<h2 class=\"wp-block-heading\">F\u00f6r vem \u00e4r tandkr\u00e4m med bakpulver l\u00e4mplig?<\/h2>\n\n\n\n<p>Tandkr\u00e4m med bikarbonat passar f\u00f6r en m\u00e4ngd olika m\u00e4nniskor och rekommenderas s\u00e4rskilt f\u00f6r f\u00f6ljande konsumenter: <\/p>\n\n\n\n<p>1. personer med fl\u00e4ckar p\u00e5 t\u00e4ndernas yta, behovet av varsam dekontaminering; <\/p>\n\n\n\n<p>2. personer med h\u00f6g oral surhetsgrad, behovet av att f\u00f6rb\u00e4ttra den orala milj\u00f6n; <\/p>\n\n\n\n<p>3. \u00e4ldre, behovet av skonsam reng\u00f6ring av t\u00e4nderna, f\u00f6rebyggande av parodontit; <\/p>\n\n\n\n<p>4. barn och ungdomar, att odla goda munhygienvanor.<\/p>\n\n\n\n<h2 class=\"wp-block-heading\">Tillverkningsprocess f\u00f6r tandkr\u00e4m med bakpulver<\/h2>\n\n\n\n<p>Som en p\u00e5litlig tillverkare av tandkr\u00e4m av bakpulver anv\u00e4nder vi f\u00f6ljande speciella produktionsprocess: <\/p>\n\n\n\n<p>1. strikt screening av r\u00e5varor av natriumbikarbonat f\u00f6r att s\u00e4kerst\u00e4lla dess renhet och kvalitet; <\/p>\n\n\n\n<p>2. Noggrann kontroll av m\u00e4ngden tillsatt natriumbikarbonat f\u00f6r att s\u00e4kerst\u00e4lla att produkten \u00e4r skonsam och dekontaminerande; <\/p>\n\n\n\n<p>3. L\u00e5gtemperaturmalningsteknik anv\u00e4nds f\u00f6r att helt frig\u00f6ra aktiviteten hos natriumbikarbonat; <\/p>\n\n\n\n<p>4. Aseptisk fyllning f\u00f6r att s\u00e4kerst\u00e4lla att produkten \u00e4r s\u00e4ker och hygienisk. <\/p>\n\n\n\n<p>5. hela processen f\u00f6r kvalitetskontroll, f\u00f6r att s\u00e4kerst\u00e4lla att varje tandkr\u00e4m uppfyller de nationella standarderna. Som en ledande tillverkare av tandkr\u00e4m av bakpulver uppfyller varje tandkr\u00e4m de nationella standarderna.<\/p>","protected":false},"excerpt":{"rendered":"Baking soda toothpaste manufacturing common formulas The core ingredient of baking soda toothpaste, sodium bicarbonate, commonly known as baking soda, has a slight abrasive effect, which effectively removes stains and plaque from the surface of teeth. Sodium bicarbonate can also neutralize oral acids and improve the oral environment, helping to prevent tooth decay and periodontal [&hellip;]","protected":false},"featured_media":620,"menu_order":0,"template":"","meta":[],"product-tag":[],"products":[71],"class_list":["post-615","product","type-product","status-publish","has-post-thumbnail","hentry","products-toothpaste"],"acf":[],"_links":{"self":[{"href":"https:\/\/www.ruiqigo.com\/sv\/wp-json\/wp\/v2\/product\/615","targetHints":{"allow":["GET"]}}],"collection":[{"href":"https:\/\/www.ruiqigo.com\/sv\/wp-json\/wp\/v2\/product"}],"about":[{"href":"https:\/\/www.ruiqigo.com\/sv\/wp-json\/wp\/v2\/types\/product"}],"version-history":[{"count":0,"href":"https:\/\/www.ruiqigo.com\/sv\/wp-json\/wp\/v2\/product\/615\/revisions"}],"wp:featuredmedia":[{"embeddable":true,"href":"https:\/\/www.ruiqigo.com\/sv\/wp-json\/wp\/v2\/media\/620"}],"wp:attachment":[{"href":"https:\/\/www.ruiqigo.com\/sv\/wp-json\/wp\/v2\/media?parent=615"}],"wp:term":[{"taxonomy":"product-tag","embeddable":true,"href":"https:\/\/www.ruiqigo.com\/sv\/wp-json\/wp\/v2\/product-tag?post=615"},{"taxonomy":"products","embeddable":true,"href":"https:\/\/www.ruiqigo.com\/sv\/wp-json\/wp\/v2\/products?post=615"}],"curies":[{"name":"wp","href":"https:\/\/api.w.org\/{rel}","templated":true}]}}