{"id":625,"date":"2024-07-24T17:02:08","date_gmt":"2024-07-24T09:02:08","guid":{"rendered":"https:\/\/ruiqigo.com\/?post_type=product&#038;p=625"},"modified":"2024-11-01T10:33:26","modified_gmt":"2024-11-01T02:33:26","slug":"mint-toothpaste","status":"publish","type":"product","link":"https:\/\/www.ruiqigo.com\/sv\/product\/mint-toothpaste","title":{"rendered":"Mint tandkr\u00e4m"},"content":{"rendered":"<h2 class=\"wp-block-heading\">Mint tandkr\u00e4m som tillverkar vanliga formler<\/h2>\n\n\n\n<p>Mentol, k\u00e4rningrediensen i Mint Toothpaste, \u00e4r en naturlig f\u00f6rening utvunnen fr\u00e5n myntav\u00e4xten, som har en unik svalkande k\u00e4nsla och arom. Mentol stimulerar munslemhinnan och fr\u00e4mjar blodcirkulationen, vilket hj\u00e4lper till att lindra oral inflammation och sm\u00e4rta. Dessutom har mentol en bakteried\u00f6dande effekt, vilket effektivt kan minska bakterier i munnen och f\u00f6rhindra tandlossning och karies.<\/p>\n\n\n\n<h2 class=\"wp-block-heading\">Mint tandkr\u00e4m till\u00e4mpliga scenarier<\/h2>\n\n\n\n<p>Mint tandkr\u00e4m \u00e4r l\u00e4mplig f\u00f6r en m\u00e4ngd olika scenarier, s\u00e4rskilt f\u00f6r f\u00f6ljande tillf\u00e4llen: efter att ha vaknat p\u00e5 morgonen hj\u00e4lper den till att ta bort oral lukt och f\u00f6rfriskning; efter m\u00e5ltider reng\u00f6r den effektivt matrester och h\u00e5ller andedr\u00e4kten fr\u00e4sch; n\u00e4r du \u00e4r tr\u00f6tt fr\u00e5n arbete eller studier kan borsta t\u00e4nderna fr\u00e4scha upp ditt sinne och lindra tr\u00f6tthet; efter att ha stannat uppe sent eller r\u00f6kt kan det minska munsmaken och ta hand om munh\u00e4lsan.<\/p>\n\n\n\n<h2 class=\"wp-block-heading\">Vem passar Mint tandkr\u00e4m f\u00f6r<\/h2>\n\n\n\n<p>Mint tandkr\u00e4m \u00e4r l\u00e4mplig f\u00f6r ett brett spektrum av m\u00e4nniskor, speciellt rekommenderat f\u00f6r f\u00f6ljande konsumenter: <\/p>\n\n\n\n<p>1. m\u00e4nniskor som vill h\u00e5lla andan fr\u00e4sch; <\/p>\n\n\n\n<p>2. personer som besv\u00e4ras av d\u00e5lig andedr\u00e4kt, s\u00e5som r\u00f6kare, personer som ofta \u00e4r uppe sent; <\/p>\n\n\n\n<p>3. m\u00e4nniskor som beh\u00f6ver fr\u00e4scha upp sina sinnen, s\u00e5som kontorsanst\u00e4llda, studenter; <\/p>\n\n\n\n<p>4. personer som f\u00f6redrar mintsmak f\u00f6r att njuta av en sval och bekv\u00e4m borstningsupplevelse.<\/p>\n\n\n\n<h2 class=\"wp-block-heading\">Mint tandkr\u00e4m produktionsprocess<\/h2>\n\n\n\n<p>Som en p\u00e5litlig Mint-tandkr\u00e4mstillverkare anv\u00e4nder vi f\u00f6ljande speciella produktionsprocess:<\/p>\n\n\n\n<p>1) Strikt screena r\u00e5varorna av mentol f\u00f6r att s\u00e4kerst\u00e4lla dess renhet och kvalitet; <\/p>\n\n\n\n<p>2) Kontrollera exakt m\u00e4ngden mentol som tills\u00e4tts f\u00f6r att s\u00e4kerst\u00e4lla produktens svalka och m\u00e5ttliga arom; <\/p>\n\n\n\n<p>3) Anv\u00e4nd l\u00e5gtemperaturfr\u00e4sningstekniken f\u00f6r att helt frig\u00f6ra aktiviteten av mentol; <\/p>\n\n\n\n<p>4) Aseptisk fyllning, f\u00f6r att s\u00e4kerst\u00e4lla att produkten \u00e4r s\u00e4ker och hygienisk; <\/p>\n\n\n\n<p>5) Fullst\u00e4ndig kvalitetskontroll f\u00f6r att s\u00e4kerst\u00e4lla att varje tandkr\u00e4m uppfyller de nationella standarderna. nationell standard.<\/p>","protected":false},"excerpt":{"rendered":"Mint toothpaste manufacturing common formulas Menthol, the core ingredient of Mint Toothpaste, is a natural compound extracted from the mint plant, which has a unique cooling sensation and aroma. Menthol stimulates the oral mucosa and promotes blood circulation, helping to relieve oral inflammation and pain. In addition, menthol has a bactericidal effect, which can effectively [&hellip;]","protected":false},"featured_media":626,"menu_order":0,"template":"","meta":[],"product-tag":[],"products":[71],"class_list":["post-625","product","type-product","status-publish","has-post-thumbnail","hentry","products-toothpaste"],"acf":[],"_links":{"self":[{"href":"https:\/\/www.ruiqigo.com\/sv\/wp-json\/wp\/v2\/product\/625","targetHints":{"allow":["GET"]}}],"collection":[{"href":"https:\/\/www.ruiqigo.com\/sv\/wp-json\/wp\/v2\/product"}],"about":[{"href":"https:\/\/www.ruiqigo.com\/sv\/wp-json\/wp\/v2\/types\/product"}],"version-history":[{"count":0,"href":"https:\/\/www.ruiqigo.com\/sv\/wp-json\/wp\/v2\/product\/625\/revisions"}],"wp:featuredmedia":[{"embeddable":true,"href":"https:\/\/www.ruiqigo.com\/sv\/wp-json\/wp\/v2\/media\/626"}],"wp:attachment":[{"href":"https:\/\/www.ruiqigo.com\/sv\/wp-json\/wp\/v2\/media?parent=625"}],"wp:term":[{"taxonomy":"product-tag","embeddable":true,"href":"https:\/\/www.ruiqigo.com\/sv\/wp-json\/wp\/v2\/product-tag?post=625"},{"taxonomy":"products","embeddable":true,"href":"https:\/\/www.ruiqigo.com\/sv\/wp-json\/wp\/v2\/products?post=625"}],"curies":[{"name":"wp","href":"https:\/\/api.w.org\/{rel}","templated":true}]}}