{"id":630,"date":"2024-07-24T17:29:38","date_gmt":"2024-07-24T09:29:38","guid":{"rendered":"https:\/\/ruiqigo.com\/?post_type=product&#038;p=630"},"modified":"2024-11-01T10:33:12","modified_gmt":"2024-11-01T02:33:12","slug":"tea-tree-oil-toothpaste","status":"publish","type":"product","link":"https:\/\/www.ruiqigo.com\/sv\/product\/tea-tree-oil-toothpaste","title":{"rendered":"Tea tree oil tandkr\u00e4m"},"content":{"rendered":"<h2 class=\"wp-block-heading\">Tea tree oil tandkr\u00e4m som tillverkar vanliga formler<\/h2>\n\n\n\n<p>K\u00e4rningrediensen i Tea Tree Oil-tandkr\u00e4m, Camellia Sinensis Seed Extract, \u00e4r en naturlig olja extraherad fr\u00e5n Camellia Sinensis-fr\u00f6n, som har antiinflammatoriska och antibakteriella effekter. Extrakt av tefr\u00f6olja kan effektivt h\u00e4mma tillv\u00e4xten av skadliga bakterier i munh\u00e5lan, minska bildningen av plack och d\u00e4rigenom minska f\u00f6rekomsten av karies. Dessutom har olje-tefr\u00f6extrakt ocks\u00e5 en naturlig doft, kan effektivt ta bort oral lukt och f\u00f6rb\u00e4ttra den orala milj\u00f6n.<\/p>\n\n\n\n<h2 class=\"wp-block-heading\">Tea tree oil tandkr\u00e4m till\u00e4mpliga scenarier<\/h2>\n\n\n\n<p>Tea tree oil-tandkr\u00e4m \u00e4r l\u00e4mplig f\u00f6r en m\u00e4ngd olika scenarier, s\u00e4rskilt vid f\u00f6ljande tillf\u00e4llen: efter att ha vaknat p\u00e5 morgonen, f\u00f6r att ta bort oral lukt och \u00e5terst\u00e4lla frisk andedr\u00e4kt; efter m\u00e5ltider, f\u00f6r att effektivt reng\u00f6ra matrester och skydda t\u00e4nderna; efter att ha stannat uppe hela natten, r\u00f6kt, f\u00f6r att lindra oral lukt och v\u00e5rda tandh\u00e4lsan.<\/p>\n\n\n\n<h2 class=\"wp-block-heading\">Vem \u00e4r Tea tree oil tandkr\u00e4m l\u00e4mplig f\u00f6r<\/h2>\n\n\n\n<p>Tea tree oil tandkr\u00e4m \u00e4r l\u00e4mplig f\u00f6r ett brett spektrum av m\u00e4nniskor, speciellt rekommenderat f\u00f6r f\u00f6ljande konsumenter: <\/p>\n\n\n\n<p>1. personer som besv\u00e4ras av oral lukt, s\u00e5som r\u00f6kare, stannar ofta uppe sent. <\/p>\n\n\n\n<p>2. personer med k\u00e4nsliga t\u00e4nder, m\u00e5ste f\u00f6rsiktigt reng\u00f6ra folkmassan; <\/p>\n\n\n\n<p>3. Diabetespatienter, p\u00e5 grund av den h\u00f6ga risken f\u00f6r tandlossning, m\u00e5ste \u00e4gna s\u00e4rskild uppm\u00e4rksamhet \u00e5t munv\u00e5rd; <\/p>\n\n\n\n<p>4. gillar att prova en ny typ av munv\u00e5rdsprodukter f\u00f6r konsumenter, f\u00f6r att njuta av den munh\u00e4lsa som kommer med tea tree-olja.<\/p>\n\n\n\n<h2 class=\"wp-block-heading\">Process f\u00f6r produktion av tea tree oil tandkr\u00e4m<\/h2>\n\n\n\n<p>Som en kvalitativ tea tree oil tandkr\u00e4mstillverkare anv\u00e4nder vi f\u00f6ljande speciella produktionsprocess: <\/p>\n\n\n\n<p>1. Strikt screening av r\u00e5varor av Camellia sinensis fr\u00f6extrakt f\u00f6r att s\u00e4kerst\u00e4lla dess renhet och kvalitet; <\/p>\n\n\n\n<p>2. noggrann kontroll av m\u00e4ngden Camellia sinensis fr\u00f6extrakt tillsatt f\u00f6r att s\u00e4kerst\u00e4lla att produkten \u00e4r s\u00e4ker och effektiv; <\/p>\n\n\n\n<p>3. L\u00e5gtemperaturfr\u00e4steknik anv\u00e4nds f\u00f6r att helt frig\u00f6ra aktiviteten hos fr\u00f6extrakt fr\u00e5n Camellia sinensis; <\/p>\n\n\n\n<p>4. Aseptisk fyllning f\u00f6r att s\u00e4kerst\u00e4lla att produkten \u00e4r s\u00e4ker och hygienisk.<\/p>\n\n\n\n<p>5. Hela processen med kvalitetskontroll f\u00f6r att s\u00e4kerst\u00e4lla att varje tandkr\u00e4m uppfyller de nationella standarderna. Som en kvalitativ tillverkare av tea tree oil tandkr\u00e4m uppfyller varje tandkr\u00e4m den nationella standarden.<\/p>","protected":false},"excerpt":{"rendered":"Tea tree oil toothpaste manufacturing common formulas The core ingredient of Tea Tree Oil Toothpaste, Camellia Sinensis Seed Extract, is a natural oil extracted from Camellia Sinensis seeds, which has anti-inflammatory and antibacterial effects. Oil tea seed extract can effectively inhibit the growth of harmful bacteria in the oral cavity, reduce the formation of plaque, [&hellip;]","protected":false},"featured_media":631,"menu_order":0,"template":"","meta":[],"product-tag":[],"products":[71],"class_list":["post-630","product","type-product","status-publish","has-post-thumbnail","hentry","products-toothpaste"],"acf":[],"_links":{"self":[{"href":"https:\/\/www.ruiqigo.com\/sv\/wp-json\/wp\/v2\/product\/630","targetHints":{"allow":["GET"]}}],"collection":[{"href":"https:\/\/www.ruiqigo.com\/sv\/wp-json\/wp\/v2\/product"}],"about":[{"href":"https:\/\/www.ruiqigo.com\/sv\/wp-json\/wp\/v2\/types\/product"}],"version-history":[{"count":0,"href":"https:\/\/www.ruiqigo.com\/sv\/wp-json\/wp\/v2\/product\/630\/revisions"}],"wp:featuredmedia":[{"embeddable":true,"href":"https:\/\/www.ruiqigo.com\/sv\/wp-json\/wp\/v2\/media\/631"}],"wp:attachment":[{"href":"https:\/\/www.ruiqigo.com\/sv\/wp-json\/wp\/v2\/media?parent=630"}],"wp:term":[{"taxonomy":"product-tag","embeddable":true,"href":"https:\/\/www.ruiqigo.com\/sv\/wp-json\/wp\/v2\/product-tag?post=630"},{"taxonomy":"products","embeddable":true,"href":"https:\/\/www.ruiqigo.com\/sv\/wp-json\/wp\/v2\/products?post=630"}],"curies":[{"name":"wp","href":"https:\/\/api.w.org\/{rel}","templated":true}]}}