{"id":635,"date":"2024-07-25T15:47:07","date_gmt":"2024-07-25T07:47:07","guid":{"rendered":"https:\/\/ruiqigo.com\/?post_type=product&#038;p=635"},"modified":"2025-09-03T15:22:48","modified_gmt":"2025-09-03T07:22:48","slug":"fluoride-mouthwash","status":"publish","type":"product","link":"https:\/\/www.ruiqigo.com\/sv\/product\/fluoride-mouthwash","title":{"rendered":"Fluor munvatten"},"content":{"rendered":"<h2 class=\"wp-block-heading\">Vanliga formler<\/h2>\n\n\n\n<p><strong>Natriummonofluorfosfat<\/strong>, k\u00e4rningrediensen i Fluorid Mouthwash, \u00e4r en sorts fluor som ofta anv\u00e4nds i munv\u00e5rdsprodukter, som effektivt kan f\u00f6rb\u00e4ttra tandemaljens anti-syraf\u00f6rm\u00e5ga och minska f\u00f6rekomsten av karies.0.02% fluorinneh\u00e5ll \u00e4r i linje med nationella och internationella standarder, vilket kan spela en roll i fluoridens s\u00e4kerhet, men ocks\u00e5 f\u00f6r att s\u00e4kerst\u00e4lla anv\u00e4ndningen. Dessutom kan natriummonofluorfosfat ocks\u00e5 fr\u00e4mja tandremineralisering och reparera tidig karies.<\/p>\n\n\n\n<h2 class=\"wp-block-heading\">Till\u00e4mpliga scenarier<\/h2>\n\n\n\n<p>Fluor Munsk\u00f6lj \u00e4r l\u00e4mplig f\u00f6r en m\u00e4ngd olika scenarier, speciellt f\u00f6r f\u00f6ljande tillf\u00e4llen: <\/p>\n\n\n\n<p>1. efter m\u00e5ltid, effektiv reng\u00f6ring av matrester och skydd av t\u00e4nderna; <\/p>\n\n\n\n<p>2. efter att ha stannat uppe hela natten och r\u00f6kt, f\u00f6r att minska munsmaken och ta hand om t\u00e4ndernas h\u00e4lsa; <\/p>\n\n\n\n<p>3. vid speciella tillf\u00e4llen, s\u00e5som br\u00f6llop, intervjuer etc., f\u00f6r att h\u00e5lla andan frisk; <\/p>\n\n\n\n<p>4. efter behandling av munsjukdomar, f\u00f6r att hj\u00e4lpa till med reng\u00f6ring av munh\u00e5lan.<\/p>\n\n\n\n<h2 class=\"wp-block-heading\">Vem \u00e4r fluor munvatten f\u00f6r<\/h2>\n\n\n\n<p>Fluor munvatten \u00e4r l\u00e4mpliga f\u00f6r ett brett spektrum av m\u00e4nniskor, rekommenderas speciellt f\u00f6r f\u00f6ljande konsumenter: <\/p>\n\n\n\n<p>1. barn, ungdomar och vuxna f\u00f6r att f\u00f6rhindra karies och bibeh\u00e5lla munh\u00e4lsa; <\/p>\n\n\n\n<p>2. personer med k\u00e4nsliga t\u00e4nder som beh\u00f6ver f\u00f6rb\u00e4ttra emaljens h\u00e5rdhet; <\/p>\n\n\n\n<p>3. Diabetespatienter som l\u00f6per h\u00f6g risk f\u00f6r tandlossning och beh\u00f6ver \u00e4gna s\u00e4rskild uppm\u00e4rksamhet \u00e5t munh\u00e4lsov\u00e5rd; <\/p>\n\n\n\n<p>4. konsumenter som gillar att prova nya munh\u00e4lsoprodukter f\u00f6r att dra nytta av f\u00f6rdelarna med Fluorid Mouthwash. Munh\u00e4lsa medf\u00f6rt av Fluorid Mouthwash.<\/p>\n\n\n\n<h2 class=\"wp-block-heading\">Produktionsprocess<\/h2>\n\n\n\n<p>F\u00f6r att s\u00e4kerst\u00e4lla kvaliteten p\u00e5 Fluorid Munsk\u00f6lj, anv\u00e4nder vi f\u00f6ljande speciella produktionsprocess: <\/p>\n\n\n\n<p>1. Strikt screening av r\u00e5varor av natriummonofluorfosfat f\u00f6r att s\u00e4kerst\u00e4lla dess renhet och kvalitet. <\/p>\n\n\n\n<p>2. Exakt kontroll av m\u00e4ngden natriummonofluorfosfat som tills\u00e4tts f\u00f6r att s\u00e4kerst\u00e4lla produktens s\u00e4kerhet och effektivitet. <\/p>\n\n\n\n<p>3. L\u00e5gtemperaturblandningsteknik anv\u00e4nds f\u00f6r att frig\u00f6ra aktiviteten hos natriummonofluorfosfat i st\u00f6rsta m\u00f6jliga utstr\u00e4ckning; <\/p>\n\n\n\n<p>4. Aseptisk fyllning f\u00f6r att s\u00e4kerst\u00e4lla att produkten \u00e4r s\u00e4ker och hygienisk. <\/p>\n\n\n\n<p>5. Fullst\u00e4ndig kvalitetskontroll f\u00f6r att s\u00e4kerst\u00e4lla att varje flaska Fluor Munsk\u00f6lj \u00e4r s\u00e4ker och hygienisk. Kvalitetskontroll f\u00f6r att s\u00e4kerst\u00e4lla att varje flaska Fluoride Munvatten uppfyller den nationella standarden. <\/p>\n\n\n\n<p>Genom ovanst\u00e5ende process ger vi dig en h\u00f6gkvalitativ och p\u00e5litlig munv\u00e5rdsprodukt.<\/p>","protected":false},"excerpt":{"rendered":"Common Formulas Sodium Monofluorophosphate, the core ingredient of Fluoride Mouthwash, is a kind of fluoride widely used in oral care products, which can effectively enhance the anti-acid ability of tooth enamel and reduce the incidence of tooth decay.0.02% fluorine content is in line with national and international standards, which can play a role in the [&hellip;]","protected":false},"featured_media":667,"menu_order":0,"template":"","meta":[],"product-tag":[201,206,207,208,212,213,214,216],"products":[72],"class_list":["post-635","product","type-product","status-publish","has-post-thumbnail","hentry","product-tag-mouthwash-manufacturer","product-tag-mouthwash-companies","product-tag-mouthwash-factory","product-tag-mouthwash-suppliers","product-tag-mouthwash-contract-manufacturer","product-tag-antiseptic-mouthwashes-manufacturer","product-tag-mouthwash-manufacturers-usa","product-tag-private-label-mouthwash-manufacturers","products-mouthwash"],"acf":[],"_links":{"self":[{"href":"https:\/\/www.ruiqigo.com\/sv\/wp-json\/wp\/v2\/product\/635","targetHints":{"allow":["GET"]}}],"collection":[{"href":"https:\/\/www.ruiqigo.com\/sv\/wp-json\/wp\/v2\/product"}],"about":[{"href":"https:\/\/www.ruiqigo.com\/sv\/wp-json\/wp\/v2\/types\/product"}],"version-history":[{"count":0,"href":"https:\/\/www.ruiqigo.com\/sv\/wp-json\/wp\/v2\/product\/635\/revisions"}],"wp:featuredmedia":[{"embeddable":true,"href":"https:\/\/www.ruiqigo.com\/sv\/wp-json\/wp\/v2\/media\/667"}],"wp:attachment":[{"href":"https:\/\/www.ruiqigo.com\/sv\/wp-json\/wp\/v2\/media?parent=635"}],"wp:term":[{"taxonomy":"product-tag","embeddable":true,"href":"https:\/\/www.ruiqigo.com\/sv\/wp-json\/wp\/v2\/product-tag?post=635"},{"taxonomy":"products","embeddable":true,"href":"https:\/\/www.ruiqigo.com\/sv\/wp-json\/wp\/v2\/products?post=635"}],"curies":[{"name":"wp","href":"https:\/\/api.w.org\/{rel}","templated":true}]}}