{"id":636,"date":"2024-07-24T18:01:18","date_gmt":"2024-07-24T10:01:18","guid":{"rendered":"https:\/\/ruiqigo.com\/?post_type=product&#038;p=636"},"modified":"2024-11-01T14:21:18","modified_gmt":"2024-11-01T06:21:18","slug":"floss-with-stick","status":"publish","type":"product","link":"https:\/\/www.ruiqigo.com\/sv\/product\/floss-with-stick","title":{"rendered":"Tandtr\u00e5d med pinne"},"content":{"rendered":"<h2 class=\"wp-block-heading\">Tandtr\u00e5d med stifttillverkning vanliga formler<\/h2>\n\n\n\n<p>Den aktiva ingrediensen i Floss with Stick, UHMWPE-fiber, har h\u00f6g h\u00e5llfasthet och h\u00f6g friktion, vilket kan tr\u00e4nga djupt in i tandsprickorna och effektivt ta bort matrester och plack. Sticken \u00e4r tillverkad av HIPS livsmedelsklassad plast, med ett ergonomiskt handtag, vilket g\u00f6r den bekv\u00e4m att h\u00e5lla och sparar energi. Som en ledande tillverkare av Floss with Stick kan den tillsatta mint-\/fruktfaktorn fr\u00e4scha upp andedr\u00e4kten och ta bort matrester.<\/p>\n\n\n\n<h2 class=\"wp-block-heading\">Tandtr\u00e5d med pinne, till\u00e4mpliga scenarier<\/h2>\n\n\n\n<p>Tandtr\u00e5d med stift passar f\u00f6r en m\u00e4ngd olika situationer, s\u00e4rskilt f\u00f6r f\u00f6ljande tillf\u00e4llen: <\/p>\n\n\n\n<p>1. Reng\u00f6r effektivt matrester efter m\u00e5ltider och h\u00e5ll andedr\u00e4kten fr\u00e4sch; <\/p>\n\n\n\n<p>2. under ortodonti, extra reng\u00f6ringsmellanrum; <\/p>\n\n\n\n<p>3. speciella tillf\u00e4llen, s\u00e5som br\u00f6llop, jobbintervjuer etc., f\u00f6r att h\u00e5lla andedr\u00e4kten fr\u00e4sch; <\/p>\n\n\n\n<p>4. Efter behandling av orala sjukdomar, extra reng\u00f6ringsgap.<\/p>\n\n\n\n<h2 class=\"wp-block-heading\">F\u00f6r vem passar tandtr\u00e5d med stift?<\/h2>\n\n\n\n<p>Tandtr\u00e5d med stift passar en m\u00e4ngd olika m\u00e4nniskor, s\u00e4rskilt rekommenderad f\u00f6r f\u00f6ljande konsumenter: <\/p>\n\n\n\n<p>1. personer med h\u00f6g medvetenhet om munhygien; <\/p>\n\n\n\n<p>2. personer med s\u00e4rskilda behov s\u00e5som ortodonti och tandimplantat; <\/p>\n\n\n\n<p>3. personer som beh\u00f6ver h\u00e5lla andan frisk vid speciella tillf\u00e4llen; <\/p>\n\n\n\n<p>4. personer som beh\u00f6ver reng\u00f6ra sina t\u00e4nder efter behandling av orala sjukdomar.<\/p>\n\n\n\n<h2 class=\"wp-block-heading\">Tandtr\u00e5d med stickproduktionsprocess<\/h2>\n\n\n\n<p>Som professionell tillverkare av tandtr\u00e5d med stift anv\u00e4nder vi f\u00f6ljande speciella produktionsprocess: <\/p>\n\n\n\n<p>1. Strikt screening av UHMWPE ultrah\u00f6gmolekyl\u00e4ra polyetenfiberr\u00e5varor f\u00f6r att s\u00e4kerst\u00e4lla dess renhet och kvalitet; <\/p>\n\n\n\n<p>2. Noggrann kontroll av Floss-tr\u00e5dens v\u00e4vningsprocessen f\u00f6r att s\u00e4kerst\u00e4lla att produkten inte stannar och inte faller is\u00e4r; <\/p>\n\n\n\n<p>3. Anv\u00e4ndning av HIPS livsmedelsklassad plast f\u00f6r att s\u00e4kerst\u00e4lla Sticks s\u00e4kerhet; <\/p>\n\n\n\n<p>4. Aseptisk fyllning f\u00f6r att s\u00e4kerst\u00e4lla att produkten \u00e4r s\u00e4ker och hygienisk; <\/p>\n\n\n\n<p>5. Fullst\u00e4ndig kvalitetskontroll f\u00f6r att s\u00e4kerst\u00e4lla att varje tandtr\u00e5d med stift uppfyller den nationella standarden.<\/p>","protected":false},"excerpt":{"rendered":"Floss with stick manufacturing common formulas The active ingredient in Floss with Stick, UHMWPE fiber, has the characteristics of high strength and high friction, which can penetrate deep into the crevices of the teeth and effectively remove food residues and plaque.Stick is made of HIPS food-grade plastic, with an ergonomic handle, which makes it comfortable [&hellip;]","protected":false},"featured_media":637,"menu_order":0,"template":"","meta":[],"product-tag":[],"products":[74],"class_list":["post-636","product","type-product","status-publish","has-post-thumbnail","hentry","products-floss-stick"],"acf":[],"_links":{"self":[{"href":"https:\/\/www.ruiqigo.com\/sv\/wp-json\/wp\/v2\/product\/636","targetHints":{"allow":["GET"]}}],"collection":[{"href":"https:\/\/www.ruiqigo.com\/sv\/wp-json\/wp\/v2\/product"}],"about":[{"href":"https:\/\/www.ruiqigo.com\/sv\/wp-json\/wp\/v2\/types\/product"}],"version-history":[{"count":0,"href":"https:\/\/www.ruiqigo.com\/sv\/wp-json\/wp\/v2\/product\/636\/revisions"}],"wp:featuredmedia":[{"embeddable":true,"href":"https:\/\/www.ruiqigo.com\/sv\/wp-json\/wp\/v2\/media\/637"}],"wp:attachment":[{"href":"https:\/\/www.ruiqigo.com\/sv\/wp-json\/wp\/v2\/media?parent=636"}],"wp:term":[{"taxonomy":"product-tag","embeddable":true,"href":"https:\/\/www.ruiqigo.com\/sv\/wp-json\/wp\/v2\/product-tag?post=636"},{"taxonomy":"products","embeddable":true,"href":"https:\/\/www.ruiqigo.com\/sv\/wp-json\/wp\/v2\/products?post=636"}],"curies":[{"name":"wp","href":"https:\/\/api.w.org\/{rel}","templated":true}]}}