{"id":641,"date":"2024-07-24T18:09:35","date_gmt":"2024-07-24T10:09:35","guid":{"rendered":"https:\/\/ruiqigo.com\/?post_type=product&#038;p=641"},"modified":"2024-11-01T14:23:37","modified_gmt":"2024-11-01T06:23:37","slug":"biodegradable-floss-sticks","status":"publish","type":"product","link":"https:\/\/www.ruiqigo.com\/sv\/product\/biodegradable-floss-sticks","title":{"rendered":"Biologiskt nedbrytbar tandtr\u00e5d"},"content":{"rendered":"<h2 class=\"wp-block-heading\">Biologiskt nedbrytbar tandtr\u00e5d som tillverkar vanliga formler<\/h2>\n\n\n\n<p>Den aktiva ingrediensen i Biodegradable Floss Sticks, UHMWPE-fiber, har h\u00f6g h\u00e5llfasthet och h\u00f6ga friktionsegenskaper, som kan penetrera djupt in i t\u00e4ndernas sprickor, effektivt ta bort matrester och plack, medan PLA-nedbrytbar majsst\u00e4rkelse \u00e4r gjord i Stick, handtaget \u00e4r ergonomiskt utformat f\u00f6r att g\u00f6ra det bekv\u00e4mt att h\u00e5lla i och spara anstr\u00e4ngning att anv\u00e4nda. Den tillsatta mint\/fruktfaktorn kan fr\u00e4scha upp andedr\u00e4kten och ta bort matrester.<\/p>\n\n\n\n<h2 class=\"wp-block-heading\">Biologiskt nedbrytbar tandtr\u00e5d till\u00e4mpliga scenarier<\/h2>\n\n\n\n<p>Biologiskt nedbrytbara tandtr\u00e5dsstickor kan anv\u00e4ndas i en m\u00e4ngd olika scenarier, speciellt vid f\u00f6ljande tillf\u00e4llen: <\/p>\n\n\n\n<p>1. efter m\u00e5ltider, f\u00f6r att effektivt reng\u00f6ra matrester och h\u00e5lla andan fr\u00e4sch; <\/p>\n\n\n\n<p>2. under ortodontisk behandling, f\u00f6r att hj\u00e4lpa till med att reng\u00f6ra gapet; <\/p>\n\n\n\n<p>3. speciella tillf\u00e4llen, s\u00e5som br\u00f6llop, intervjuer, etc., f\u00f6r att h\u00e5lla andan frisk; <\/p>\n\n\n\n<p>4. efter oral sjukdom behandling, f\u00f6r att hj\u00e4lpa till med att reng\u00f6ra gapet.<\/p>\n\n\n\n<h2 class=\"wp-block-heading\">Vem \u00e4r biologiskt nedbrytbar tandtr\u00e5d l\u00e4mplig f\u00f6r<\/h2>\n\n\n\n<p>Biologiskt nedbrytbara tandtr\u00e5dsstickor \u00e4r l\u00e4mpliga f\u00f6r ett brett spektrum av m\u00e4nniskor, rekommenderas speciellt f\u00f6r f\u00f6ljande konsumenter: <\/p>\n\n\n\n<p>1. personer med h\u00f6g medvetenhet om munhygien; <\/p>\n\n\n\n<p>2. speciella personer som ortodonti och tandimplantat; <\/p>\n\n\n\n<p>3. personer som beh\u00f6ver h\u00e5lla andan frisk vid speciella tillf\u00e4llen; <\/p>\n\n\n\n<p>4. personer som beh\u00f6ver hj\u00e4lpa till med st\u00e4dning efter behandling av munsjukdomar.<\/p>\n\n\n\n<h2 class=\"wp-block-heading\">Produktionsprocess f\u00f6r biologiskt nedbrytbar tandtr\u00e5d<\/h2>\n\n\n\n<p>Som en v\u00e4rdig tillverkare av biologiskt nedbrytbar tandtr\u00e5d anv\u00e4nder vi f\u00f6ljande speciella produktionsprocess: <\/p>\n\n\n\n<p>1. Strikt screena r\u00e5varorna i UHMWPE polyetenfiber med ultrah\u00f6g molekylvikt f\u00f6r att s\u00e4kerst\u00e4lla dess renhet och kvalitet; <\/p>\n\n\n\n<p>2. Kontrollera noggrant v\u00e4vprocessen f\u00f6r tr\u00e5dtr\u00e5den f\u00f6r att s\u00e4kerst\u00e4lla att produkten inte g\u00e5r s\u00f6nder och inte faller is\u00e4r; <\/p>\n\n\n\n<p>3. Anv\u00e4ndning av PLA biologiskt nedbrytbar majsst\u00e4rkelse f\u00f6r att s\u00e4kerst\u00e4lla att Sticks \u00e4r milj\u00f6v\u00e4nliga; <\/p>\n\n\n\n<p>4. Aseptisk fyllning s\u00e4kerst\u00e4ller att produkterna \u00e4r s\u00e4kra och hygieniska; <\/p>\n\n\n\n<p>Som en ledande tillverkare av biologiskt nedbrytbar tandtr\u00e5d, s\u00e4kerst\u00e4ller hela processen med kvalitetskontroll att varje biologiskt nedbrytbar tandtr\u00e5d uppfyller de nationella standarderna.<\/p>\n\n\n\n<p><\/p>","protected":false},"excerpt":{"rendered":"Biodegradable floss stick manufacturing common formulas The active ingredient in Biodegradable Floss Sticks, UHMWPE fiber, has high strength and high friction characteristics, which can penetrate deep into the crevices of the teeth, effectively removing food debris and plaque, while PLA degradable corn starch is made into the Stick, the handle is ergonomically designed to make [&hellip;]","protected":false},"featured_media":642,"menu_order":0,"template":"","meta":[],"product-tag":[],"products":[74],"class_list":["post-641","product","type-product","status-publish","has-post-thumbnail","hentry","products-floss-stick"],"acf":[],"_links":{"self":[{"href":"https:\/\/www.ruiqigo.com\/sv\/wp-json\/wp\/v2\/product\/641","targetHints":{"allow":["GET"]}}],"collection":[{"href":"https:\/\/www.ruiqigo.com\/sv\/wp-json\/wp\/v2\/product"}],"about":[{"href":"https:\/\/www.ruiqigo.com\/sv\/wp-json\/wp\/v2\/types\/product"}],"version-history":[{"count":0,"href":"https:\/\/www.ruiqigo.com\/sv\/wp-json\/wp\/v2\/product\/641\/revisions"}],"wp:featuredmedia":[{"embeddable":true,"href":"https:\/\/www.ruiqigo.com\/sv\/wp-json\/wp\/v2\/media\/642"}],"wp:attachment":[{"href":"https:\/\/www.ruiqigo.com\/sv\/wp-json\/wp\/v2\/media?parent=641"}],"wp:term":[{"taxonomy":"product-tag","embeddable":true,"href":"https:\/\/www.ruiqigo.com\/sv\/wp-json\/wp\/v2\/product-tag?post=641"},{"taxonomy":"products","embeddable":true,"href":"https:\/\/www.ruiqigo.com\/sv\/wp-json\/wp\/v2\/products?post=641"}],"curies":[{"name":"wp","href":"https:\/\/api.w.org\/{rel}","templated":true}]}}