{"id":646,"date":"2024-07-25T15:09:22","date_gmt":"2024-07-25T07:09:22","guid":{"rendered":"https:\/\/ruiqigo.com\/?post_type=product&#038;p=646"},"modified":"2024-11-01T14:14:29","modified_gmt":"2024-11-01T06:14:29","slug":"potassium-nitrate-toothpaste","status":"publish","type":"product","link":"https:\/\/www.ruiqigo.com\/sv\/product\/potassium-nitrate-toothpaste","title":{"rendered":"Kaliumnitrat tandkr\u00e4m"},"content":{"rendered":"<h2 class=\"wp-block-heading\">Kaliumnitrat tandkr\u00e4m som tillverkar vanliga formler<\/h2>\n\n\n\n<p>Kaliumnitrat Tandkr\u00e4mens k\u00e4rningrediens, Kaliumnitrat, har effekten av att lindra tandk\u00e4nslighet. Kaliumnitrat kan effektivt minska t\u00e4ndernas k\u00e4nslighet f\u00f6r kalla, varma, s\u00f6ta och andra stimuli, och har samtidigt antibakteriella och antiinflammatoriska effekter, vilket hj\u00e4lper till att f\u00f6rebygga munsjukdomar. Dessutom kan kaliumnitrat ocks\u00e5 bidra till att f\u00f6rb\u00e4ttra den orala milj\u00f6n och minska bildningen av plack, vilket minskar f\u00f6rekomsten av karies.<\/p>\n\n\n\n<h2 class=\"wp-block-heading\">Kaliumnitrat tandkr\u00e4m till\u00e4mpliga scenarier<\/h2>\n\n\n\n<p>Kaliumnitrat-tandkr\u00e4m \u00e4r l\u00e4mplig f\u00f6r en m\u00e4ngd olika scenarier, speciellt f\u00f6r f\u00f6ljande tillf\u00e4llen: 1. personer med k\u00e4nsliga t\u00e4nder, f\u00f6r att effektivt minska tandk\u00e4nsligheten; <\/p>\n\n\n\n<p>2. efter m\u00e5ltider, f\u00f6r att effektivt reng\u00f6ra matrester, f\u00f6r att bibeh\u00e5lla frisk andedr\u00e4kt; <\/p>\n\n\n\n<p>3. efter att ha stannat uppe hela natten, efter r\u00f6kning, f\u00f6r att minska den d\u00e5liga smaken i munnen, f\u00f6r att ta hand om t\u00e4ndernas h\u00e4lsa; <\/p>\n\n\n\n<p>4. speciella tillf\u00e4llen, s\u00e5som br\u00f6llop, anst\u00e4llningsintervjuer, etc., f\u00f6r att h\u00e5lla andan frisk.<\/p>\n\n\n\n<h2 class=\"wp-block-heading\">Vem \u00e4r Kaliumnitrat tandkr\u00e4m l\u00e4mplig f\u00f6r<\/h2>\n\n\n\n<p>Kaliumnitrat tandkr\u00e4m \u00e4r l\u00e4mplig f\u00f6r ett brett spektrum av m\u00e4nniskor, speciellt rekommenderat f\u00f6r f\u00f6ljande konsumenter: <\/p>\n\n\n\n<p>1. personer med k\u00e4nsliga t\u00e4nder som beh\u00f6ver lindra tandk\u00e4nslighet; <\/p>\n\n\n\n<p>2. personer som \u00e4r besv\u00e4rade av oral lukt, s\u00e5som r\u00f6kare, stannar ofta uppe hela natten; <\/p>\n\n\n\n<p>3. Diabetespatienter som l\u00f6per h\u00f6g risk f\u00f6r tandlossning och beh\u00f6ver \u00e4gna s\u00e4rskild uppm\u00e4rksamhet \u00e5t munv\u00e5rd; <\/p>\n\n\n\n<p>4. Konsumenter som gillar att prova nya munv\u00e5rdsprodukter; <\/p>\n\n\n\n<p>5. Konsumenter som gillar att njuta av kaliumnitrat-tandkr\u00e4m och njuta av f\u00f6rdelarna med kaliumnitrat-tandkr\u00e4m. <\/p>\n\n\n\n<h2 class=\"wp-block-heading\">Produktionsprocess f\u00f6r kaliumnitrat tandkr\u00e4m<\/h2>\n\n\n\n<p>Som en professionell tillverkare av kaliumnitrat tandkr\u00e4m anv\u00e4nder vi f\u00f6ljande speciella produktionsprocess: <\/p>\n\n\n\n<p>1. Strikt screening av kaliumnitratr\u00e5varor f\u00f6r att s\u00e4kerst\u00e4lla dess renhet och kvalitet; <\/p>\n\n\n\n<p>2. Exakt kontroll av m\u00e4ngden tillsatt kaliumnitrat f\u00f6r att s\u00e4kerst\u00e4lla att produkten \u00e4r s\u00e4ker och effektiv; <\/p>\n\n\n\n<p>3. L\u00e5gtemperaturfr\u00e4sningsteknik anv\u00e4nds f\u00f6r att helt frig\u00f6ra aktiviteten av kaliumnitrat; <\/p>\n\n\n\n<p>4. Aseptisk fyllning s\u00e4kerst\u00e4ller att produkten \u00e4r s\u00e4ker och hygienisk; <\/p>\n\n\n\n<p>5. Fullst\u00e4ndig kvalitetskontroll f\u00f6r att s\u00e4kerst\u00e4lla att varje Kaliumnitrat-tandkr\u00e4m uppfyller den nationella standarden. Genom ovanst\u00e5ende process, som en professionell kaliumnitrat-tandkr\u00e4mstillverkare, kommer vi att ge dig en h\u00f6gkvalitativ och p\u00e5litlig munv\u00e5rdsprodukt.<\/p>\n\n\n\n<p><\/p>","protected":false},"excerpt":{"rendered":"Potassium nitrate toothpaste manufacturing common formulas Potassium Nitrate Toothpaste&#8217;s core ingredient, Potassium Nitrate, has the effect of relieving tooth sensitivity. Potassium nitrate can effectively reduce the sensitivity of teeth to cold, hot, sweet and other stimuli, and at the same time has antibacterial and anti-inflammatory effects, which helps to prevent oral diseases. In addition, potassium [&hellip;]","protected":false},"featured_media":653,"menu_order":0,"template":"","meta":[],"product-tag":[],"products":[71],"class_list":["post-646","product","type-product","status-publish","has-post-thumbnail","hentry","products-toothpaste"],"acf":[],"_links":{"self":[{"href":"https:\/\/www.ruiqigo.com\/sv\/wp-json\/wp\/v2\/product\/646","targetHints":{"allow":["GET"]}}],"collection":[{"href":"https:\/\/www.ruiqigo.com\/sv\/wp-json\/wp\/v2\/product"}],"about":[{"href":"https:\/\/www.ruiqigo.com\/sv\/wp-json\/wp\/v2\/types\/product"}],"version-history":[{"count":0,"href":"https:\/\/www.ruiqigo.com\/sv\/wp-json\/wp\/v2\/product\/646\/revisions"}],"wp:featuredmedia":[{"embeddable":true,"href":"https:\/\/www.ruiqigo.com\/sv\/wp-json\/wp\/v2\/media\/653"}],"wp:attachment":[{"href":"https:\/\/www.ruiqigo.com\/sv\/wp-json\/wp\/v2\/media?parent=646"}],"wp:term":[{"taxonomy":"product-tag","embeddable":true,"href":"https:\/\/www.ruiqigo.com\/sv\/wp-json\/wp\/v2\/product-tag?post=646"},{"taxonomy":"products","embeddable":true,"href":"https:\/\/www.ruiqigo.com\/sv\/wp-json\/wp\/v2\/products?post=646"}],"curies":[{"name":"wp","href":"https:\/\/api.w.org\/{rel}","templated":true}]}}