{"id":647,"date":"2024-07-25T15:05:08","date_gmt":"2024-07-25T07:05:08","guid":{"rendered":"https:\/\/ruiqigo.com\/?post_type=product&#038;p=647"},"modified":"2024-11-01T14:16:04","modified_gmt":"2024-11-01T06:16:04","slug":"coconut-oil-toothpaste","status":"publish","type":"product","link":"https:\/\/www.ruiqigo.com\/sv\/product\/coconut-oil-toothpaste","title":{"rendered":"Kokosolja tandkr\u00e4m"},"content":{"rendered":"<h2 class=\"wp-block-heading\">Vanliga formler f\u00f6r tillverkning av tandkr\u00e4m av kokosolja<\/h2>\n\n\n\n<p>Kokosolja i tandkr\u00e4m med kokosolja har naturliga antibakteriella och antiinflammatoriska egenskaper, vilket effektivt kan minska bakterier i munnen och f\u00f6rebygga sjukdomar i munnen. Kokosolja har ocks\u00e5 funktionen att \u00e5terfukta och reparera munslemhinnan, vilket bidrar till att f\u00f6rb\u00e4ttra munmilj\u00f6n. Natriumklorid har en mild skrubbande effekt, vilket effektivt kan ta bort fl\u00e4ckar och plack p\u00e5 t\u00e4ndernas yta, och samtidigt \u00e4r den inte irriterande f\u00f6r t\u00e4nder och tandk\u00f6tt.<\/p>\n\n\n\n<h2 class=\"wp-block-heading\">Till\u00e4mpliga scenarier f\u00f6r tandkr\u00e4m med kokosolja<\/h2>\n\n\n\n<p>Tandkr\u00e4m med kokosolja passar f\u00f6r en m\u00e4ngd olika situationer, s\u00e4rskilt vid f\u00f6ljande tillf\u00e4llen: <\/p>\n\n\n\n<p>1. Anv\u00e4nd efter m\u00e5ltider, reng\u00f6r effektivt matrester f\u00f6r att bibeh\u00e5lla frisk andedr\u00e4kt; <\/p>\n\n\n\n<p>2. efter att ha varit uppe hela natten, r\u00f6kt, f\u00f6r att lindra den d\u00e5liga smaken i munnen, f\u00f6r att ta hand om t\u00e4ndernas h\u00e4lsa; <\/p>\n\n\n\n<p>3. speciella tillf\u00e4llen, s\u00e5som br\u00f6llop, jobbintervjuer etc., f\u00f6r att h\u00e5lla andedr\u00e4kten fr\u00e4sch; <\/p>\n\n\n\n<p>4. behandling av orala sjukdomar, f\u00f6r att hj\u00e4lpa till att reng\u00f6ra munh\u00e5lan.<\/p>\n\n\n\n<h2 class=\"wp-block-heading\">Vem \u00e4r kokosolja-tandkr\u00e4m l\u00e4mplig f\u00f6r<\/h2>\n\n\n\n<p>Tandkr\u00e4m med kokosolja passar f\u00f6r en m\u00e4ngd olika m\u00e4nniskor och rekommenderas s\u00e4rskilt f\u00f6r f\u00f6ljande konsumenter: <\/p>\n\n\n\n<p>1. personer som besv\u00e4ras av oral lukt, s\u00e5som r\u00f6kare, stannar ofta uppe sent. <\/p>\n\n\n\n<p>2. personer med k\u00e4nsliga t\u00e4nder, m\u00e5ste f\u00f6rsiktigt reng\u00f6ra folkmassan; <\/p>\n\n\n\n<p>3. Diabetespatienter, p\u00e5 grund av den h\u00f6ga risken f\u00f6r tandlossning, m\u00e5ste \u00e4gna s\u00e4rskild uppm\u00e4rksamhet \u00e5t munv\u00e5rd; <\/p>\n\n\n\n<p>4. vill prova en ny typ av munv\u00e5rdsprodukter som konsumenterna kan njuta av. Kokosoljetandkr\u00e4m ger munh\u00e4lsa.<\/p>\n\n\n\n<h2 class=\"wp-block-heading\">Produktionsprocess f\u00f6r tandkr\u00e4m av kokosolja<\/h2>\n\n\n\n<p>Som en kvalitativ tillverkare av kokosolja-tandkr\u00e4m anv\u00e4nder vi f\u00f6ljande speciella produktionsprocess: <\/p>\n\n\n\n<p>1. Kontrollera noggrant r\u00e5varorna f\u00f6r kokosolja och natriumklorid f\u00f6r att s\u00e4kerst\u00e4lla deras renhet och kvalitet; <\/p>\n\n\n\n<p>2. Kontrollera noggrant m\u00e4ngden tillsatt kokosolja och natriumklorid f\u00f6r att s\u00e4kerst\u00e4lla produktens s\u00e4kerhet och effektivitet; <\/p>\n\n\n\n<p>3. Anv\u00e4nd l\u00e5gtemperaturmalningsteknik f\u00f6r att helt frig\u00f6ra kokosoljans aktivitet; <\/p>\n\n\n\n<p>4. Aseptisk fyllning f\u00f6r att s\u00e4kerst\u00e4lla att produkten \u00e4r s\u00e4ker och hygienisk. <\/p>\n\n\n\n<p>5. Hela kvalitetskontrollprocessen f\u00f6r att s\u00e4kerst\u00e4lla att varje tandkr\u00e4m med kokosolja uppfyller nationella standarder. Som en kvalitativ tillverkare av tandkr\u00e4m med kokosolja kan vi genom ovanst\u00e5ende process erbjuda dig en h\u00f6gkvalitativ och p\u00e5litlig produkt f\u00f6r munv\u00e5rd.<\/p>","protected":false},"excerpt":{"rendered":"Coconut oil toothpaste manufacturing common formulas Coconut Oil Toothpaste&#8217;s core ingredient, coconut oil, has natural antibacterial and anti-inflammatory properties, which can effectively reduce bacteria in the mouth and prevent oral diseases. Coconut oil also has the function of moisturizing and repairing the oral mucosa, helping to improve the oral environment. Sodium chloride has a mild [&hellip;]","protected":false},"featured_media":648,"menu_order":0,"template":"","meta":[],"product-tag":[],"products":[71],"class_list":["post-647","product","type-product","status-publish","has-post-thumbnail","hentry","products-toothpaste"],"acf":[],"_links":{"self":[{"href":"https:\/\/www.ruiqigo.com\/sv\/wp-json\/wp\/v2\/product\/647","targetHints":{"allow":["GET"]}}],"collection":[{"href":"https:\/\/www.ruiqigo.com\/sv\/wp-json\/wp\/v2\/product"}],"about":[{"href":"https:\/\/www.ruiqigo.com\/sv\/wp-json\/wp\/v2\/types\/product"}],"version-history":[{"count":0,"href":"https:\/\/www.ruiqigo.com\/sv\/wp-json\/wp\/v2\/product\/647\/revisions"}],"wp:featuredmedia":[{"embeddable":true,"href":"https:\/\/www.ruiqigo.com\/sv\/wp-json\/wp\/v2\/media\/648"}],"wp:attachment":[{"href":"https:\/\/www.ruiqigo.com\/sv\/wp-json\/wp\/v2\/media?parent=647"}],"wp:term":[{"taxonomy":"product-tag","embeddable":true,"href":"https:\/\/www.ruiqigo.com\/sv\/wp-json\/wp\/v2\/product-tag?post=647"},{"taxonomy":"products","embeddable":true,"href":"https:\/\/www.ruiqigo.com\/sv\/wp-json\/wp\/v2\/products?post=647"}],"curies":[{"name":"wp","href":"https:\/\/api.w.org\/{rel}","templated":true}]}}