{"id":652,"date":"2024-07-25T15:14:31","date_gmt":"2024-07-25T07:14:31","guid":{"rendered":"https:\/\/ruiqigo.com\/?post_type=product&#038;p=652"},"modified":"2024-11-01T14:14:59","modified_gmt":"2024-11-01T06:14:59","slug":"stannous-fluoride-toothpaste","status":"publish","type":"product","link":"https:\/\/www.ruiqigo.com\/sv\/product\/stannous-fluoride-toothpaste","title":{"rendered":"Stannous fluor tandkr\u00e4m"},"content":{"rendered":"<h3 class=\"wp-block-heading\">Stannofluorid-tandkr\u00e4m som tillverkar vanliga formler<\/h3>\n\n\n\n<p>Stannous Fluoride Tandkr\u00e4ms k\u00e4rningrediens, Stannous Fluoride, \u00e4r en fluorid som ofta anv\u00e4nds i munv\u00e5rdsprodukter, som effektivt kan f\u00f6rb\u00e4ttra emaljens f\u00f6rm\u00e5ga att motst\u00e5 surhet och minska f\u00f6rekomsten av karies. Tenn(II)fluorid fr\u00e4mjar ocks\u00e5 remineralisering av t\u00e4nder och \u00e5terst\u00e4llande av tidiga h\u00e5lrum. Dessutom \u00e4r tenn(II)fluorid ofarligt f\u00f6r m\u00e4nniskokroppen och l\u00e4mplig f\u00f6r l\u00e5ngvarig anv\u00e4ndning.<\/p>\n\n\n\n<h3 class=\"wp-block-heading\">Till\u00e4mpliga scenarier f\u00f6r tennfluortandkr\u00e4m<\/h3>\n\n\n\n<p>Tannfluortandkr\u00e4m \u00e4r l\u00e4mplig f\u00f6r en m\u00e4ngd olika scenarier, speciellt f\u00f6r f\u00f6ljande tillf\u00e4llen: <\/p>\n\n\n\n<p>1. efter m\u00e5ltid, effektiv reng\u00f6ring av matrester och skydd av t\u00e4nderna; <\/p>\n\n\n\n<p>2. efter att ha stannat uppe hela natten och r\u00f6kt, f\u00f6r att lindra den d\u00e5liga smaken i munnen och ta hand om t\u00e4ndernas h\u00e4lsa; <\/p>\n\n\n\n<p>3. speciella tillf\u00e4llen, s\u00e5som br\u00f6llop, intervjuer, etc., f\u00f6r att h\u00e5lla andan frisk; <\/p>\n\n\n\n<p>4. efter behandling av munsjukdomar, f\u00f6r att hj\u00e4lpa till med reng\u00f6ring av munh\u00e5lan.<\/p>\n\n\n\n<h3 class=\"wp-block-heading\">Vem \u00e4r stannous fluor tandkr\u00e4m l\u00e4mplig f\u00f6r<\/h3>\n\n\n\n<p>Tannfluortandkr\u00e4m \u00e4r l\u00e4mplig f\u00f6r ett brett spektrum av m\u00e4nniskor, speciellt rekommenderat f\u00f6r f\u00f6ljande konsumenter:<\/p>\n\n\n\n<p>1. barn, ungdomar och vuxna, f\u00f6r att f\u00f6rebygga h\u00e5ligheter och bibeh\u00e5lla munh\u00e4lsa. <\/p>\n\n\n\n<p>2. personer med k\u00e4nsliga t\u00e4nder som beh\u00f6ver f\u00f6rb\u00e4ttra emaljens h\u00e5rdhet; <\/p>\n\n\n\n<p>3. Diabetespatienter, p\u00e5 grund av den h\u00f6ga risken f\u00f6r tandlossning, m\u00e5ste \u00e4gna s\u00e4rskild uppm\u00e4rksamhet \u00e5t munv\u00e5rd; <\/p>\n\n\n\n<p>4. Konsumenter som gillar att prova nya munv\u00e5rdsprodukter, njuter av stannofluortandkr\u00e4m och njuter av den goda smaken av stannfluortandkr\u00e4m. Konsumenter som gillar att prova nya munv\u00e5rdsprodukter och njuta av den munh\u00e4lsa som Stannous Fluoride Toothpaste erbjuder.<\/p>\n\n\n\n<h3 class=\"wp-block-heading\">Tannfluortandkr\u00e4mproduktionsprocess<\/h3>\n\n\n\n<p>Som en professionell tandkr\u00e4mstillverkare av stannofluorid antar vi f\u00f6ljande speciella produktionsprocess: <\/p>\n\n\n\n<p>1) Strikt screena r\u00e5varorna f\u00f6r tennfluorid f\u00f6r att s\u00e4kerst\u00e4lla dess renhet och kvalitet; <\/p>\n\n\n\n<p>2) Exakt kontroll av m\u00e4ngden tennfluorid tillsatt f\u00f6r att s\u00e4kerst\u00e4lla produktens s\u00e4kerhet och effektivitet; <\/p>\n\n\n\n<p>3) Antagande av l\u00e5gtemperaturfr\u00e4sningsteknik f\u00f6r att frig\u00f6ra aktiviteten av tennfluorid i full utstr\u00e4ckning; <\/p>\n\n\n\n<p>4) Aseptisk fyllning f\u00f6r att s\u00e4kerst\u00e4lla produktens s\u00e4kerhet och hygien; <\/p>\n\n\n\n<p>5) Full kvalitetskontroll f\u00f6r att s\u00e4kerst\u00e4lla produktens s\u00e4kerhet och hygien. Som en stor tillverkare av tinnfluortandkr\u00e4m, hela processen med kvalitetskontroll f\u00f6r att s\u00e4kerst\u00e4lla att varje tinnfluortandkr\u00e4m uppfyller den nationella standarden. Genom ovanst\u00e5ende process ger vi dig en h\u00f6gkvalitativ och p\u00e5litlig munv\u00e5rdsprodukt.<\/p>","protected":false},"excerpt":{"rendered":"Stannous fluoride toothpaste manufacturing common formulas Stannous Fluoride Toothpaste&#8217;s core ingredient, Stannous Fluoride, is a fluoride widely used in oral care products, which can effectively enhance the enamel&#8217;s ability to resist acidity and reduce the incidence of tooth decay. Stannous fluoride also promotes remineralization of teeth and restoration of early cavities. In addition, stannous fluoride [&hellip;]","protected":false},"featured_media":657,"menu_order":0,"template":"","meta":[],"product-tag":[],"products":[71],"class_list":["post-652","product","type-product","status-publish","has-post-thumbnail","hentry","products-toothpaste"],"acf":[],"_links":{"self":[{"href":"https:\/\/www.ruiqigo.com\/sv\/wp-json\/wp\/v2\/product\/652","targetHints":{"allow":["GET"]}}],"collection":[{"href":"https:\/\/www.ruiqigo.com\/sv\/wp-json\/wp\/v2\/product"}],"about":[{"href":"https:\/\/www.ruiqigo.com\/sv\/wp-json\/wp\/v2\/types\/product"}],"version-history":[{"count":0,"href":"https:\/\/www.ruiqigo.com\/sv\/wp-json\/wp\/v2\/product\/652\/revisions"}],"wp:featuredmedia":[{"embeddable":true,"href":"https:\/\/www.ruiqigo.com\/sv\/wp-json\/wp\/v2\/media\/657"}],"wp:attachment":[{"href":"https:\/\/www.ruiqigo.com\/sv\/wp-json\/wp\/v2\/media?parent=652"}],"wp:term":[{"taxonomy":"product-tag","embeddable":true,"href":"https:\/\/www.ruiqigo.com\/sv\/wp-json\/wp\/v2\/product-tag?post=652"},{"taxonomy":"products","embeddable":true,"href":"https:\/\/www.ruiqigo.com\/sv\/wp-json\/wp\/v2\/products?post=652"}],"curies":[{"name":"wp","href":"https:\/\/api.w.org\/{rel}","templated":true}]}}