{"id":661,"date":"2024-07-25T15:18:07","date_gmt":"2024-07-25T07:18:07","guid":{"rendered":"https:\/\/ruiqigo.com\/?post_type=product&#038;p=661"},"modified":"2024-11-01T10:32:29","modified_gmt":"2024-11-01T02:32:29","slug":"berryoxide-toothpaste","status":"publish","type":"product","link":"https:\/\/www.ruiqigo.com\/sv\/product\/berryoxide-toothpaste","title":{"rendered":"Berryoxide tandkr\u00e4m"},"content":{"rendered":"<h2 class=\"wp-block-heading\">Vanliga formler f\u00f6r tillverkning av Berryoxide-tandkr\u00e4m<\/h2>\n\n\n\n<p>K\u00e4rningrediensen i Berryoxide tandkr\u00e4m, peroxid, har en stark oxiderande effekt som effektivt kan d\u00f6da bakterier i munnen och f\u00f6rebygga sjukdomar i munnen. Peroxid kan ocks\u00e5 hj\u00e4lpa till att neutralisera munsyra och f\u00f6rb\u00e4ttra munmilj\u00f6n, vilket hj\u00e4lper till att f\u00f6rebygga karies och parodontit. Dessutom \u00e4r peroxid ofarligt f\u00f6r m\u00e4nniskokroppen och l\u00e4mpligt f\u00f6r l\u00e5ngvarig anv\u00e4ndning.<\/p>\n\n\n\n<h2 class=\"wp-block-heading\">Till\u00e4mpliga scenarier f\u00f6r Berryoxide-tandkr\u00e4m<\/h2>\n\n\n\n<p>Berryoxide tandkr\u00e4m \u00e4r l\u00e4mplig f\u00f6r en m\u00e4ngd olika situationer, s\u00e4rskilt vid f\u00f6ljande tillf\u00e4llen: 1. efter m\u00e5ltider, f\u00f6r att effektivt reng\u00f6ra matrester och h\u00e5lla andedr\u00e4kten frisk; 2. efter att ha varit uppe hela natten och r\u00f6kt, f\u00f6r att minska d\u00e5lig smak i munnen och ta hand om t\u00e4ndernas h\u00e4lsa; 3. vid speciella tillf\u00e4llen, s\u00e5som br\u00f6llop, intervjuer etc., f\u00f6r att h\u00e5lla andedr\u00e4kten frisk; 4. efter behandling av orala sjukdomar, f\u00f6r att hj\u00e4lpa till att reng\u00f6ra munh\u00e5lan.<\/p>\n\n\n\n<h2 class=\"wp-block-heading\">F\u00f6r vem \u00e4r Berryoxide-tandkr\u00e4men l\u00e4mplig?<\/h2>\n\n\n\n<p>Berryoxide tandkr\u00e4m passar f\u00f6r en m\u00e4ngd olika m\u00e4nniskor och rekommenderas s\u00e4rskilt f\u00f6r f\u00f6ljande konsumenter:<\/p>\n\n\n\n<p> 1. personer som besv\u00e4ras av oral lukt, s\u00e5som r\u00f6kare, stannar ofta uppe sent. <\/p>\n\n\n\n<p>2. personer med k\u00e4nsliga t\u00e4nder, m\u00e5ste f\u00f6rsiktigt reng\u00f6ra folkmassan; <\/p>\n\n\n\n<p>3. Diabetespatienter, p\u00e5 grund av den h\u00f6ga risken f\u00f6r tandlossning, m\u00e5ste \u00e4gna s\u00e4rskild uppm\u00e4rksamhet \u00e5t munv\u00e5rd; <\/p>\n\n\n\n<p>4. vill prova en ny typ av munv\u00e5rdsprodukter som konsumenterna kan njuta av. Berryoxide tandkr\u00e4m ger munh\u00e4lsa.<\/p>\n\n\n\n<h2 class=\"wp-block-heading\">Produktionsprocess f\u00f6r Berryoxide-tandkr\u00e4m<\/h2>\n\n\n\n<p>Som professionell tillverkare av Berryoxide-tandkr\u00e4m anv\u00e4nder vi f\u00f6ljande speciella produktionsprocess:<\/p>\n\n\n\n<p> 1. Strikt screening av peroxidr\u00e5varor f\u00f6r att s\u00e4kerst\u00e4lla dess renhet och kvalitet; <\/p>\n\n\n\n<p>2. Noggrann kontroll av m\u00e4ngden tillsatt peroxid f\u00f6r att s\u00e4kerst\u00e4lla produktens s\u00e4kerhet och effektivitet; <\/p>\n\n\n\n<p>3. Anv\u00e4ndning av l\u00e5gtemperaturblandningsteknik f\u00f6r att helt frig\u00f6ra peroxidernas aktivitet; <\/p>\n\n\n\n<p>4. Aseptisk fyllning f\u00f6r att s\u00e4kerst\u00e4lla att produkten \u00e4r s\u00e4ker och hygienisk; <\/p>\n\n\n\n<p>5. Fullst\u00e4ndig kvalitetskontroll f\u00f6r att s\u00e4kerst\u00e4lla att varje Berryoxide-tandkr\u00e4m \u00e4r s\u00e4ker och hygienisk. Som en ledande tillverkare av Berryoxide-tandkr\u00e4m, kvalitetskontroll f\u00f6r att s\u00e4kerst\u00e4lla att varje Berryoxide-tandkr\u00e4m uppfyller nationella standarder. Genom ovanst\u00e5ende process kan vi erbjuda dig en h\u00f6gkvalitativ och p\u00e5litlig munv\u00e5rdsprodukt.<\/p>","protected":false},"excerpt":{"rendered":"Berryoxide toothpaste manufacturing common formulas The core ingredient of Berryoxide Toothpaste, peroxide, has a strong oxidizing effect, which can effectively kill bacteria in the mouth and prevent oral diseases. Peroxide can also help neutralize oral acids and improve the oral environment, which helps prevent tooth decay and periodontal disease. In addition, peroxide is harmless to [&hellip;]","protected":false},"featured_media":662,"menu_order":0,"template":"","meta":[],"product-tag":[],"products":[71],"class_list":["post-661","product","type-product","status-publish","has-post-thumbnail","hentry","products-toothpaste"],"acf":[],"_links":{"self":[{"href":"https:\/\/www.ruiqigo.com\/sv\/wp-json\/wp\/v2\/product\/661","targetHints":{"allow":["GET"]}}],"collection":[{"href":"https:\/\/www.ruiqigo.com\/sv\/wp-json\/wp\/v2\/product"}],"about":[{"href":"https:\/\/www.ruiqigo.com\/sv\/wp-json\/wp\/v2\/types\/product"}],"version-history":[{"count":0,"href":"https:\/\/www.ruiqigo.com\/sv\/wp-json\/wp\/v2\/product\/661\/revisions"}],"wp:featuredmedia":[{"embeddable":true,"href":"https:\/\/www.ruiqigo.com\/sv\/wp-json\/wp\/v2\/media\/662"}],"wp:attachment":[{"href":"https:\/\/www.ruiqigo.com\/sv\/wp-json\/wp\/v2\/media?parent=661"}],"wp:term":[{"taxonomy":"product-tag","embeddable":true,"href":"https:\/\/www.ruiqigo.com\/sv\/wp-json\/wp\/v2\/product-tag?post=661"},{"taxonomy":"products","embeddable":true,"href":"https:\/\/www.ruiqigo.com\/sv\/wp-json\/wp\/v2\/products?post=661"}],"curies":[{"name":"wp","href":"https:\/\/api.w.org\/{rel}","templated":true}]}}