{"id":666,"date":"2024-07-25T15:56:03","date_gmt":"2024-07-25T07:56:03","guid":{"rendered":"https:\/\/ruiqigo.com\/?post_type=product&#038;p=666"},"modified":"2025-09-03T15:22:37","modified_gmt":"2025-09-03T07:22:37","slug":"chlorhexidine-gluconate-mouthwash","status":"publish","type":"product","link":"https:\/\/www.ruiqigo.com\/sv\/product\/chlorhexidine-gluconate-mouthwash","title":{"rendered":"Klorhexidinglukonat munvatten"},"content":{"rendered":"<h2 class=\"wp-block-heading\">Vanliga formler<\/h2>\n\n\n\n<p>Huvudingrediensen i munsk\u00f6lj med klorhexidinglukonat, <strong>Klorhexidinglukonat<\/strong>, \u00e4r ett bredspektrum antimikrobiellt medel som effektivt kan h\u00e4mma tillv\u00e4xten av bakterier i munnen och f\u00f6rebygga sjukdomar i munnen. Klorhexidinglukonat \u00e4r ofarligt och l\u00e4mpligt f\u00f6r l\u00e5ngvarig anv\u00e4ndning. Dessutom har klorhexidinglukonat en mild desinficerande effekt, vilket effektivt kan ta bort lukt i munnen och f\u00f6rb\u00e4ttra munmilj\u00f6n.<\/p>\n\n\n\n<h2 class=\"wp-block-heading\">Till\u00e4mpliga scenarier<\/h2>\n\n\n\n<p>Klorhexidinglukonatmunsk\u00f6lj \u00e4r l\u00e4mpligt f\u00f6r en m\u00e4ngd olika situationer, s\u00e4rskilt vid f\u00f6ljande tillf\u00e4llen: <\/p>\n\n\n\n<p>1. Anv\u00e4nd efter m\u00e5ltider f\u00f6r att effektivt reng\u00f6ra matrester och h\u00e5lla andedr\u00e4kten fr\u00e4sch; <\/p>\n\n\n\n<p>2. Efter att ha varit uppe sent och r\u00f6kt, f\u00f6r att minska lukt i munnen och ta hand om t\u00e4ndernas h\u00e4lsa; <\/p>\n\n\n\n<p>3. Vid speciella tillf\u00e4llen, s\u00e5som br\u00f6llop, intervjuer etc., f\u00f6r att h\u00e5lla andan fr\u00e4sch; <\/p>\n\n\n\n<p>4. Efter behandling av orala sjukdomar, f\u00f6r att hj\u00e4lpa till att reng\u00f6ra munnen. Reng\u00f6r munh\u00e5lan.<\/p>\n\n\n\n<h2 class=\"wp-block-heading\">Vem \u00e4r klorhexidinglukonatmunsk\u00f6lj f\u00f6r<\/h2>\n\n\n\n<p>Klorhexidinglukonatmunsk\u00f6lj \u00e4r l\u00e4mpligt f\u00f6r en m\u00e4ngd olika m\u00e4nniskor och rekommenderas s\u00e4rskilt f\u00f6r f\u00f6ljande konsumenter: <\/p>\n\n\n\n<p>1. personer som besv\u00e4ras av oral lukt, s\u00e5som r\u00f6kare, personer som ofta stannar uppe sent; <\/p>\n\n\n\n<p>2. personer med k\u00e4nsliga t\u00e4nder, som beh\u00f6ver varsam reng\u00f6ring; <\/p>\n\n\n\n<p>3. diabetespatienter, som l\u00f6per h\u00f6g risk f\u00f6r parodontit, beh\u00f6ver \u00e4gna s\u00e4rskild uppm\u00e4rksamhet \u00e5t munv\u00e5rd;<\/p>\n\n\n\n<p> 4. konsumenter som gillar att prova nya munv\u00e5rdsprodukter, tycker om klorhexidinglukonatmunsk\u00f6lj; <\/p>\n\n\n\n<p>5. konsumenter som gillar att prova nya munv\u00e5rdsprodukter. Konsumenter som gillar att prova nya munv\u00e5rdsprodukter och njuta av den munh\u00e4lsa som klorhexidinglukonatmunsk\u00f6lj ger.<\/p>\n\n\n\n<h2 class=\"wp-block-heading\">Produktionsprocess<\/h2>\n\n\n\n<p>F\u00f6r att s\u00e4kerst\u00e4lla kvaliteten p\u00e5 klorhexidinglukonatmunsk\u00f6lj anv\u00e4nder vi f\u00f6ljande speciella produktionsprocess: <\/p>\n\n\n\n<p>1. Strikt screening av r\u00e5varor av klorhexidinglukonat f\u00f6r att s\u00e4kerst\u00e4lla dess renhet och kvalitet; <\/p>\n\n\n\n<p>2. Noggrann kontroll av m\u00e4ngden tillsatt klorhexidinglukonat f\u00f6r att s\u00e4kerst\u00e4lla produktens s\u00e4kerhet och effektivitet; <\/p>\n\n\n\n<p>3. Anv\u00e4ndning av l\u00e5gtemperaturblandningsteknik f\u00f6r att frig\u00f6ra klorhexidinglukonatets aktivitet i sin fulla utstr\u00e4ckning; <\/p>\n\n\n\n<p>4. Aseptisk fyllning f\u00f6r att s\u00e4kerst\u00e4lla produkts\u00e4kerhet och hygien; <\/p>\n\n\n\n<p>5. Fullst\u00e4ndig kvalitetskontroll f\u00f6r att s\u00e4kerst\u00e4lla att varje flaska klorhexidinglukonatmunsk\u00f6lj uppfyller den nationella standarden. <\/p>\n\n\n\n<p>Genom ovanst\u00e5ende process kan vi erbjuda dig en h\u00f6gkvalitativ och garanterad munv\u00e5rdsprodukt.<\/p>","protected":false},"excerpt":{"rendered":"Common Formulas Chlorhexidine Gluconate Mouthwash&#8217;s core ingredient, Chlorhexidine Gluconate, is a broad-spectrum antimicrobial agent that can effectively inhibit the growth of bacteria in the mouth and prevent oral diseases. Chlorhexidine Gluconate is harmless and suitable for long-term use. In addition, chlorhexidine gluconate has a mild disinfecting effect, which can effectively remove oral odor and improve [&hellip;]","protected":false},"featured_media":673,"menu_order":0,"template":"","meta":[],"product-tag":[201,206,208,209,212,213,215],"products":[72],"class_list":["post-666","product","type-product","status-publish","has-post-thumbnail","hentry","product-tag-mouthwash-manufacturer","product-tag-mouthwash-companies","product-tag-mouthwash-suppliers","product-tag-chlorhexidine-gluconate-mouthwash-manufacturer","product-tag-mouthwash-contract-manufacturer","product-tag-antiseptic-mouthwashes-manufacturer","product-tag-chlorhexidine-mouthwash-manufacturer","products-mouthwash"],"acf":[],"_links":{"self":[{"href":"https:\/\/www.ruiqigo.com\/sv\/wp-json\/wp\/v2\/product\/666","targetHints":{"allow":["GET"]}}],"collection":[{"href":"https:\/\/www.ruiqigo.com\/sv\/wp-json\/wp\/v2\/product"}],"about":[{"href":"https:\/\/www.ruiqigo.com\/sv\/wp-json\/wp\/v2\/types\/product"}],"version-history":[{"count":0,"href":"https:\/\/www.ruiqigo.com\/sv\/wp-json\/wp\/v2\/product\/666\/revisions"}],"wp:featuredmedia":[{"embeddable":true,"href":"https:\/\/www.ruiqigo.com\/sv\/wp-json\/wp\/v2\/media\/673"}],"wp:attachment":[{"href":"https:\/\/www.ruiqigo.com\/sv\/wp-json\/wp\/v2\/media?parent=666"}],"wp:term":[{"taxonomy":"product-tag","embeddable":true,"href":"https:\/\/www.ruiqigo.com\/sv\/wp-json\/wp\/v2\/product-tag?post=666"},{"taxonomy":"products","embeddable":true,"href":"https:\/\/www.ruiqigo.com\/sv\/wp-json\/wp\/v2\/products?post=666"}],"curies":[{"name":"wp","href":"https:\/\/api.w.org\/{rel}","templated":true}]}}