{"id":677,"date":"2024-07-25T16:01:02","date_gmt":"2024-07-25T08:01:02","guid":{"rendered":"https:\/\/ruiqigo.com\/?post_type=product&#038;p=677"},"modified":"2025-09-03T15:22:29","modified_gmt":"2025-09-03T07:22:29","slug":"xylitol-mouthwash","status":"publish","type":"product","link":"https:\/\/www.ruiqigo.com\/sv\/product\/xylitol-mouthwash","title":{"rendered":"Xylitol munvatten"},"content":{"rendered":"<h2 class=\"wp-block-heading\">Vanliga formler<\/h2>\n\n\n\n<p>Xylitol Mouthwashs k\u00e4rningrediens,<strong> Xylitol<\/strong>, \u00e4r ett naturligt s\u00f6tningsmedel med anti-kavitetsegenskaper. Xylitol h\u00e4mmar tillv\u00e4xten av kariesframkallande bakterier i munnen och minskar bildningen av plack, vilket minskar f\u00f6rekomsten av karies. Dessutom kan xylitol ge en fr\u00e4sch smak, f\u00f6rb\u00e4ttra munmilj\u00f6n och ta hand om tandh\u00e4lsan.<\/p>\n\n\n\n<h2 class=\"wp-block-heading\">Till\u00e4mpliga scenarier<\/h2>\n\n\n\n<p>Xylitol Mouthwash \u00e4r l\u00e4mplig f\u00f6r en m\u00e4ngd olika scenarier, speciellt f\u00f6r f\u00f6ljande tillf\u00e4llen: <\/p>\n\n\n\n<p>1. efter m\u00e5ltid, effektiv reng\u00f6ring av matrester, skyddar t\u00e4nderna; <\/p>\n\n\n\n<p>2. efter att ha stannat uppe hela natten, r\u00f6kt, f\u00f6r att minska den d\u00e5liga smaken i munnen och ta hand om tandh\u00e4lsan; <\/p>\n\n\n\n<p>3. vid speciella tillf\u00e4llen, s\u00e5som br\u00f6llop, anst\u00e4llningsintervjuer, etc., f\u00f6r att h\u00e5lla andan frisk; <\/p>\n\n\n\n<p>4. efter behandling av munsjukdomar, f\u00f6r att hj\u00e4lpa till med reng\u00f6ring av munh\u00e5lan.<\/p>\n\n\n\n<h2 class=\"wp-block-heading\">Vem \u00e4r Xylitol munvatten f\u00f6r<\/h2>\n\n\n\n<p>Xylitol Mouthwash \u00e4r l\u00e4mplig f\u00f6r ett brett spektrum av m\u00e4nniskor, speciellt rekommenderat f\u00f6r f\u00f6ljande konsumenter: <\/p>\n\n\n\n<p>1. barn, ungdomar och vuxna f\u00f6r att f\u00f6rhindra karies och bibeh\u00e5lla munh\u00e4lsa; <\/p>\n\n\n\n<p>2. personer med k\u00e4nsliga t\u00e4nder som beh\u00f6ver skonsam reng\u00f6ring; <\/p>\n\n\n\n<p>3. Diabetespatienter, p\u00e5 grund av den h\u00f6ga risken f\u00f6r tandlossning, m\u00e5ste \u00e4gna s\u00e4rskild uppm\u00e4rksamhet \u00e5t munh\u00e4lsov\u00e5rd; <\/p>\n\n\n\n<p>4. Konsumenter som gillar att prova nya munh\u00e4lsoprodukter, njut! Xylitol munvatten ger munh\u00e4lsa.<\/p>\n\n\n\n<h2 class=\"wp-block-heading\">Produktionsprocess<\/h2>\n\n\n\n<p>F\u00f6r att s\u00e4kerst\u00e4lla kvaliteten p\u00e5 Xylitol Mouthwash anv\u00e4nder vi f\u00f6ljande speciella produktionsprocess: <\/p>\n\n\n\n<p>1. Strikt screening av xylitolr\u00e5varor f\u00f6r att s\u00e4kerst\u00e4lla dess renhet och kvalitet; <\/p>\n\n\n\n<p>2. exakt kontroll av m\u00e4ngden xylitol som tills\u00e4tts f\u00f6r att s\u00e4kerst\u00e4lla att produkten \u00e4r s\u00e4ker och effektiv. <\/p>\n\n\n\n<p>3. Anv\u00e4ndning av l\u00e5gtemperaturblandningsteknik, fullst\u00e4ndig fris\u00e4ttning av xylitols aktivitet; <\/p>\n\n\n\n<p>4. Aseptisk fyllning f\u00f6r att s\u00e4kerst\u00e4lla att produkten \u00e4r s\u00e4ker och hygienisk. <\/p>\n\n\n\n<p>5. hela processen med kvalitetskontroll f\u00f6r att s\u00e4kerst\u00e4lla att varje flaska Xylitol Munvatten \u00e4r s\u00e4ker och hygienisk. Varje flaska Xylitol Mouthwash uppfyller den nationella standarden. <\/p>\n\n\n\n<p>Genom ovanst\u00e5ende process ger vi dig en h\u00f6gkvalitativ och p\u00e5litlig munv\u00e5rdsprodukt.<\/p>","protected":false},"excerpt":{"rendered":"Common Formulas Xylitol Mouthwash&#8217;s core ingredient, Xylitol, is a natural sweetener with anti-cavity properties. Xylitol inhibits the growth of caries-causing bacteria in the mouth and reduces the formation of plaque, thus reducing the incidence of tooth decay. In addition, xylitol can provide a fresh taste, improve the oral environment and take care of dental health. [&hellip;]","protected":false},"featured_media":678,"menu_order":0,"template":"","meta":[],"product-tag":[201,206,207,208,212,213,216],"products":[72],"class_list":["post-677","product","type-product","status-publish","has-post-thumbnail","hentry","product-tag-mouthwash-manufacturer","product-tag-mouthwash-companies","product-tag-mouthwash-factory","product-tag-mouthwash-suppliers","product-tag-mouthwash-contract-manufacturer","product-tag-antiseptic-mouthwashes-manufacturer","product-tag-private-label-mouthwash-manufacturers","products-mouthwash"],"acf":[],"_links":{"self":[{"href":"https:\/\/www.ruiqigo.com\/sv\/wp-json\/wp\/v2\/product\/677","targetHints":{"allow":["GET"]}}],"collection":[{"href":"https:\/\/www.ruiqigo.com\/sv\/wp-json\/wp\/v2\/product"}],"about":[{"href":"https:\/\/www.ruiqigo.com\/sv\/wp-json\/wp\/v2\/types\/product"}],"version-history":[{"count":0,"href":"https:\/\/www.ruiqigo.com\/sv\/wp-json\/wp\/v2\/product\/677\/revisions"}],"wp:featuredmedia":[{"embeddable":true,"href":"https:\/\/www.ruiqigo.com\/sv\/wp-json\/wp\/v2\/media\/678"}],"wp:attachment":[{"href":"https:\/\/www.ruiqigo.com\/sv\/wp-json\/wp\/v2\/media?parent=677"}],"wp:term":[{"taxonomy":"product-tag","embeddable":true,"href":"https:\/\/www.ruiqigo.com\/sv\/wp-json\/wp\/v2\/product-tag?post=677"},{"taxonomy":"products","embeddable":true,"href":"https:\/\/www.ruiqigo.com\/sv\/wp-json\/wp\/v2\/products?post=677"}],"curies":[{"name":"wp","href":"https:\/\/api.w.org\/{rel}","templated":true}]}}