{"id":682,"date":"2024-07-25T16:21:43","date_gmt":"2024-07-25T08:21:43","guid":{"rendered":"https:\/\/ruiqigo.com\/?post_type=product&#038;p=682"},"modified":"2025-09-03T15:22:15","modified_gmt":"2025-09-03T07:22:15","slug":"baking-soda-mouthwash","status":"publish","type":"product","link":"https:\/\/www.ruiqigo.com\/sv\/product\/baking-soda-mouthwash","title":{"rendered":"Bakpulver munvatten"},"content":{"rendered":"<h2 class=\"wp-block-heading\">Vanliga formler<\/h2>\n\n\n\n<p><strong>Natriumbikarbonat<\/strong>, huvudingrediensen i munsk\u00f6lj med bakpulver, har en mild skrubbande verkan som effektivt tar bort fl\u00e4ckar och plack fr\u00e5n t\u00e4ndernas yta. Natriumbikarbonat kan ocks\u00e5 hj\u00e4lpa till att neutralisera orala syror och f\u00f6rb\u00e4ttra munmilj\u00f6n, vilket hj\u00e4lper till att f\u00f6rhindra karies och parodontit. Dessutom \u00e4r natriumbikarbonat ofarligt f\u00f6r m\u00e4nniskokroppen och l\u00e4mpligt f\u00f6r l\u00e5ngvarig anv\u00e4ndning.<\/p>\n\n\n\n<h2 class=\"wp-block-heading\">Till\u00e4mpligt scenario<\/h2>\n\n\n\n<p>Munsk\u00f6lj med bikarbonat \u00e4r l\u00e4mpligt f\u00f6r en m\u00e4ngd olika scenarier, s\u00e4rskilt f\u00f6r f\u00f6ljande tillf\u00e4llen: <\/p>\n\n\n\n<p>1. efter m\u00e5ltider, f\u00f6r att effektivt reng\u00f6ra matrester och skydda t\u00e4nderna; <\/p>\n\n\n\n<p>2. efter att ha varit uppe hela natten och r\u00f6kt, f\u00f6r att minska den d\u00e5liga smaken i munnen och ta hand om t\u00e4ndernas h\u00e4lsa; <\/p>\n\n\n\n<p>3. vid speciella tillf\u00e4llen, s\u00e5som br\u00f6llop, intervjuer etc., f\u00f6r att h\u00e5lla andan frisk; <\/p>\n\n\n\n<p>4. efter behandling av munsjukdomar, f\u00f6r att hj\u00e4lpa till med reng\u00f6ring av munh\u00e5lan.<\/p>\n\n\n\n<h2 class=\"wp-block-heading\">Till\u00e4mplig population<\/h2>\n\n\n\n<p>Munsk\u00f6lj med bikarbonat passar f\u00f6r en m\u00e4ngd olika m\u00e4nniskor och rekommenderas s\u00e4rskilt f\u00f6r f\u00f6ljande konsumenter: <\/p>\n\n\n\n<p>1. personer med fl\u00e4ckar p\u00e5 t\u00e4ndernas yta m\u00e5ste vara f\u00f6rsiktiga f\u00f6r att ta bort fl\u00e4ckarna; <\/p>\n\n\n\n<p>2. personer med h\u00f6g surhetsgrad i munnen beh\u00f6ver f\u00f6rb\u00e4ttra den orala milj\u00f6n; <\/p>\n\n\n\n<p>3. \u00c4ldre personer beh\u00f6ver vara f\u00f6rsiktiga med att reng\u00f6ra t\u00e4nderna f\u00f6r att f\u00f6rhindra parodontit; <\/p>\n\n\n\n<p>4. barn och ton\u00e5ringar, f\u00f6r att utveckla goda munhygienvanor.<\/p>\n\n\n\n<h2 class=\"wp-block-heading\">Produktionsprocess<\/h2>\n\n\n\n<p>F\u00f6r att s\u00e4kerst\u00e4lla kvaliteten p\u00e5 munsk\u00f6lj med bakpulver anv\u00e4nder vi f\u00f6ljande speciella produktionsprocess: <\/p>\n\n\n\n<p>1. strikt screening av natriumbikarbonatr\u00e5varor f\u00f6r att s\u00e4kerst\u00e4lla dess renhet och kvalitet; <\/p>\n\n\n\n<p>2. Noggrann kontroll av m\u00e4ngden tillsatt natriumbikarbonat f\u00f6r att s\u00e4kerst\u00e4lla att produkten \u00e4r skonsam och dekontaminerande; <\/p>\n\n\n\n<p>3. anv\u00e4ndning av l\u00e5gtemperaturblandningsteknik, fullst\u00e4ndig frig\u00f6ring av natriumbikarbonatets aktivitet; <\/p>\n\n\n\n<p>4. Aseptisk fyllning f\u00f6r att s\u00e4kerst\u00e4lla att produkten \u00e4r s\u00e4ker och hygienisk. <\/p>\n\n\n\n<p>5. Fullst\u00e4ndig kvalitetskontroll f\u00f6r att s\u00e4kerst\u00e4lla att varje flaska munsk\u00f6lj med bikarbonat \u00e4r s\u00e4ker och hygienisk. Kvalitetskontroll f\u00f6r att s\u00e4kerst\u00e4lla att varje flaska munsk\u00f6lj med bikarbonat uppfyller den nationella standarden. <\/p>\n\n\n\n<p>Genom ovanst\u00e5ende process ger vi dig en h\u00f6gkvalitativ och p\u00e5litlig munv\u00e5rdsprodukt.<\/p>","protected":false},"excerpt":{"rendered":"Common Formulas Sodium bicarbonate, the core ingredient of Baking Soda Mouthwash, has a gentle scrubbing action that effectively removes stains and plaque from the surface of teeth. Sodium bicarbonate can also help neutralize oral acids and improve the oral environment, which helps prevent tooth decay and periodontal disease. In addition, sodium bicarbonate is harmless to [&hellip;]","protected":false},"featured_media":688,"menu_order":0,"template":"","meta":[],"product-tag":[201,206,207,208,211,212,216],"products":[72],"class_list":["post-682","product","type-product","status-publish","has-post-thumbnail","hentry","product-tag-mouthwash-manufacturer","product-tag-mouthwash-companies","product-tag-mouthwash-factory","product-tag-mouthwash-suppliers","product-tag-alkaline-mouthwash-manufacturer","product-tag-mouthwash-contract-manufacturer","product-tag-private-label-mouthwash-manufacturers","products-mouthwash"],"acf":[],"_links":{"self":[{"href":"https:\/\/www.ruiqigo.com\/sv\/wp-json\/wp\/v2\/product\/682","targetHints":{"allow":["GET"]}}],"collection":[{"href":"https:\/\/www.ruiqigo.com\/sv\/wp-json\/wp\/v2\/product"}],"about":[{"href":"https:\/\/www.ruiqigo.com\/sv\/wp-json\/wp\/v2\/types\/product"}],"version-history":[{"count":0,"href":"https:\/\/www.ruiqigo.com\/sv\/wp-json\/wp\/v2\/product\/682\/revisions"}],"wp:featuredmedia":[{"embeddable":true,"href":"https:\/\/www.ruiqigo.com\/sv\/wp-json\/wp\/v2\/media\/688"}],"wp:attachment":[{"href":"https:\/\/www.ruiqigo.com\/sv\/wp-json\/wp\/v2\/media?parent=682"}],"wp:term":[{"taxonomy":"product-tag","embeddable":true,"href":"https:\/\/www.ruiqigo.com\/sv\/wp-json\/wp\/v2\/product-tag?post=682"},{"taxonomy":"products","embeddable":true,"href":"https:\/\/www.ruiqigo.com\/sv\/wp-json\/wp\/v2\/products?post=682"}],"curies":[{"name":"wp","href":"https:\/\/api.w.org\/{rel}","templated":true}]}}