{"id":683,"date":"2024-07-25T16:08:00","date_gmt":"2024-07-25T08:08:00","guid":{"rendered":"https:\/\/ruiqigo.com\/?post_type=product&#038;p=683"},"modified":"2025-09-03T15:22:21","modified_gmt":"2025-09-03T07:22:21","slug":"antibiotic-mouthwash","status":"publish","type":"product","link":"https:\/\/www.ruiqigo.com\/sv\/product\/antibiotic-mouthwash","title":{"rendered":"Antibiotisk munvatten"},"content":{"rendered":"<h2 class=\"wp-block-heading\">Vanliga formler<\/h2>\n\n\n\n<p>K\u00e4rningredienserna i Antibiotic Mouthwash, <strong>PEG-40 hydrerad ricinolja<\/strong>, <strong>Pepparmyntsolja<\/strong> och <strong>Didecyldimetylammoniumklorid<\/strong>, \u00e4r bredspektrumantimikrobiella medel som effektivt kan h\u00e4mma tillv\u00e4xten av bakterier i munh\u00e5lan och f\u00f6rhindra orala sjukdomar. PEG-40 hydrerad ricinolja och pepparmyntsolja har en mild desinficerande effekt, som effektivt kan ta bort d\u00e5lig lukt och f\u00f6rb\u00e4ttra milj\u00f6n i munh\u00e5lan. Didecyldimetylammoniumklorid \u00e4r ofarligt f\u00f6r m\u00e4nniskokroppen och l\u00e4mplig f\u00f6r l\u00e5ngvarig anv\u00e4ndning.<\/p>\n\n\n\n<h2 class=\"wp-block-heading\">Till\u00e4mpliga scenarier<\/h2>\n\n\n\n<p>Antibiotisk munvatten \u00e4r l\u00e4mplig f\u00f6r en m\u00e4ngd olika scenarier, speciellt f\u00f6r f\u00f6ljande tillf\u00e4llen: <\/p>\n\n\n\n<p>1. Anv\u00e4nd efter m\u00e5ltider f\u00f6r att effektivt reng\u00f6ra matrester och h\u00e5lla fr\u00e4sch andedr\u00e4kt; <\/p>\n\n\n\n<p>2. efter att ha stannat uppe hela natten och r\u00f6kt, f\u00f6r att minska munsmaken och ta hand om t\u00e4ndernas h\u00e4lsa; <\/p>\n\n\n\n<p>3. vid speciella tillf\u00e4llen, s\u00e5som br\u00f6llop, intervjuer etc., f\u00f6r att h\u00e5lla andan frisk; <\/p>\n\n\n\n<p>4. efter behandling av munsjukdomar, f\u00f6r att hj\u00e4lpa till med reng\u00f6ring av munh\u00e5lan.<\/p>\n\n\n\n<h2 class=\"wp-block-heading\">Vem \u00e4r Antibiotika munvatten f\u00f6r<\/h2>\n\n\n\n<p>Antibiotisk munvatten \u00e4r l\u00e4mplig f\u00f6r ett brett spektrum av m\u00e4nniskor, speciellt rekommenderat f\u00f6r f\u00f6ljande konsumenter: <\/p>\n\n\n\n<p>1. personer som besv\u00e4ras av oral lukt, s\u00e5som r\u00f6kare, stannar ofta uppe sent. <\/p>\n\n\n\n<p>2. personer med k\u00e4nsliga t\u00e4nder, behovet av en skonsam reng\u00f6ring av publiken; <\/p>\n\n\n\n<p>3. Diabetespatienter, p\u00e5 grund av den h\u00f6ga risken f\u00f6r tandlossning, m\u00e5ste \u00e4gna s\u00e4rskild uppm\u00e4rksamhet \u00e5t munh\u00e4lsov\u00e5rd; <\/p>\n\n\n\n<p>4. gillar att prova en ny typ av munv\u00e5rdsprodukter f\u00f6r konsumenterna att njuta av! Antibiotisk munvatten ger munh\u00e4lsa.<\/p>\n\n\n\n<h2 class=\"wp-block-heading\">Produktionsprocess<\/h2>\n\n\n\n<p>F\u00f6r att s\u00e4kerst\u00e4lla kvaliteten p\u00e5 Antibiotikamunsk\u00f6lj, antar vi f\u00f6ljande speciella produktionsprocess: <\/p>\n\n\n\n<p>1. Strikt screena r\u00e5varorna av PEG-40 hydrerad ricinolja, pepparmyntsolja och Didecyldimethylammonium Chloride f\u00f6r att s\u00e4kerst\u00e4lla dess renhet och kvalitet; <\/p>\n\n\n\n<p>2. Exakt kontroll av m\u00e4ngden tillsatta r\u00e5varor f\u00f6r att s\u00e4kerst\u00e4lla att produkten \u00e4r s\u00e4ker och effektiv; <\/p>\n\n\n\n<p>3. Antagande av l\u00e5gtemperaturblandningsteknik f\u00f6r att frig\u00f6ra r\u00e5varornas aktivitet till fullo; <\/p>\n\n\n\n<p>4. Aseptisk fyllning, f\u00f6r att s\u00e4kerst\u00e4lla att produkten \u00e4r s\u00e4ker och hygienisk;<\/p>\n\n\n\n<p>5. Fullst\u00e4ndig kvalitetskontroll f\u00f6r att s\u00e4kerst\u00e4lla att varje flaska med antibiotikamunvatten uppfyller de nationella standarderna. Genom ovanst\u00e5ende process ger vi dig en h\u00f6gkvalitativ och p\u00e5litlig munv\u00e5rdsprodukt.<\/p>","protected":false},"excerpt":{"rendered":"Common Formulas The core ingredients of Antibiotic Mouthwash, PEG-40 Hydrogenated Castor Oil, Peppermint Oil and Didecyldimethylammonium Chloride, are broad-spectrum antimicrobial agents that can effectively inhibit the growth of bacteria in the oral cavity and prevent oral diseases. PEG-40 Hydrogenated Castor Oil and Peppermint Oil have a mild disinfectant effect, which can effectively remove bad odors [&hellip;]","protected":false},"featured_media":684,"menu_order":0,"template":"","meta":[],"product-tag":[201,206,207,208,212,213,214],"products":[72],"class_list":["post-683","product","type-product","status-publish","has-post-thumbnail","hentry","product-tag-mouthwash-manufacturer","product-tag-mouthwash-companies","product-tag-mouthwash-factory","product-tag-mouthwash-suppliers","product-tag-mouthwash-contract-manufacturer","product-tag-antiseptic-mouthwashes-manufacturer","product-tag-mouthwash-manufacturers-usa","products-mouthwash"],"acf":[],"_links":{"self":[{"href":"https:\/\/www.ruiqigo.com\/sv\/wp-json\/wp\/v2\/product\/683","targetHints":{"allow":["GET"]}}],"collection":[{"href":"https:\/\/www.ruiqigo.com\/sv\/wp-json\/wp\/v2\/product"}],"about":[{"href":"https:\/\/www.ruiqigo.com\/sv\/wp-json\/wp\/v2\/types\/product"}],"version-history":[{"count":0,"href":"https:\/\/www.ruiqigo.com\/sv\/wp-json\/wp\/v2\/product\/683\/revisions"}],"wp:featuredmedia":[{"embeddable":true,"href":"https:\/\/www.ruiqigo.com\/sv\/wp-json\/wp\/v2\/media\/684"}],"wp:attachment":[{"href":"https:\/\/www.ruiqigo.com\/sv\/wp-json\/wp\/v2\/media?parent=683"}],"wp:term":[{"taxonomy":"product-tag","embeddable":true,"href":"https:\/\/www.ruiqigo.com\/sv\/wp-json\/wp\/v2\/product-tag?post=683"},{"taxonomy":"products","embeddable":true,"href":"https:\/\/www.ruiqigo.com\/sv\/wp-json\/wp\/v2\/products?post=683"}],"curies":[{"name":"wp","href":"https:\/\/api.w.org\/{rel}","templated":true}]}}