{"id":692,"date":"2024-07-25T20:26:42","date_gmt":"2024-07-25T12:26:42","guid":{"rendered":"https:\/\/ruiqigo.com\/?post_type=product&#038;p=692"},"modified":"2025-09-03T15:22:06","modified_gmt":"2025-09-03T07:22:06","slug":"nystatin-mouthwash","status":"publish","type":"product","link":"https:\/\/www.ruiqigo.com\/sv\/product\/nystatin-mouthwash","title":{"rendered":"Nystatin munvatten"},"content":{"rendered":"<h2 class=\"wp-block-heading\">Vanliga formler<\/h2>\n\n\n\n<p>K\u00e4rningrediensen i Nystatin Munvatten, <strong>mykotoxin<\/strong>, \u00e4r ett brett spektrum antimikrobiellt medel som effektivt kan h\u00e4mma tillv\u00e4xten av bakterier i munnen och f\u00f6rhindra orala sjukdomar. Det \u00e4r ofarligt f\u00f6r m\u00e4nniskokroppen och l\u00e4mpar sig f\u00f6r l\u00e5ngvarig anv\u00e4ndning. <\/p>\n\n\n\n<p><strong>PEG-40 hydrerad ricinolja<\/strong> har en mild desinficerande effekt, som effektivt kan ta bort oral lukt och f\u00f6rb\u00e4ttra munmilj\u00f6n. <\/p>\n\n\n\n<p>Dessutom, <strong>jordgubbe, apelsin, kanel, gr\u00f6nt te, mynta och andra smaker<\/strong> kan ge en fr\u00e4sch smak och hj\u00e4lpa till att lindra munbesv\u00e4r.<\/p>\n\n\n\n<h2 class=\"wp-block-heading\">Till\u00e4mpliga scenarier<\/h2>\n\n\n\n<p>Nystatin munvatten kan anv\u00e4ndas i en m\u00e4ngd olika scenarier, speciellt vid f\u00f6ljande tillf\u00e4llen: <\/p>\n\n\n\n<p>1. efter m\u00e5ltider, f\u00f6r att effektivt reng\u00f6ra matrester och h\u00e5lla andan fr\u00e4sch; <\/p>\n\n\n\n<p>2. efter att ha stannat uppe hela natten och r\u00f6kt, f\u00f6r att minska d\u00e5lig andedr\u00e4kt och ta hand om t\u00e4ndernas h\u00e4lsa; <\/p>\n\n\n\n<p>3. vid speciella tillf\u00e4llen s\u00e5som br\u00f6llop, intervjuer etc., f\u00f6r att h\u00e5lla andan frisk; <\/p>\n\n\n\n<p>4. efter behandling av munsjukdomar, f\u00f6r att hj\u00e4lpa till med reng\u00f6ring av munh\u00e5lan.<\/p>\n\n\n\n<h2 class=\"wp-block-heading\">Vem \u00e4r Nystatin Munvatten f\u00f6r<\/h2>\n\n\n\n<p>Nystatin Munvatten \u00e4r l\u00e4mplig f\u00f6r ett brett spektrum av m\u00e4nniskor, speciellt rekommenderat f\u00f6r f\u00f6ljande konsumenter: <\/p>\n\n\n\n<p>1. personer som besv\u00e4ras av oral lukt, s\u00e5som r\u00f6kare, stannar ofta uppe sent. <\/p>\n\n\n\n<p>2. personer med k\u00e4nsliga t\u00e4nder, m\u00e5ste f\u00f6rsiktigt reng\u00f6ra folkmassan; <\/p>\n\n\n\n<p>3. Diabetespatienter, p\u00e5 grund av den h\u00f6ga risken f\u00f6r tandlossning, m\u00e5ste \u00e4gna s\u00e4rskild uppm\u00e4rksamhet \u00e5t munv\u00e5rd; <\/p>\n\n\n\n<p>4. gillar att prova en ny typ av munv\u00e5rdsprodukter f\u00f6r konsumenterna att njuta av! Nystatin munvatten ger munh\u00e4lsa.<\/p>\n\n\n\n<h2 class=\"wp-block-heading\">Produktionsprocess<\/h2>\n\n\n\n<p>F\u00f6r att s\u00e4kerst\u00e4lla kvaliteten p\u00e5 munvatten fr\u00e5n nystatin anv\u00e4nder vi f\u00f6ljande speciella produktionsprocess: <\/p>\n\n\n\n<p>1. Strikt screening av mykofenolsyra och PEG-40 hydrerad ricinolja r\u00e5varor f\u00f6r att s\u00e4kerst\u00e4lla deras renhet och kvalitet; <\/p>\n\n\n\n<p>2. Exakt kontroll av m\u00e4ngden tillsatta r\u00e5varor f\u00f6r att s\u00e4kerst\u00e4lla att produkten \u00e4r s\u00e4ker och effektiv; <\/p>\n\n\n\n<p>3. Anv\u00e4ndningen av l\u00e5gtemperaturblandningsteknik, r\u00e5varorna f\u00f6r att helt frig\u00f6ra aktiviteten hos den aseptiska fyllningen f\u00f6r att s\u00e4kerst\u00e4lla att produkten \u00e4r s\u00e4ker och hygienisk. <\/p>\n\n\n\n<p>4. Fullst\u00e4ndig kvalitetskontroll f\u00f6r att s\u00e4kerst\u00e4lla att produkten \u00e4r s\u00e4ker och hygienisk; <\/p>\n\n\n\n<p>5. Hela processen med kvalitetskontroll f\u00f6r att s\u00e4kerst\u00e4lla att varje flaska Nystatin Munvatten uppfyller de nationella standarderna. <\/p>\n\n\n\n<p>Genom ovanst\u00e5ende process ger vi dig en h\u00f6gkvalitativ och p\u00e5litlig munv\u00e5rdsprodukt.<\/p>","protected":false},"excerpt":{"rendered":"Common Formulas The core ingredient of Nystatin Mouthwash, mycotoxin, is a broad-spectrum antimicrobial agent that can effectively inhibit the growth of bacteria in the mouth and prevent oral diseases. It is harmless to human body and suitable for long-term use. PEG-40 hydrogenated castor oil has a mild disinfectant effect, which can effectively remove oral odor [&hellip;]","protected":false},"featured_media":698,"menu_order":0,"template":"","meta":[],"product-tag":[201,206,207,208,212,213,216],"products":[72],"class_list":["post-692","product","type-product","status-publish","has-post-thumbnail","hentry","product-tag-mouthwash-manufacturer","product-tag-mouthwash-companies","product-tag-mouthwash-factory","product-tag-mouthwash-suppliers","product-tag-mouthwash-contract-manufacturer","product-tag-antiseptic-mouthwashes-manufacturer","product-tag-private-label-mouthwash-manufacturers","products-mouthwash"],"acf":[],"_links":{"self":[{"href":"https:\/\/www.ruiqigo.com\/sv\/wp-json\/wp\/v2\/product\/692","targetHints":{"allow":["GET"]}}],"collection":[{"href":"https:\/\/www.ruiqigo.com\/sv\/wp-json\/wp\/v2\/product"}],"about":[{"href":"https:\/\/www.ruiqigo.com\/sv\/wp-json\/wp\/v2\/types\/product"}],"version-history":[{"count":0,"href":"https:\/\/www.ruiqigo.com\/sv\/wp-json\/wp\/v2\/product\/692\/revisions"}],"wp:featuredmedia":[{"embeddable":true,"href":"https:\/\/www.ruiqigo.com\/sv\/wp-json\/wp\/v2\/media\/698"}],"wp:attachment":[{"href":"https:\/\/www.ruiqigo.com\/sv\/wp-json\/wp\/v2\/media?parent=692"}],"wp:term":[{"taxonomy":"product-tag","embeddable":true,"href":"https:\/\/www.ruiqigo.com\/sv\/wp-json\/wp\/v2\/product-tag?post=692"},{"taxonomy":"products","embeddable":true,"href":"https:\/\/www.ruiqigo.com\/sv\/wp-json\/wp\/v2\/products?post=692"}],"curies":[{"name":"wp","href":"https:\/\/api.w.org\/{rel}","templated":true}]}}