{"id":693,"date":"2024-07-25T17:01:57","date_gmt":"2024-07-25T09:01:57","guid":{"rendered":"https:\/\/ruiqigo.com\/?post_type=product&#038;p=693"},"modified":"2024-11-01T14:20:14","modified_gmt":"2024-11-01T06:20:14","slug":"cinnamon-breath-spray","status":"publish","type":"product","link":"https:\/\/www.ruiqigo.com\/sv\/product\/cinnamon-breath-spray","title":{"rendered":"Kanel andedr\u00e4kt Spray"},"content":{"rendered":"<h2 class=\"wp-block-heading\">Cinnamon Breath spray som tillverkar vanliga formler<\/h2>\n\n\n\n<p>K\u00e4rningredienserna i Cinnamon Breath Spray, inklusive Melaleuca alternifolia bladolja, tebladsextrakt, myrraolja och kanelolja, har en unik och uppfriskande arom. Dessa ingredienser kan effektivt h\u00e4mma tillv\u00e4xten av bakterier i munnen och f\u00f6rhindra orala sjukdomar. Tebladsextrakt, som \u00e4r rikt p\u00e5 antioxidanter, kan effektivt ta bort oral lukt, medan myrraolja och kanelolja har starka antibakteriella effekter, vilket hj\u00e4lper till att f\u00f6rb\u00e4ttra munmilj\u00f6n.<\/p>\n\n\n\n<h2 class=\"wp-block-heading\">Cinnamon Breath spray till\u00e4mpliga scenarier<\/h2>\n\n\n\n<p>Cinnamon Breath Spray kan anv\u00e4ndas i en m\u00e4ngd olika scenarier, speciellt vid f\u00f6ljande tillf\u00e4llen: <\/p>\n\n\n\n<p>1. efter m\u00e5ltider, f\u00f6r att effektivt reng\u00f6ra matrester och h\u00e5lla fr\u00e4sch andedr\u00e4kt; <\/p>\n\n\n\n<p>2. efter att ha stannat uppe hela natten och r\u00f6kt, f\u00f6r att minska lukten av munnen och ta hand om t\u00e4ndernas h\u00e4lsa; <\/p>\n\n\n\n<p>3. vid speciella tillf\u00e4llen s\u00e5som br\u00f6llop, intervjuer, etc., f\u00f6r att h\u00e5lla andan frisk; <\/p>\n\n\n\n<p>4. efter behandling av munsjukdomar, f\u00f6r att hj\u00e4lpa till med reng\u00f6ring av munh\u00e5lan.<\/p>\n\n\n\n<h2 class=\"wp-block-heading\">Vem \u00e4r Cinnamon Breath spray l\u00e4mplig f\u00f6r<\/h2>\n\n\n\n<p>Cinnamon Breath Spray \u00e4r l\u00e4mplig f\u00f6r ett brett spektrum av m\u00e4nniskor, speciellt rekommenderat f\u00f6r f\u00f6ljande konsumenter: <\/p>\n\n\n\n<p>1. personer som besv\u00e4ras av oral lukt, s\u00e5som r\u00f6kare, personer som ofta stannar uppe sent p\u00e5 natten; <\/p>\n\n\n\n<p>2. personer som har k\u00e4nsliga t\u00e4nder och beh\u00f6ver en skonsam reng\u00f6ring; <\/p>\n\n\n\n<p>3. Diabetespatienter som l\u00f6per h\u00f6g risk f\u00f6r tandlossning och beh\u00f6ver \u00e4gna s\u00e4rskild uppm\u00e4rksamhet \u00e5t munv\u00e5rd; <\/p>\n\n\n\n<p>4. konsumenter som gillar att prova nya munv\u00e5rdsprodukter och njuta av f\u00f6rdelarna med Cinnamon Breath Spray. Cinnamon Breath Spray ger munh\u00e4lsa.<\/p>\n\n\n\n<h2 class=\"wp-block-heading\">Produktionsprocess f\u00f6r Cinnamon Breath spray<\/h2>\n\n\n\n<p>Som en professionell Cinnamon Breath-spraytillverkare anv\u00e4nder vi f\u00f6ljande speciella produktionsprocess: <\/p>\n\n\n\n<p>1. Kontrollera noggrant r\u00e5varorna fr\u00e5n Melaleuca alternifolia-bladolja, tebladsextrakt, myrraolja och kanelolja f\u00f6r att s\u00e4kerst\u00e4lla deras renhet och kvalitet; <\/p>\n\n\n\n<p>2. Kontrollera noggrant m\u00e4ngden tillsatta r\u00e5varor f\u00f6r att s\u00e4kerst\u00e4lla att produkten \u00e4r s\u00e4ker och effektiv; <\/p>\n\n\n\n<p>3. Att anta blandningsteknik vid l\u00e5g temperatur f\u00f6r att helt frig\u00f6ra aktiviteten hos r\u00e5varor; <\/p>\n\n\n\n<p>4. Aseptisk fyllning f\u00f6r att s\u00e4kerst\u00e4lla att produkten \u00e4r s\u00e4ker och hygienisk;  <\/p>\n\n\n\n<p>5. Fullst\u00e4ndig kvalitetskontroll f\u00f6r att s\u00e4kerst\u00e4lla att varje flaska Cinnamon Breath Spray uppfyller de nationella standarderna. <\/p>\n\n\n\n<p>Genom ovanst\u00e5ende process, som en v\u00e4rdig Cinnamon Breath spraytillverkare, ger vi dig en h\u00f6gkvalitativ och p\u00e5litlig munv\u00e5rdsprodukt.<\/p>","protected":false},"excerpt":{"rendered":"Cinnamon Breath spray manufacturing common formulas The core ingredients of Cinnamon Breath Spray, including Melaleuca alternifolia leaf oil, tea leaf extract, myrrh oil and cinnamon oil, have a unique and refreshing aroma. These ingredients can effectively inhibit the growth of bacteria in the mouth and prevent oral diseases. Tea leaf extract, which is rich in [&hellip;]","protected":false},"featured_media":694,"menu_order":0,"template":"","meta":[],"product-tag":[],"products":[73],"class_list":["post-693","product","type-product","status-publish","has-post-thumbnail","hentry","products-breath-spray"],"acf":[],"_links":{"self":[{"href":"https:\/\/www.ruiqigo.com\/sv\/wp-json\/wp\/v2\/product\/693","targetHints":{"allow":["GET"]}}],"collection":[{"href":"https:\/\/www.ruiqigo.com\/sv\/wp-json\/wp\/v2\/product"}],"about":[{"href":"https:\/\/www.ruiqigo.com\/sv\/wp-json\/wp\/v2\/types\/product"}],"version-history":[{"count":0,"href":"https:\/\/www.ruiqigo.com\/sv\/wp-json\/wp\/v2\/product\/693\/revisions"}],"wp:featuredmedia":[{"embeddable":true,"href":"https:\/\/www.ruiqigo.com\/sv\/wp-json\/wp\/v2\/media\/694"}],"wp:attachment":[{"href":"https:\/\/www.ruiqigo.com\/sv\/wp-json\/wp\/v2\/media?parent=693"}],"wp:term":[{"taxonomy":"product-tag","embeddable":true,"href":"https:\/\/www.ruiqigo.com\/sv\/wp-json\/wp\/v2\/product-tag?post=693"},{"taxonomy":"products","embeddable":true,"href":"https:\/\/www.ruiqigo.com\/sv\/wp-json\/wp\/v2\/products?post=693"}],"curies":[{"name":"wp","href":"https:\/\/api.w.org\/{rel}","templated":true}]}}