{"id":702,"date":"2024-07-25T20:34:12","date_gmt":"2024-07-25T12:34:12","guid":{"rendered":"https:\/\/ruiqigo.com\/?post_type=product&#038;p=702"},"modified":"2025-09-03T15:21:59","modified_gmt":"2025-09-03T07:21:59","slug":"biotin-mouthwash","status":"publish","type":"product","link":"https:\/\/www.ruiqigo.com\/sv\/product\/biotin-mouthwash","title":{"rendered":"Biotin munvatten"},"content":{"rendered":"<h2 class=\"wp-block-heading\">Vanliga formler<\/h2>\n\n\n\n<p>Biotin Mouthwashs k\u00e4rningrediens, PEG-40 Hydrogenated Castor Oil, har en mild desinficerande effekt, som effektivt kan ta bort oral lukt och f\u00f6rb\u00e4ttra munmilj\u00f6n. <\/p>\n\n\n\n<p>Biotin \u00e4r ett vitamin B-komplex, som kan fr\u00e4mja reparationen av munslemhinnan, f\u00f6rb\u00e4ttra oral immunitet och f\u00f6rhindra orala sjukdomar. <\/p>\n\n\n\n<p>Dessutom kan jordgubb, apelsin, kanel, gr\u00f6nt te, mynta och andra smaker ge en fr\u00e4sch smak och hj\u00e4lpa till att lindra obehag i munnen.<\/p>\n\n\n\n<h2 class=\"wp-block-heading\">Till\u00e4mpliga scenarier<\/h2>\n\n\n\n<p>Biotin munvatten kan anv\u00e4ndas i en m\u00e4ngd olika scenarier, speciellt vid f\u00f6ljande tillf\u00e4llen: <\/p>\n\n\n\n<p>1. efter m\u00e5ltider, f\u00f6r att effektivt reng\u00f6ra matrester och h\u00e5lla andan fr\u00e4sch; <\/p>\n\n\n\n<p>2. efter att ha stannat uppe hela natten och r\u00f6kt, f\u00f6r att lindra den d\u00e5liga smaken i munnen och ta hand om t\u00e4ndernas h\u00e4lsa; <\/p>\n\n\n\n<p>3. vid speciella tillf\u00e4llen s\u00e5som br\u00f6llop, intervjuer etc., f\u00f6r att h\u00e5lla andan frisk; <\/p>\n\n\n\n<p>4. efter behandling av munsjukdomar, f\u00f6r att hj\u00e4lpa till med reng\u00f6ring av munh\u00e5lan.<\/p>\n\n\n\n<h2 class=\"wp-block-heading\">Vem \u00e4r Biotin Munvatten f\u00f6r<\/h2>\n\n\n\n<p>Biotin Munvatten \u00e4r l\u00e4mplig f\u00f6r ett brett spektrum av m\u00e4nniskor, speciellt rekommenderat f\u00f6r f\u00f6ljande konsumenter: <\/p>\n\n\n\n<p>1. personer som besv\u00e4ras av oral lukt, s\u00e5som r\u00f6kare, personer som ofta stannar uppe sent; <\/p>\n\n\n\n<p>2. personer som har k\u00e4nsliga t\u00e4nder och beh\u00f6ver reng\u00f6ra dem f\u00f6rsiktigt; <\/p>\n\n\n\n<p>3. personer med diabetes, som l\u00f6per h\u00f6g risk f\u00f6r tandlossning och beh\u00f6ver \u00e4gna s\u00e4rskild uppm\u00e4rksamhet \u00e5t munv\u00e5rd; <\/p>\n\n\n\n<p>4. Konsumenter som gillar att prova nya munv\u00e5rdsprodukter f\u00f6r att dra nytta av de munh\u00e4lsof\u00f6rdelar som Biotin Mouthwash ger; <\/p>\n\n\n\n<p>5. Konsumenter som gillar att prova nya munv\u00e5rdsprodukter f\u00f6r att dra nytta av de munh\u00e4lsof\u00f6rdelar som Biotin Mouthwash ger. Munvatten ger munh\u00e4lsa.<\/p>\n\n\n\n<h2 class=\"wp-block-heading\">Produktionsprocess<\/h2>\n\n\n\n<p>F\u00f6r att s\u00e4kerst\u00e4lla kvaliteten p\u00e5 Biotin Mouthwash anv\u00e4nder vi f\u00f6ljande speciella produktionsprocess: <\/p>\n\n\n\n<p>1. Strikt screena r\u00e5varorna av PEG-40 hydrerad ricinolja och biotin f\u00f6r att s\u00e4kerst\u00e4lla deras renhet och kvalitet; <\/p>\n\n\n\n<p>2. Kontrollera noggrant m\u00e4ngden tillsatta r\u00e5varor f\u00f6r att s\u00e4kerst\u00e4lla att produkten \u00e4r s\u00e4ker och effektiv; <\/p>\n\n\n\n<p>3. Anv\u00e4nd l\u00e5gtemperaturblandningstekniken f\u00f6r att helt frig\u00f6ra r\u00e5varornas aktivitet; <\/p>\n\n\n\n<p>4. Aseptisk fyllning, f\u00f6r att s\u00e4kerst\u00e4lla att produkten \u00e4r s\u00e4ker och hygienisk; <\/p>\n\n\n\n<p>5. Fullst\u00e4ndig kvalitetskontroll f\u00f6r att s\u00e4kerst\u00e4lla att varje flaska Biotin Munvatten uppfyller den nationella standarden. Genom ovanst\u00e5ende process ger vi dig en h\u00f6gkvalitativ och p\u00e5litlig munv\u00e5rdsprodukt.<\/p>","protected":false},"excerpt":{"rendered":"Common Formulas Biotin Mouthwash&#8217;s core ingredient, PEG-40 Hydrogenated Castor Oil, has a mild disinfecting effect, which can effectively remove oral odor and improve the oral environment. Biotin is a vitamin B complex, which can promote the repair of oral mucosa, improve oral immunity and prevent oral diseases. In addition, strawberry, orange, cinnamon, green tea, mint [&hellip;]","protected":false},"featured_media":703,"menu_order":0,"template":"","meta":[],"product-tag":[201,206,208,211,212,216],"products":[72],"class_list":["post-702","product","type-product","status-publish","has-post-thumbnail","hentry","product-tag-mouthwash-manufacturer","product-tag-mouthwash-companies","product-tag-mouthwash-suppliers","product-tag-alkaline-mouthwash-manufacturer","product-tag-mouthwash-contract-manufacturer","product-tag-private-label-mouthwash-manufacturers","products-mouthwash"],"acf":[],"_links":{"self":[{"href":"https:\/\/www.ruiqigo.com\/sv\/wp-json\/wp\/v2\/product\/702","targetHints":{"allow":["GET"]}}],"collection":[{"href":"https:\/\/www.ruiqigo.com\/sv\/wp-json\/wp\/v2\/product"}],"about":[{"href":"https:\/\/www.ruiqigo.com\/sv\/wp-json\/wp\/v2\/types\/product"}],"version-history":[{"count":0,"href":"https:\/\/www.ruiqigo.com\/sv\/wp-json\/wp\/v2\/product\/702\/revisions"}],"wp:featuredmedia":[{"embeddable":true,"href":"https:\/\/www.ruiqigo.com\/sv\/wp-json\/wp\/v2\/media\/703"}],"wp:attachment":[{"href":"https:\/\/www.ruiqigo.com\/sv\/wp-json\/wp\/v2\/media?parent=702"}],"wp:term":[{"taxonomy":"product-tag","embeddable":true,"href":"https:\/\/www.ruiqigo.com\/sv\/wp-json\/wp\/v2\/product-tag?post=702"},{"taxonomy":"products","embeddable":true,"href":"https:\/\/www.ruiqigo.com\/sv\/wp-json\/wp\/v2\/products?post=702"}],"curies":[{"name":"wp","href":"https:\/\/api.w.org\/{rel}","templated":true}]}}