{"id":708,"date":"2024-07-25T20:42:48","date_gmt":"2024-07-25T12:42:48","guid":{"rendered":"https:\/\/ruiqigo.com\/?post_type=product&#038;p=708"},"modified":"2024-11-01T14:19:30","modified_gmt":"2024-11-01T06:19:30","slug":"xylitol-breath-spray","status":"publish","type":"product","link":"https:\/\/www.ruiqigo.com\/sv\/product\/xylitol-breath-spray","title":{"rendered":"Xylitol andningsspray"},"content":{"rendered":"<h2 class=\"wp-block-heading\">Vanliga formler f\u00f6r tillverkning av Xylitol-andningsspray<\/h2>\n\n\n\n<p>K\u00e4rningrediensen i Xylitol Breath Spray, xylitol, \u00e4r ett naturligt s\u00f6tningsmedel med kariesf\u00f6rebyggande egenskaper. Xylitol h\u00e4mmar tillv\u00e4xten av kariesframkallande bakterier i munnen och minskar plackbildningen, vilket minskar risken f\u00f6r karies. Dessutom kan xylitol ge en fr\u00e4sch smak, f\u00f6rb\u00e4ttra munmilj\u00f6n och ta hand om tandh\u00e4lsan.<\/p>\n\n\n\n<h2 class=\"wp-block-heading\">Till\u00e4mpliga scenarier f\u00f6r Xylitol andningsspray<\/h2>\n\n\n\n<p>Xylitol Andningsspray kan anv\u00e4ndas i en m\u00e4ngd olika situationer, s\u00e4rskilt i f\u00f6ljande fall: <\/p>\n\n\n\n<p>1. Reng\u00f6r effektivt matrester efter m\u00e5ltider och h\u00e5ll andan fr\u00e4sch; <\/p>\n\n\n\n<p>2. efter att ha varit uppe sent, r\u00f6kt, minska den d\u00e5liga smaken i munnen, ta hand om t\u00e4ndernas h\u00e4lsa; <\/p>\n\n\n\n<p>3. speciella tillf\u00e4llen, s\u00e5som br\u00f6llop, jobbintervjuer etc., f\u00f6r att h\u00e5lla andedr\u00e4kten fr\u00e4sch; <\/p>\n\n\n\n<p>4. efter behandling av munsjukdomar, f\u00f6r att hj\u00e4lpa till med reng\u00f6ring av munh\u00e5lan.<\/p>\n\n\n\n<h2 class=\"wp-block-heading\">Vem \u00e4r Xylitol andningsspray l\u00e4mplig f\u00f6r<\/h2>\n\n\n\n<p>Xylitol Andningsspray passar f\u00f6r en m\u00e4ngd olika m\u00e4nniskor och rekommenderas s\u00e4rskilt f\u00f6r f\u00f6ljande konsumenter: <\/p>\n\n\n\n<p>1. personer som besv\u00e4ras av oral lukt, s\u00e5som r\u00f6kare, personer som ofta stannar uppe sent p\u00e5 natten; <\/p>\n\n\n\n<p>2. personer som har k\u00e4nsliga t\u00e4nder och beh\u00f6ver en skonsam reng\u00f6ring; <\/p>\n\n\n\n<p>3. Diabetespatienter som l\u00f6per h\u00f6g risk f\u00f6r tandlossning och beh\u00f6ver \u00e4gna s\u00e4rskild uppm\u00e4rksamhet \u00e5t munv\u00e5rd; <\/p>\n\n\n\n<p>4. konsumenter som gillar att prova nya munv\u00e5rdsprodukter f\u00f6r att njuta av produktens f\u00f6rdelar. Xylitol Breath Spray ger munh\u00e4lsa.<\/p>\n\n\n\n<h2 class=\"wp-block-heading\">Produktionsprocess f\u00f6r xylitol-andningsspray<\/h2>\n\n\n\n<p>Som en v\u00e4rdig tillverkare av Xylitol-andningsspray anv\u00e4nder vi f\u00f6ljande speciella produktionsprocess: <\/p>\n\n\n\n<p>1. Strikt screening av xylitolr\u00e5varor f\u00f6r att s\u00e4kerst\u00e4lla dess renhet och kvalitet; <\/p>\n\n\n\n<p>2. noggrann kontroll av m\u00e4ngden tillsatt xylitol f\u00f6r att s\u00e4kerst\u00e4lla produktens s\u00e4kerhet och effektivitet;<\/p>\n\n\n\n<p>3. anv\u00e4ndning av l\u00e5gtemperaturblandningsteknik, fullst\u00e4ndig fris\u00e4ttning av xylitols aktivitet; <\/p>\n\n\n\n<p>4. Aseptisk fyllning f\u00f6r att s\u00e4kerst\u00e4lla att produkten \u00e4r s\u00e4ker och hygienisk. <\/p>\n\n\n\n<p>5. hela kvalitetskontrollprocessen. S\u00e4kerst\u00e4ll att varje flaska Xylitol Breath Spray uppfyller den nationella standarden.<\/p>\n\n\n\n<p>Genom ovanst\u00e5ende process, som en professionell tillverkare av Xylitol andningsspray, kan vi erbjuda dig en h\u00f6gkvalitativ och p\u00e5litlig munv\u00e5rdsprodukt.<\/p>","protected":false},"excerpt":{"rendered":"Xylitol breath spray manufacturing common formulas Xylitol Breath Spray&#8217;s core ingredient, xylitol, is a natural sweetener with anti-cavity properties. Xylitol inhibits the growth of caries-causing bacteria in the mouth and reduces the formation of plaque, thus reducing the incidence of tooth decay. In addition, xylitol can provide a fresh taste, improve the oral environment and [&hellip;]","protected":false},"featured_media":713,"menu_order":0,"template":"","meta":[],"product-tag":[],"products":[73],"class_list":["post-708","product","type-product","status-publish","has-post-thumbnail","hentry","products-breath-spray"],"acf":[],"_links":{"self":[{"href":"https:\/\/www.ruiqigo.com\/sv\/wp-json\/wp\/v2\/product\/708","targetHints":{"allow":["GET"]}}],"collection":[{"href":"https:\/\/www.ruiqigo.com\/sv\/wp-json\/wp\/v2\/product"}],"about":[{"href":"https:\/\/www.ruiqigo.com\/sv\/wp-json\/wp\/v2\/types\/product"}],"version-history":[{"count":0,"href":"https:\/\/www.ruiqigo.com\/sv\/wp-json\/wp\/v2\/product\/708\/revisions"}],"wp:featuredmedia":[{"embeddable":true,"href":"https:\/\/www.ruiqigo.com\/sv\/wp-json\/wp\/v2\/media\/713"}],"wp:attachment":[{"href":"https:\/\/www.ruiqigo.com\/sv\/wp-json\/wp\/v2\/media?parent=708"}],"wp:term":[{"taxonomy":"product-tag","embeddable":true,"href":"https:\/\/www.ruiqigo.com\/sv\/wp-json\/wp\/v2\/product-tag?post=708"},{"taxonomy":"products","embeddable":true,"href":"https:\/\/www.ruiqigo.com\/sv\/wp-json\/wp\/v2\/products?post=708"}],"curies":[{"name":"wp","href":"https:\/\/api.w.org\/{rel}","templated":true}]}}